{"id":10574,"date":"2025-07-10T13:17:23","date_gmt":"2025-07-10T13:17:23","guid":{"rendered":"https:\/\/muvluxe.com\/product\/prm-smoke-grey-elephant\/"},"modified":"2025-10-15T12:26:43","modified_gmt":"2025-10-15T12:26:43","slug":"prm-smoke-grey-elephant","status":"publish","type":"product","link":"https:\/\/muvluxe.com\/it\/prodotto\/prm-smoke-grey-elephant\/","title":{"rendered":"PRM Smoke Grey Elephant"},"content":{"rendered":"<p>Rosolare il colore&nbsp;<strong>AC<\/strong>, tra i pi\u00f9 apprezzati del marchio, attraverso la silhouette del&nbsp;<strong>Air Jordan 1 Low<\/strong>.<\/p>\n<p>L\u00e0&nbsp;<strong>Air Jordan 1 Low OG UNC (2022)<\/strong>&nbsp;si d\u00e0 un aspetto abbastanza classico a prima vista con una base in&nbsp;<strong>Pelle bianca liscia<\/strong>&nbsp;e sovrapposizioni in&nbsp;<strong>pelle nera<\/strong>. Il tocco di colore azzurro portato dal rinforzo, branding la lingua e la suola si riferisce all\u2019Universit\u00e0 dell\u2019Unione&nbsp;<strong>Carolina del Nord<\/strong>&nbsp;che ha dato alla luce la leggenda di&nbsp;<strong>Michael Jordan<\/strong>&nbsp;Prima di unirsi all\u2019accusa&nbsp;<strong>NBA<\/strong>.<\/p>\n<p>Con questa nuova versione estiva, il&nbsp;<strong>Aj1 Low<\/strong>&nbsp;rendere omaggio all\u2019inizio della carriera di&nbsp;<strong>MJ23<\/strong>.<\/p>","protected":false},"excerpt":{"rendered":"<p>Rosolare il colore&nbsp;AC, tra i pi\u00f9 apprezzati del marchio, attraverso la silhouette del&nbsp;Air Jordan 1 Low. L\u00e0&nbsp;Air Jordan 1 Low OG UNC (2022)&nbsp;si d\u00e0 un aspetto abbastanza classico a prima vista con una base in&nbsp;Pelle bianca liscia&nbsp;e sovrapposizioni in&nbsp;pelle nera. Il tocco di colore azzurro portato dal rinforzo, branding la lingua e la suola si [&hellip;]<\/p>\n","protected":false},"featured_media":10571,"template":"","meta":[],"product_brand":[292],"product_cat":[294,15,293],"product_tag":[],"class_list":{"0":"post-10574","1":"product","2":"type-product","3":"status-publish","4":"has-post-thumbnail","6":"product_brand-air-jordan","7":"product_cat-air-jordan-1","8":"product_cat-all","9":"product_cat-sneakers","11":"first","12":"instock","13":"sale","14":"shipping-taxable","15":"purchasable","16":"product-type-variable"},"jetpack_sharing_enabled":true,"_links":{"self":[{"href":"https:\/\/muvluxe.com\/it\/wp-json\/wp\/v2\/product\/10574","targetHints":{"allow":["GET"]}}],"collection":[{"href":"https:\/\/muvluxe.com\/it\/wp-json\/wp\/v2\/product"}],"about":[{"href":"https:\/\/muvluxe.com\/it\/wp-json\/wp\/v2\/types\/product"}],"wp:featuredmedia":[{"embeddable":true,"href":"https:\/\/muvluxe.com\/it\/wp-json\/wp\/v2\/media\/10571"}],"wp:attachment":[{"href":"https:\/\/muvluxe.com\/it\/wp-json\/wp\/v2\/media?parent=10574"}],"wp:term":[{"taxonomy":"product_brand","embeddable":true,"href":"https:\/\/muvluxe.com\/it\/wp-json\/wp\/v2\/product_brand?post=10574"},{"taxonomy":"product_cat","embeddable":true,"href":"https:\/\/muvluxe.com\/it\/wp-json\/wp\/v2\/product_cat?post=10574"},{"taxonomy":"product_tag","embeddable":true,"href":"https:\/\/muvluxe.com\/it\/wp-json\/wp\/v2\/product_tag?post=10574"}],"curies":[{"name":"wp","href":"https:\/\/api.w.org\/{rel}","templated":true}]}}