{"id":10618,"date":"2025-07-10T13:17:39","date_gmt":"2025-07-10T13:17:39","guid":{"rendered":"https:\/\/muvluxe.com\/product\/golf-shattered-backboard\/"},"modified":"2025-10-15T12:26:09","modified_gmt":"2025-10-15T12:26:09","slug":"golf-shattered-backboard","status":"publish","type":"product","link":"https:\/\/muvluxe.com\/it\/prodotto\/golf-shattered-backboard\/","title":{"rendered":"Golf Shattered Backboard"},"content":{"rendered":"<div class=\"styles_head__ScAK7\">\n<p>Il gigante dell\u2019abbigliamento sportivo continua a trarre ispirazione dai colori pi\u00f9 emblematici di&nbsp;<strong>Jordan Brand<\/strong>. Dopo edizioni&nbsp;<strong>Chicago<\/strong>&nbsp;E&nbsp;<strong>AC<\/strong>, \u00e8 la svolta leggendaria&nbsp;<strong>Shattered Backboard<\/strong>&nbsp;Dal 2015!<\/p>\n<p>L\u00e0&nbsp;<strong>Air Jordan 1 Retro Low Golf Shattered Backboard<\/strong>&nbsp;\u00e8 adornato con una base in&nbsp;<strong>pelle bianca<\/strong>&nbsp;alla finitura a grana. Sovrapposizioni di&nbsp;<strong>camoscio nero<\/strong>&nbsp;Copri gli occhielli e il parafango, mentre la punta e il tallone presenta uno strato di&nbsp;<strong>Suede orange<\/strong>. UN&nbsp;<strong>Swoosh in pelle verniciata nera<\/strong>&nbsp;sublimati i pannelli e migliora l\u2019aspetto Retro. L\u2019intero set si basa su a&nbsp;<strong>suola bianca<\/strong>&nbsp;Alla suola defunta orange.<\/p>\n<p>Modello essenziale, il&nbsp;<strong>Air Jordan 1 Low<\/strong>&nbsp;\u00e8 un vero must-have che riconcilia lo stile e il comfort!<\/p>\n<\/div>","protected":false},"excerpt":{"rendered":"<p>Il gigante dell\u2019abbigliamento sportivo continua a trarre ispirazione dai colori pi\u00f9 emblematici di&nbsp;Jordan Brand. Dopo edizioni&nbsp;Chicago&nbsp;E&nbsp;AC, \u00e8 la svolta leggendaria&nbsp;Shattered Backboard&nbsp;Dal 2015! L\u00e0&nbsp;Air Jordan 1 Retro Low Golf Shattered Backboard&nbsp;\u00e8 adornato con una base in&nbsp;pelle bianca&nbsp;alla finitura a grana. Sovrapposizioni di&nbsp;camoscio nero&nbsp;Copri gli occhielli e il parafango, mentre la punta e il tallone presenta uno [&hellip;]<\/p>\n","protected":false},"featured_media":10615,"template":"","meta":[],"product_brand":[292],"product_cat":[294,15,293],"product_tag":[],"class_list":{"0":"post-10618","1":"product","2":"type-product","3":"status-publish","4":"has-post-thumbnail","6":"product_brand-air-jordan","7":"product_cat-air-jordan-1","8":"product_cat-all","9":"product_cat-sneakers","11":"first","12":"instock","13":"sale","14":"shipping-taxable","15":"purchasable","16":"product-type-variable"},"jetpack_sharing_enabled":true,"_links":{"self":[{"href":"https:\/\/muvluxe.com\/it\/wp-json\/wp\/v2\/product\/10618","targetHints":{"allow":["GET"]}}],"collection":[{"href":"https:\/\/muvluxe.com\/it\/wp-json\/wp\/v2\/product"}],"about":[{"href":"https:\/\/muvluxe.com\/it\/wp-json\/wp\/v2\/types\/product"}],"wp:featuredmedia":[{"embeddable":true,"href":"https:\/\/muvluxe.com\/it\/wp-json\/wp\/v2\/media\/10615"}],"wp:attachment":[{"href":"https:\/\/muvluxe.com\/it\/wp-json\/wp\/v2\/media?parent=10618"}],"wp:term":[{"taxonomy":"product_brand","embeddable":true,"href":"https:\/\/muvluxe.com\/it\/wp-json\/wp\/v2\/product_brand?post=10618"},{"taxonomy":"product_cat","embeddable":true,"href":"https:\/\/muvluxe.com\/it\/wp-json\/wp\/v2\/product_cat?post=10618"},{"taxonomy":"product_tag","embeddable":true,"href":"https:\/\/muvluxe.com\/it\/wp-json\/wp\/v2\/product_tag?post=10618"}],"curies":[{"name":"wp","href":"https:\/\/api.w.org\/{rel}","templated":true}]}}