{"id":10731,"date":"2025-07-10T13:18:42","date_gmt":"2025-07-10T13:18:42","guid":{"rendered":"https:\/\/muvluxe.com\/product\/aluminium\/"},"modified":"2025-10-15T12:26:06","modified_gmt":"2025-10-15T12:26:06","slug":"aluminium","status":"publish","type":"product","link":"https:\/\/muvluxe.com\/it\/prodotto\/aluminium\/","title":{"rendered":"Aluminium"},"content":{"rendered":"<p>Asta bassa di&nbsp;<strong>Air Jordan 1<\/strong>, L\u00e0&nbsp;<strong>Aj1 Low<\/strong>&nbsp;Risolvi in ??una declinazione pi\u00f9 leggera.<\/p>\n<p>L\u00e0&nbsp;<strong>Air Jordan 1 Low Aluminium<\/strong>&nbsp;offre una base in&nbsp;<strong>pelle bianca<\/strong>&nbsp;sublimato da sovrapposizioni in&nbsp;<strong>Pelle del cielo blu<\/strong>. Questa associazione di colori ricorda ovviamente i colori&nbsp;<strong>AC<\/strong>&nbsp;del marchio. IL design \u00e8 completato da un logo&nbsp;<strong>Ali<\/strong>&nbsp;Sul tallone, un middow bianco e una suola blu cielo, che occupa il codice colore della tomaia.<\/p>\n<p>Con questa nuova versione del Air Jordan 1 Low,&nbsp;<strong>Il marchio del Jumpman<\/strong>&nbsp;offre una versione delicata \u00e8 vicino al<strong>Air Jordan 1 Low Alluminio grigio da calcio<\/strong>.<\/p>","protected":false},"excerpt":{"rendered":"<p>Asta bassa di&nbsp;Air Jordan 1, L\u00e0&nbsp;Aj1 Low&nbsp;Risolvi in ??una declinazione pi\u00f9 leggera. L\u00e0&nbsp;Air Jordan 1 Low Aluminium&nbsp;offre una base in&nbsp;pelle bianca&nbsp;sublimato da sovrapposizioni in&nbsp;Pelle del cielo blu. Questa associazione di colori ricorda ovviamente i colori&nbsp;AC&nbsp;del marchio. IL design \u00e8 completato da un logo&nbsp;Ali&nbsp;Sul tallone, un middow bianco e una suola blu cielo, che occupa il [&hellip;]<\/p>\n","protected":false},"featured_media":10727,"template":"","meta":[],"product_brand":[292],"product_cat":[294,15,293],"product_tag":[],"class_list":{"0":"post-10731","1":"product","2":"type-product","3":"status-publish","4":"has-post-thumbnail","6":"product_brand-air-jordan","7":"product_cat-air-jordan-1","8":"product_cat-all","9":"product_cat-sneakers","11":"first","12":"instock","13":"sale","14":"shipping-taxable","15":"purchasable","16":"product-type-variable"},"jetpack_sharing_enabled":true,"_links":{"self":[{"href":"https:\/\/muvluxe.com\/it\/wp-json\/wp\/v2\/product\/10731","targetHints":{"allow":["GET"]}}],"collection":[{"href":"https:\/\/muvluxe.com\/it\/wp-json\/wp\/v2\/product"}],"about":[{"href":"https:\/\/muvluxe.com\/it\/wp-json\/wp\/v2\/types\/product"}],"wp:featuredmedia":[{"embeddable":true,"href":"https:\/\/muvluxe.com\/it\/wp-json\/wp\/v2\/media\/10727"}],"wp:attachment":[{"href":"https:\/\/muvluxe.com\/it\/wp-json\/wp\/v2\/media?parent=10731"}],"wp:term":[{"taxonomy":"product_brand","embeddable":true,"href":"https:\/\/muvluxe.com\/it\/wp-json\/wp\/v2\/product_brand?post=10731"},{"taxonomy":"product_cat","embeddable":true,"href":"https:\/\/muvluxe.com\/it\/wp-json\/wp\/v2\/product_cat?post=10731"},{"taxonomy":"product_tag","embeddable":true,"href":"https:\/\/muvluxe.com\/it\/wp-json\/wp\/v2\/product_tag?post=10731"}],"curies":[{"name":"wp","href":"https:\/\/api.w.org\/{rel}","templated":true}]}}