{"id":10797,"date":"2025-07-10T13:19:18","date_gmt":"2025-07-10T13:19:18","guid":{"rendered":"https:\/\/muvluxe.com\/product\/tartan-swoosh\/"},"modified":"2025-10-15T12:26:03","modified_gmt":"2025-10-15T12:26:03","slug":"tartan-swoosh","status":"publish","type":"product","link":"https:\/\/muvluxe.com\/it\/prodotto\/tartan-swoosh\/","title":{"rendered":"Tartan Swoosh"},"content":{"rendered":"<p>Per la stagione invernale,&nbsp;<strong>Jordan Brand<\/strong>&nbsp;e i suoi team creativi ci offrono una versione speciale della sua&nbsp;<strong>Aj1 Mid<\/strong>&nbsp;alle ispirazioni scozzesi!<\/p>\n<p>L\u00e0&nbsp;<strong>Air Jordan 1 Mid Tartan Swoosh<\/strong>&nbsp;\u00e8 adornato con una base in&nbsp;<strong>pelle beige buio<\/strong>&nbsp;alle sovrapposizioni di&nbsp;<strong>pelle nera<\/strong>. La sua particolarit\u00e0 si basa sui suoi swooshes in&nbsp;<strong>Tartano rosso controllato<\/strong>. Sul colletto, notiamo un logo Jordan Ali rosse che porta un tocco di contrasto con il tutto. Una suola bianca concessa ai lacci termina l\u2019aspetto alla moda.<\/p>\n<p>Sober e originale, il nuovo Midtop migliorer\u00e0 i tuoi bellissimi abiti della stagione!<\/p>","protected":false},"excerpt":{"rendered":"<p>Per la stagione invernale,&nbsp;Jordan Brand&nbsp;e i suoi team creativi ci offrono una versione speciale della sua&nbsp;Aj1 Mid&nbsp;alle ispirazioni scozzesi! L\u00e0&nbsp;Air Jordan 1 Mid Tartan Swoosh&nbsp;\u00e8 adornato con una base in&nbsp;pelle beige buio&nbsp;alle sovrapposizioni di&nbsp;pelle nera. La sua particolarit\u00e0 si basa sui suoi swooshes in&nbsp;Tartano rosso controllato. Sul colletto, notiamo un logo Jordan Ali rosse che [&hellip;]<\/p>\n","protected":false},"featured_media":10794,"template":"","meta":[],"product_brand":[292],"product_cat":[294,15,293],"product_tag":[],"class_list":{"0":"post-10797","1":"product","2":"type-product","3":"status-publish","4":"has-post-thumbnail","6":"product_brand-air-jordan","7":"product_cat-air-jordan-1","8":"product_cat-all","9":"product_cat-sneakers","11":"first","12":"instock","13":"sale","14":"shipping-taxable","15":"purchasable","16":"product-type-variable"},"jetpack_sharing_enabled":true,"_links":{"self":[{"href":"https:\/\/muvluxe.com\/it\/wp-json\/wp\/v2\/product\/10797","targetHints":{"allow":["GET"]}}],"collection":[{"href":"https:\/\/muvluxe.com\/it\/wp-json\/wp\/v2\/product"}],"about":[{"href":"https:\/\/muvluxe.com\/it\/wp-json\/wp\/v2\/types\/product"}],"wp:featuredmedia":[{"embeddable":true,"href":"https:\/\/muvluxe.com\/it\/wp-json\/wp\/v2\/media\/10794"}],"wp:attachment":[{"href":"https:\/\/muvluxe.com\/it\/wp-json\/wp\/v2\/media?parent=10797"}],"wp:term":[{"taxonomy":"product_brand","embeddable":true,"href":"https:\/\/muvluxe.com\/it\/wp-json\/wp\/v2\/product_brand?post=10797"},{"taxonomy":"product_cat","embeddable":true,"href":"https:\/\/muvluxe.com\/it\/wp-json\/wp\/v2\/product_cat?post=10797"},{"taxonomy":"product_tag","embeddable":true,"href":"https:\/\/muvluxe.com\/it\/wp-json\/wp\/v2\/product_tag?post=10797"}],"curies":[{"name":"wp","href":"https:\/\/api.w.org\/{rel}","templated":true}]}}