{"id":10864,"date":"2025-07-10T13:19:56","date_gmt":"2025-07-10T13:19:56","guid":{"rendered":"https:\/\/muvluxe.com\/product\/barely-rose\/"},"modified":"2025-10-15T12:24:56","modified_gmt":"2025-10-15T12:24:56","slug":"barely-rose","status":"publish","type":"product","link":"https:\/\/muvluxe.com\/it\/prodotto\/barely-rose\/","title":{"rendered":"Barely Rose"},"content":{"rendered":"<p>Jordan continua a sorprenderci con una nuova iterazione nei toni <strong>pastello<\/strong>&nbsp;molto apprezzato dalla comunit\u00e0. Un colore&nbsp;<strong>Appena PINK<\/strong>&nbsp;Chi \u00e8 tempestivo per l\u2019inizio della stagione estiva!<\/p>\n<p>L\u00e0&nbsp;<strong>Air Jordan 1 Mid Appena rose<\/strong>&nbsp;presenta una base in&nbsp;<strong>pelle<\/strong>&nbsp;bianco, abbinato a sovrapposizioni in&nbsp;<strong>pelle<\/strong>&nbsp;rose chiaro. Diversi promemoria neri sullo swoosh e sul&nbsp;<strong>Jumpman<\/strong>&nbsp;A livello di scheda offrire una leggera&nbsp;<strong>contrasto<\/strong>&nbsp;a tutti. Una suola rose Viene aggiunto una chiara e un\u2019intersuola bianca alla creazione.<\/p>\n<p>Un modello gi\u00e0 iconico, disponibile in una moltitudine di colori sempre pi\u00f9 sorprendenti e originali: questa \u00e8 la scommessa di&nbsp;<strong>Jordan<\/strong>&nbsp;per il suo&nbsp;<strong>Air Jordan 1 Mid<\/strong>&nbsp;!<\/p>","protected":false},"excerpt":{"rendered":"<p>Jordan continua a sorprenderci con una nuova iterazione nei toni pastello&nbsp;molto apprezzato dalla comunit\u00e0. Un colore&nbsp;Appena PINK&nbsp;Chi \u00e8 tempestivo per l\u2019inizio della stagione estiva! L\u00e0&nbsp;Air Jordan 1 Mid Appena rose&nbsp;presenta una base in&nbsp;pelle&nbsp;bianco, abbinato a sovrapposizioni in&nbsp;pelle&nbsp;rose chiaro. Diversi promemoria neri sullo swoosh e sul&nbsp;Jumpman&nbsp;A livello di scheda offrire una leggera&nbsp;contrasto&nbsp;a tutti. Una suola rose [&hellip;]<\/p>\n","protected":false},"featured_media":10860,"template":"","meta":[],"product_brand":[292],"product_cat":[294,15,293],"product_tag":[],"class_list":{"0":"post-10864","1":"product","2":"type-product","3":"status-publish","4":"has-post-thumbnail","6":"product_brand-air-jordan","7":"product_cat-air-jordan-1","8":"product_cat-all","9":"product_cat-sneakers","11":"first","12":"instock","13":"sale","14":"shipping-taxable","15":"purchasable","16":"product-type-variable"},"jetpack_sharing_enabled":true,"_links":{"self":[{"href":"https:\/\/muvluxe.com\/it\/wp-json\/wp\/v2\/product\/10864","targetHints":{"allow":["GET"]}}],"collection":[{"href":"https:\/\/muvluxe.com\/it\/wp-json\/wp\/v2\/product"}],"about":[{"href":"https:\/\/muvluxe.com\/it\/wp-json\/wp\/v2\/types\/product"}],"wp:featuredmedia":[{"embeddable":true,"href":"https:\/\/muvluxe.com\/it\/wp-json\/wp\/v2\/media\/10860"}],"wp:attachment":[{"href":"https:\/\/muvluxe.com\/it\/wp-json\/wp\/v2\/media?parent=10864"}],"wp:term":[{"taxonomy":"product_brand","embeddable":true,"href":"https:\/\/muvluxe.com\/it\/wp-json\/wp\/v2\/product_brand?post=10864"},{"taxonomy":"product_cat","embeddable":true,"href":"https:\/\/muvluxe.com\/it\/wp-json\/wp\/v2\/product_cat?post=10864"},{"taxonomy":"product_tag","embeddable":true,"href":"https:\/\/muvluxe.com\/it\/wp-json\/wp\/v2\/product_tag?post=10864"}],"curies":[{"name":"wp","href":"https:\/\/api.w.org\/{rel}","templated":true}]}}