{"id":11756,"date":"2025-07-10T13:28:30","date_gmt":"2025-07-10T13:28:30","guid":{"rendered":"https:\/\/muvluxe.com\/product\/homage\/"},"modified":"2025-10-15T11:06:01","modified_gmt":"2025-10-15T11:06:01","slug":"homage","status":"publish","type":"product","link":"https:\/\/muvluxe.com\/it\/prodotto\/homage\/","title":{"rendered":"Homage"},"content":{"rendered":"<p>La bassa tendenza di&nbsp;<strong>Nike<\/strong>&nbsp;immaginato da&nbsp;<strong>Peter Moore<\/strong>&nbsp;\u00e8 tornato di colore elegante&nbsp;<strong>Due -colo<\/strong>.<\/p>\n<p>L\u00e0&nbsp;<strong>Air Jordan 1 Low Omaggio<\/strong>&nbsp;Visualizza un design in&nbsp;<strong>Pelle in bianco e nero a grana<\/strong>. Tagliato a met\u00e0, il suo design \u00e8 costituito da una base bianca concessa la punta mentre le sovrapposizioni e il&nbsp;<strong>Swoosh<\/strong>&nbsp;sono neri per il viso esterno.A&nbsp;L\u2019interno \u00e8 l\u2019esatto opposto che si distingue. La lingua in&nbsp;<strong>nylon<\/strong>&nbsp;e il suo&nbsp;<strong>Jumpman<\/strong>, diviso anche in due, non deroghi dalla regola.<\/p>\n<p>Con il suo design&nbsp;asimmetrico, questo&nbsp;<strong>Aj1 Low<\/strong>&nbsp;Riferimento a<strong>Air Jordan 1 Retro High A casa a casa<\/strong>, pubblicato nel 2018.<\/p>","protected":false},"excerpt":{"rendered":"<p>La bassa tendenza di&nbsp;Nike&nbsp;immaginato da&nbsp;Peter Moore&nbsp;\u00e8 tornato di colore elegante&nbsp;Due -colo. L\u00e0&nbsp;Air Jordan 1 Low Omaggio&nbsp;Visualizza un design in&nbsp;Pelle in bianco e nero a grana. Tagliato a met\u00e0, il suo design \u00e8 costituito da una base bianca concessa la punta mentre le sovrapposizioni e il&nbsp;Swoosh&nbsp;sono neri per il viso esterno.A&nbsp;L\u2019interno \u00e8 l\u2019esatto opposto che si [&hellip;]<\/p>\n","protected":false},"featured_media":11752,"template":"","meta":[],"product_brand":[292],"product_cat":[294,15,293],"product_tag":[],"class_list":{"0":"post-11756","1":"product","2":"type-product","3":"status-publish","4":"has-post-thumbnail","6":"product_brand-air-jordan","7":"product_cat-air-jordan-1","8":"product_cat-all","9":"product_cat-sneakers","11":"first","12":"instock","13":"sale","14":"shipping-taxable","15":"purchasable","16":"product-type-variable"},"jetpack_sharing_enabled":true,"_links":{"self":[{"href":"https:\/\/muvluxe.com\/it\/wp-json\/wp\/v2\/product\/11756","targetHints":{"allow":["GET"]}}],"collection":[{"href":"https:\/\/muvluxe.com\/it\/wp-json\/wp\/v2\/product"}],"about":[{"href":"https:\/\/muvluxe.com\/it\/wp-json\/wp\/v2\/types\/product"}],"wp:featuredmedia":[{"embeddable":true,"href":"https:\/\/muvluxe.com\/it\/wp-json\/wp\/v2\/media\/11752"}],"wp:attachment":[{"href":"https:\/\/muvluxe.com\/it\/wp-json\/wp\/v2\/media?parent=11756"}],"wp:term":[{"taxonomy":"product_brand","embeddable":true,"href":"https:\/\/muvluxe.com\/it\/wp-json\/wp\/v2\/product_brand?post=11756"},{"taxonomy":"product_cat","embeddable":true,"href":"https:\/\/muvluxe.com\/it\/wp-json\/wp\/v2\/product_cat?post=11756"},{"taxonomy":"product_tag","embeddable":true,"href":"https:\/\/muvluxe.com\/it\/wp-json\/wp\/v2\/product_tag?post=11756"}],"curies":[{"name":"wp","href":"https:\/\/api.w.org\/{rel}","templated":true}]}}