{"id":11866,"date":"2025-07-10T13:29:26","date_gmt":"2025-07-10T13:29:26","guid":{"rendered":"https:\/\/muvluxe.com\/product\/white-grey-blue\/"},"modified":"2025-10-15T11:05:58","modified_gmt":"2025-10-15T11:05:58","slug":"white-grey-blue","status":"publish","type":"product","link":"https:\/\/muvluxe.com\/it\/prodotto\/white-grey-blue\/","title":{"rendered":"White Grey Blue"},"content":{"rendered":"<p>\u00c8 di nuovo il&nbsp;<strong>Air Jordan 1 Low<\/strong>&nbsp;che \u00e8 onorato attraverso una nuova declinazione&nbsp;<strong>tricolore<\/strong>.<\/p>\n<p>L\u00e0&nbsp;<strong>Air Jordan 1 Low White Grigio Blue<\/strong>&nbsp;Visualizza una base in&nbsp;<strong>Pelle bianca liscia<\/strong>&nbsp;accompagnato da sovrapposizioni in&nbsp;<strong>pelle grigia<\/strong>&nbsp;davanti e&nbsp;<strong>blu<\/strong>&nbsp;indietro.&nbsp;<strong>Bianco ricamato<\/strong>&nbsp;Sul retro del modello, sul tallone, il logo&nbsp;<strong>Ali<\/strong>&nbsp;Applicare con la base, ma anche con la scheda in nylon e l\u2019intersuola. Al contrario, il&nbsp;<strong>Jumpman<\/strong>&nbsp;Ospitato sulla lingua \u00e8 blu, secondo il rivestimento e i pannelli sul retro della silhouette.<\/p>\n<p>Abbastanza raffinato, questa nuova iterazione di&nbsp;<strong>Aj1 Low<\/strong>&nbsp;ricorda il&nbsp;<strong>Air Jordan 1 Low SE True Blue<\/strong>.<\/p>","protected":false},"excerpt":{"rendered":"<p>\u00c8 di nuovo il&nbsp;Air Jordan 1 Low&nbsp;che \u00e8 onorato attraverso una nuova declinazione&nbsp;tricolore. L\u00e0&nbsp;Air Jordan 1 Low White Grigio Blue&nbsp;Visualizza una base in&nbsp;Pelle bianca liscia&nbsp;accompagnato da sovrapposizioni in&nbsp;pelle grigia&nbsp;davanti e&nbsp;blu&nbsp;indietro.&nbsp;Bianco ricamato&nbsp;Sul retro del modello, sul tallone, il logo&nbsp;Ali&nbsp;Applicare con la base, ma anche con la scheda in nylon e l\u2019intersuola. Al contrario, il&nbsp;Jumpman&nbsp;Ospitato sulla lingua [&hellip;]<\/p>\n","protected":false},"featured_media":11863,"template":"","meta":[],"product_brand":[292],"product_cat":[294,15,293],"product_tag":[],"class_list":{"0":"post-11866","1":"product","2":"type-product","3":"status-publish","4":"has-post-thumbnail","6":"product_brand-air-jordan","7":"product_cat-air-jordan-1","8":"product_cat-all","9":"product_cat-sneakers","11":"first","12":"instock","13":"sale","14":"shipping-taxable","15":"purchasable","16":"product-type-variable"},"jetpack_sharing_enabled":true,"_links":{"self":[{"href":"https:\/\/muvluxe.com\/it\/wp-json\/wp\/v2\/product\/11866","targetHints":{"allow":["GET"]}}],"collection":[{"href":"https:\/\/muvluxe.com\/it\/wp-json\/wp\/v2\/product"}],"about":[{"href":"https:\/\/muvluxe.com\/it\/wp-json\/wp\/v2\/types\/product"}],"wp:featuredmedia":[{"embeddable":true,"href":"https:\/\/muvluxe.com\/it\/wp-json\/wp\/v2\/media\/11863"}],"wp:attachment":[{"href":"https:\/\/muvluxe.com\/it\/wp-json\/wp\/v2\/media?parent=11866"}],"wp:term":[{"taxonomy":"product_brand","embeddable":true,"href":"https:\/\/muvluxe.com\/it\/wp-json\/wp\/v2\/product_brand?post=11866"},{"taxonomy":"product_cat","embeddable":true,"href":"https:\/\/muvluxe.com\/it\/wp-json\/wp\/v2\/product_cat?post=11866"},{"taxonomy":"product_tag","embeddable":true,"href":"https:\/\/muvluxe.com\/it\/wp-json\/wp\/v2\/product_tag?post=11866"}],"curies":[{"name":"wp","href":"https:\/\/api.w.org\/{rel}","templated":true}]}}