{"id":11954,"date":"2025-07-10T13:30:13","date_gmt":"2025-07-10T13:30:13","guid":{"rendered":"https:\/\/muvluxe.com\/product\/eastside-golf\/"},"modified":"2025-10-15T11:05:14","modified_gmt":"2025-10-15T11:05:14","slug":"eastside-golf","status":"publish","type":"product","link":"https:\/\/muvluxe.com\/it\/prodotto\/eastside-golf\/","title":{"rendered":"Eastside Golf"},"content":{"rendered":"<p>Per la stagione. Autunno\/inverno 2022,<strong>Jordan Brand<\/strong>&nbsp;associati a<strong>Eastside Golf<\/strong>, Marchio lifestyle di Atlanta in Georgia che inclusi inclusivit\u00e0 e diversit\u00e0 nel golf.<\/p>\n<p>L\u00e0&nbsp;<strong>Air Jordan 1 Low Eastside Golf<\/strong>&nbsp;\u00e8 adornato con una parte superiore&nbsp;<strong>Night Blue Night<\/strong>&nbsp;alla consistenza flessibile che offre un comfort ottimale. Un duo di lacci cerati neri con agleri dorati adorna la lingua e porta un tocco di luminosit\u00e0 alla silhouette scura. L\u2019intera tomaia si basa su a&nbsp;<strong>Suola crema<\/strong>&nbsp;alla suola traslucida.<\/p>\n<p>Svelato a fianco&nbsp;<strong>AJ12<\/strong>&nbsp;E&nbsp;<strong>Aj1 High<\/strong>, il nuovo&nbsp;<strong>Air Jordan 1 Low<\/strong>&nbsp;Si distingue grazie al suo ricamo premium.<\/p>","protected":false},"excerpt":{"rendered":"<p>Per la stagione. Autunno\/inverno 2022,Jordan Brand&nbsp;associati aEastside Golf, Marchio lifestyle di Atlanta in Georgia che inclusi inclusivit\u00e0 e diversit\u00e0 nel golf. L\u00e0&nbsp;Air Jordan 1 Low Eastside Golf&nbsp;\u00e8 adornato con una parte superiore&nbsp;Night Blue Night&nbsp;alla consistenza flessibile che offre un comfort ottimale. Un duo di lacci cerati neri con agleri dorati adorna la lingua e porta [&hellip;]<\/p>\n","protected":false},"featured_media":11951,"template":"","meta":[],"product_brand":[292],"product_cat":[294,15,293],"product_tag":[],"class_list":{"0":"post-11954","1":"product","2":"type-product","3":"status-publish","4":"has-post-thumbnail","6":"product_brand-air-jordan","7":"product_cat-air-jordan-1","8":"product_cat-all","9":"product_cat-sneakers","11":"first","12":"instock","13":"sale","14":"shipping-taxable","15":"purchasable","16":"product-type-variable"},"jetpack_sharing_enabled":true,"_links":{"self":[{"href":"https:\/\/muvluxe.com\/it\/wp-json\/wp\/v2\/product\/11954","targetHints":{"allow":["GET"]}}],"collection":[{"href":"https:\/\/muvluxe.com\/it\/wp-json\/wp\/v2\/product"}],"about":[{"href":"https:\/\/muvluxe.com\/it\/wp-json\/wp\/v2\/types\/product"}],"wp:featuredmedia":[{"embeddable":true,"href":"https:\/\/muvluxe.com\/it\/wp-json\/wp\/v2\/media\/11951"}],"wp:attachment":[{"href":"https:\/\/muvluxe.com\/it\/wp-json\/wp\/v2\/media?parent=11954"}],"wp:term":[{"taxonomy":"product_brand","embeddable":true,"href":"https:\/\/muvluxe.com\/it\/wp-json\/wp\/v2\/product_brand?post=11954"},{"taxonomy":"product_cat","embeddable":true,"href":"https:\/\/muvluxe.com\/it\/wp-json\/wp\/v2\/product_cat?post=11954"},{"taxonomy":"product_tag","embeddable":true,"href":"https:\/\/muvluxe.com\/it\/wp-json\/wp\/v2\/product_tag?post=11954"}],"curies":[{"name":"wp","href":"https:\/\/api.w.org\/{rel}","templated":true}]}}