{"id":12021,"date":"2025-07-10T13:30:53","date_gmt":"2025-07-10T13:30:53","guid":{"rendered":"https:\/\/muvluxe.com\/product\/coconut-milk\/"},"modified":"2025-10-15T11:05:12","modified_gmt":"2025-10-15T11:05:12","slug":"coconut-milk","status":"publish","type":"product","link":"https:\/\/muvluxe.com\/it\/prodotto\/coconut-milk\/","title":{"rendered":"Coconut Milk"},"content":{"rendered":"<p>Anche se l\u2019anno arriver\u00e0 presto,&nbsp;<strong>Jordan<\/strong>&nbsp;Continua ad annunciare nuovi colori per la sua leggendaria silhouette.<\/p>\n<p>L\u00e0<strong>&nbsp;Air Jordan 1 Low Latte di cocco<\/strong>&nbsp;Sfoggia una tomaia in pelle liscia. Sul lato del colore, la sobriet\u00e0 \u00e8 in ordine, troviamo un beige Chiaro che solo lo swoosh nero contrasta.<\/p>\n<p>In modo costante in espansione, la gamma di<strong>&nbsp;Air Jordan 1 Mid<\/strong>&nbsp;Ora ha molte associazioni di colori. Il branco&nbsp;<strong>Latte di cocco<\/strong>&nbsp;\u00e8 la prova che esiste ancora un ampio campo possibile in termini di nuovi prodotti!<\/p>","protected":false},"excerpt":{"rendered":"<p>Anche se l\u2019anno arriver\u00e0 presto,&nbsp;Jordan&nbsp;Continua ad annunciare nuovi colori per la sua leggendaria silhouette. L\u00e0&nbsp;Air Jordan 1 Low Latte di cocco&nbsp;Sfoggia una tomaia in pelle liscia. Sul lato del colore, la sobriet\u00e0 \u00e8 in ordine, troviamo un beige Chiaro che solo lo swoosh nero contrasta. In modo costante in espansione, la gamma di&nbsp;Air Jordan 1 [&hellip;]<\/p>\n","protected":false},"featured_media":12017,"template":"","meta":[],"product_brand":[292],"product_cat":[294,15,293],"product_tag":[],"class_list":{"0":"post-12021","1":"product","2":"type-product","3":"status-publish","4":"has-post-thumbnail","6":"product_brand-air-jordan","7":"product_cat-air-jordan-1","8":"product_cat-all","9":"product_cat-sneakers","11":"first","12":"instock","13":"sale","14":"shipping-taxable","15":"purchasable","16":"product-type-variable"},"jetpack_sharing_enabled":true,"_links":{"self":[{"href":"https:\/\/muvluxe.com\/it\/wp-json\/wp\/v2\/product\/12021","targetHints":{"allow":["GET"]}}],"collection":[{"href":"https:\/\/muvluxe.com\/it\/wp-json\/wp\/v2\/product"}],"about":[{"href":"https:\/\/muvluxe.com\/it\/wp-json\/wp\/v2\/types\/product"}],"wp:featuredmedia":[{"embeddable":true,"href":"https:\/\/muvluxe.com\/it\/wp-json\/wp\/v2\/media\/12017"}],"wp:attachment":[{"href":"https:\/\/muvluxe.com\/it\/wp-json\/wp\/v2\/media?parent=12021"}],"wp:term":[{"taxonomy":"product_brand","embeddable":true,"href":"https:\/\/muvluxe.com\/it\/wp-json\/wp\/v2\/product_brand?post=12021"},{"taxonomy":"product_cat","embeddable":true,"href":"https:\/\/muvluxe.com\/it\/wp-json\/wp\/v2\/product_cat?post=12021"},{"taxonomy":"product_tag","embeddable":true,"href":"https:\/\/muvluxe.com\/it\/wp-json\/wp\/v2\/product_tag?post=12021"}],"curies":[{"name":"wp","href":"https:\/\/api.w.org\/{rel}","templated":true}]}}