{"id":12065,"date":"2025-07-10T13:31:07","date_gmt":"2025-07-10T13:31:07","guid":{"rendered":"https:\/\/muvluxe.com\/product\/orange-black\/"},"modified":"2025-10-15T11:05:10","modified_gmt":"2025-10-15T11:05:10","slug":"orange-black","status":"publish","type":"product","link":"https:\/\/muvluxe.com\/it\/prodotto\/orange-black\/","title":{"rendered":"Orange Black"},"content":{"rendered":"<p>Jordan Brand Lancia ufficialmente la sua stagione estiva con questa nuova colorata iterazione del suo emblematico bestseller!<\/p>\n<p>L\u00e0&nbsp;<strong>Air Jordan 1 Low Orange Black<\/strong>&nbsp;\u00e8 adornato conUna base in&nbsp;<strong>pelle rose salmone<\/strong>&nbsp;alla trama liscia che \u00e8 d\u2019accordo con la lingua. \u00c8 completata da sovrapposizioni di&nbsp;<strong>pelle Orange<\/strong>&nbsp;Sul guardia del fango e degli occhielli. L\u2019intera parte posteriore ha uno strato di&nbsp;<strong>pelle nera<\/strong>&nbsp;che porta contrasto con il tutto. Una suola bianca rotta bianca Orange finalizzato il&nbsp;<strong>design tendenza<\/strong>&nbsp;Di Peter Moore.<\/p>\n<p>Vero must-have of Sunny Days, questo<strong>Air Jordan 1 Low<\/strong>&nbsp;senza precedenti \u00e8 accompagnato da una versione&nbsp;<b>Mid<\/b>&nbsp;!<\/p>","protected":false},"excerpt":{"rendered":"<p>Jordan Brand Lancia ufficialmente la sua stagione estiva con questa nuova colorata iterazione del suo emblematico bestseller! L\u00e0&nbsp;Air Jordan 1 Low Orange Black&nbsp;\u00e8 adornato conUna base in&nbsp;pelle rose salmone&nbsp;alla trama liscia che \u00e8 d\u2019accordo con la lingua. \u00c8 completata da sovrapposizioni di&nbsp;pelle Orange&nbsp;Sul guardia del fango e degli occhielli. L\u2019intera parte posteriore ha uno strato [&hellip;]<\/p>\n","protected":false},"featured_media":12062,"template":"","meta":[],"product_brand":[292],"product_cat":[294,15,293],"product_tag":[],"class_list":{"0":"post-12065","1":"product","2":"type-product","3":"status-publish","4":"has-post-thumbnail","6":"product_brand-air-jordan","7":"product_cat-air-jordan-1","8":"product_cat-all","9":"product_cat-sneakers","11":"first","12":"instock","13":"sale","14":"shipping-taxable","15":"purchasable","16":"product-type-variable"},"jetpack_sharing_enabled":true,"_links":{"self":[{"href":"https:\/\/muvluxe.com\/it\/wp-json\/wp\/v2\/product\/12065","targetHints":{"allow":["GET"]}}],"collection":[{"href":"https:\/\/muvluxe.com\/it\/wp-json\/wp\/v2\/product"}],"about":[{"href":"https:\/\/muvluxe.com\/it\/wp-json\/wp\/v2\/types\/product"}],"wp:featuredmedia":[{"embeddable":true,"href":"https:\/\/muvluxe.com\/it\/wp-json\/wp\/v2\/media\/12062"}],"wp:attachment":[{"href":"https:\/\/muvluxe.com\/it\/wp-json\/wp\/v2\/media?parent=12065"}],"wp:term":[{"taxonomy":"product_brand","embeddable":true,"href":"https:\/\/muvluxe.com\/it\/wp-json\/wp\/v2\/product_brand?post=12065"},{"taxonomy":"product_cat","embeddable":true,"href":"https:\/\/muvluxe.com\/it\/wp-json\/wp\/v2\/product_cat?post=12065"},{"taxonomy":"product_tag","embeddable":true,"href":"https:\/\/muvluxe.com\/it\/wp-json\/wp\/v2\/product_tag?post=12065"}],"curies":[{"name":"wp","href":"https:\/\/api.w.org\/{rel}","templated":true}]}}