{"id":12109,"date":"2025-07-10T13:31:29","date_gmt":"2025-07-10T13:31:29","guid":{"rendered":"https:\/\/muvluxe.com\/product\/reverse-black-toe\/"},"modified":"2025-10-15T11:05:05","modified_gmt":"2025-10-15T11:05:05","slug":"reverse-black-toe","status":"publish","type":"product","link":"https:\/\/muvluxe.com\/it\/prodotto\/reverse-black-toe\/","title":{"rendered":"Reverse Black Toe"},"content":{"rendered":"<p>Silhouette alla moda con il suo taglio Low, L\u00e0&nbsp;<span style=\"text-decoration: underline\"><strong>Air Jordan 1 Low<\/strong><\/span>&nbsp;\u00e8 tornato in un colore classico per il modello.<\/p>\n<p>L\u00e0<strong>Air Jordan 1 Low Inversione Black Dito del piede<\/strong>&nbsp;si presenta attraverso una base in&nbsp;<strong>pelle bianca<\/strong>&nbsp;abbellito con sovrapposizioni in&nbsp;<strong>pelle rossa e nera<\/strong>, che ricordano i colori di&nbsp;<strong>Chicago Bulls<\/strong>. IL&nbsp;<strong>Swoosh<\/strong>&nbsp;laterale in&nbsp;<strong>pelle rossa<\/strong>&nbsp;essere d\u2019accordo con&nbsp;<strong>Branding ricamati<\/strong>&nbsp;Sul tallone e sulla lingua.<\/p>\n<p>Modello di linea emblematica&nbsp;<a class=\"\" href=\"https:\/\/wethenew.com\/it\/collections\/air-jordan\"><strong>Air Jordan<\/strong><\/a>, L\u00e0&nbsp;<strong>Aj1 Low<\/strong>&nbsp;Continua ad essere presentato da&nbsp;<strong>Nike<\/strong>&nbsp;Attraverso sempre come variazioni efficaci.<\/p>","protected":false},"excerpt":{"rendered":"<p>Silhouette alla moda con il suo taglio Low, L\u00e0&nbsp;Air Jordan 1 Low&nbsp;\u00e8 tornato in un colore classico per il modello. L\u00e0Air Jordan 1 Low Inversione Black Dito del piede&nbsp;si presenta attraverso una base in&nbsp;pelle bianca&nbsp;abbellito con sovrapposizioni in&nbsp;pelle rossa e nera, che ricordano i colori di&nbsp;Chicago Bulls. IL&nbsp;Swoosh&nbsp;laterale in&nbsp;pelle rossa&nbsp;essere d\u2019accordo con&nbsp;Branding ricamati&nbsp;Sul tallone e [&hellip;]<\/p>\n","protected":false},"featured_media":12106,"template":"","meta":[],"product_brand":[292],"product_cat":[294,15,293],"product_tag":[],"class_list":{"0":"post-12109","1":"product","2":"type-product","3":"status-publish","4":"has-post-thumbnail","6":"product_brand-air-jordan","7":"product_cat-air-jordan-1","8":"product_cat-all","9":"product_cat-sneakers","11":"first","12":"instock","13":"sale","14":"shipping-taxable","15":"purchasable","16":"product-type-variable"},"jetpack_sharing_enabled":true,"_links":{"self":[{"href":"https:\/\/muvluxe.com\/it\/wp-json\/wp\/v2\/product\/12109","targetHints":{"allow":["GET"]}}],"collection":[{"href":"https:\/\/muvluxe.com\/it\/wp-json\/wp\/v2\/product"}],"about":[{"href":"https:\/\/muvluxe.com\/it\/wp-json\/wp\/v2\/types\/product"}],"wp:featuredmedia":[{"embeddable":true,"href":"https:\/\/muvluxe.com\/it\/wp-json\/wp\/v2\/media\/12106"}],"wp:attachment":[{"href":"https:\/\/muvluxe.com\/it\/wp-json\/wp\/v2\/media?parent=12109"}],"wp:term":[{"taxonomy":"product_brand","embeddable":true,"href":"https:\/\/muvluxe.com\/it\/wp-json\/wp\/v2\/product_brand?post=12109"},{"taxonomy":"product_cat","embeddable":true,"href":"https:\/\/muvluxe.com\/it\/wp-json\/wp\/v2\/product_cat?post=12109"},{"taxonomy":"product_tag","embeddable":true,"href":"https:\/\/muvluxe.com\/it\/wp-json\/wp\/v2\/product_tag?post=12109"}],"curies":[{"name":"wp","href":"https:\/\/api.w.org\/{rel}","templated":true}]}}