{"id":12198,"date":"2025-07-10T13:32:26","date_gmt":"2025-07-10T13:32:26","guid":{"rendered":"https:\/\/muvluxe.com\/product\/light-madder-root\/"},"modified":"2025-10-15T11:04:33","modified_gmt":"2025-10-15T11:04:33","slug":"light-madder-root","status":"publish","type":"product","link":"https:\/\/muvluxe.com\/it\/prodotto\/light-madder-root\/","title":{"rendered":"Light Madder Root"},"content":{"rendered":"<p>Un nuovo colore morbido e caldo del low-Whole firmate&nbsp;<a class=\"\" href=\"https:\/\/wethenew.com\/it\/collections\/air-jordan\"><strong>Jordan Brand<\/strong><\/a>&nbsp;ha fatto il suo aspetto!<\/p>\n<p>L\u00e0&nbsp;<strong>Air Jordan 1 Low Root leggera Madder<\/strong>&nbsp;\u00e8 adornato con una struttura mista in&nbsp;<strong>Suede bianco rotto<\/strong>, che \u00e8 migliorato dalle sovrapposizioni in&nbsp;<strong>pelle di corallo<\/strong>&nbsp;Ispirato dalla polvere delle radici di Garance. Firme di branding come lo swoosh, il logo Jordan Ali e 23 ricamati su lacers visualizzati a&nbsp;<strong>Verde TEAL<\/strong>. Tutto sneakers Basato su una suola intermedia bianca con la suola rose.<\/p>\n<p>Svelato accanto al&nbsp;<strong>University Blue<\/strong>, questa&nbsp;<strong>Air Jordan 1 Low<\/strong>&nbsp;Inedito offre un aspetto alla moda.<\/p>","protected":false},"excerpt":{"rendered":"<p>Un nuovo colore morbido e caldo del low-Whole firmate&nbsp;Jordan Brand&nbsp;ha fatto il suo aspetto! L\u00e0&nbsp;Air Jordan 1 Low Root leggera Madder&nbsp;\u00e8 adornato con una struttura mista in&nbsp;Suede bianco rotto, che \u00e8 migliorato dalle sovrapposizioni in&nbsp;pelle di corallo&nbsp;Ispirato dalla polvere delle radici di Garance. Firme di branding come lo swoosh, il logo Jordan Ali e 23 [&hellip;]<\/p>\n","protected":false},"featured_media":12195,"template":"","meta":[],"product_brand":[292],"product_cat":[294,15,293],"product_tag":[],"class_list":{"0":"post-12198","1":"product","2":"type-product","3":"status-publish","4":"has-post-thumbnail","6":"product_brand-air-jordan","7":"product_cat-air-jordan-1","8":"product_cat-all","9":"product_cat-sneakers","11":"first","12":"instock","13":"sale","14":"shipping-taxable","15":"purchasable","16":"product-type-variable"},"jetpack_sharing_enabled":true,"_links":{"self":[{"href":"https:\/\/muvluxe.com\/it\/wp-json\/wp\/v2\/product\/12198","targetHints":{"allow":["GET"]}}],"collection":[{"href":"https:\/\/muvluxe.com\/it\/wp-json\/wp\/v2\/product"}],"about":[{"href":"https:\/\/muvluxe.com\/it\/wp-json\/wp\/v2\/types\/product"}],"wp:featuredmedia":[{"embeddable":true,"href":"https:\/\/muvluxe.com\/it\/wp-json\/wp\/v2\/media\/12195"}],"wp:attachment":[{"href":"https:\/\/muvluxe.com\/it\/wp-json\/wp\/v2\/media?parent=12198"}],"wp:term":[{"taxonomy":"product_brand","embeddable":true,"href":"https:\/\/muvluxe.com\/it\/wp-json\/wp\/v2\/product_brand?post=12198"},{"taxonomy":"product_cat","embeddable":true,"href":"https:\/\/muvluxe.com\/it\/wp-json\/wp\/v2\/product_cat?post=12198"},{"taxonomy":"product_tag","embeddable":true,"href":"https:\/\/muvluxe.com\/it\/wp-json\/wp\/v2\/product_tag?post=12198"}],"curies":[{"name":"wp","href":"https:\/\/api.w.org\/{rel}","templated":true}]}}