{"id":12306,"date":"2025-07-10T13:33:17","date_gmt":"2025-07-10T13:33:17","guid":{"rendered":"https:\/\/muvluxe.com\/product\/palomino\/"},"modified":"2025-10-15T11:04:30","modified_gmt":"2025-10-15T11:04:30","slug":"palomino","status":"publish","type":"product","link":"https:\/\/muvluxe.com\/it\/prodotto\/palomino\/","title":{"rendered":"Palomino"},"content":{"rendered":"<p>L\u00e0&nbsp;<strong>Air Jordan 1 Low<\/strong>, Silhouette alla moda firmata&nbsp;<strong>Air Jordan<\/strong>&nbsp;E&nbsp;<strong>Nike<\/strong>, \u00e8 tornato in una nuova versione.<\/p>\n<p>L\u00e0<strong>Air Jordan 1 Low Palomino<\/strong>&nbsp;rivelare una base in&nbsp;<strong>pelle bianca<\/strong>&nbsp;accompagnato da sovrapposizioni in&nbsp;<strong>pelle marrone<\/strong>. UN&nbsp;<strong>Swoosh<\/strong>&nbsp;In&nbsp;<strong>pelle viola<\/strong>&nbsp;contrasta tutto e concorda con il&nbsp;<strong>tessuto<\/strong>, lacci e&nbsp;<strong>logo<\/strong>&nbsp;<strong>Ali ricamate<\/strong>&nbsp;sul tallone.<\/p>\n<p>Questa nuova iterazione di&nbsp;<strong>Aj1 Low<\/strong>&nbsp;Dimengger\u00e0 gli amanti dei colori originali.<\/p>","protected":false},"excerpt":{"rendered":"<p>L\u00e0&nbsp;Air Jordan 1 Low, Silhouette alla moda firmata&nbsp;Air Jordan&nbsp;E&nbsp;Nike, \u00e8 tornato in una nuova versione. L\u00e0Air Jordan 1 Low Palomino&nbsp;rivelare una base in&nbsp;pelle bianca&nbsp;accompagnato da sovrapposizioni in&nbsp;pelle marrone. UN&nbsp;Swoosh&nbsp;In&nbsp;pelle viola&nbsp;contrasta tutto e concorda con il&nbsp;tessuto, lacci e&nbsp;logo&nbsp;Ali ricamate&nbsp;sul tallone. Questa nuova iterazione di&nbsp;Aj1 Low&nbsp;Dimengger\u00e0 gli amanti dei colori originali.<\/p>","protected":false},"featured_media":12303,"template":"","meta":[],"product_brand":[292],"product_cat":[294,15,293],"product_tag":[],"class_list":{"0":"post-12306","1":"product","2":"type-product","3":"status-publish","4":"has-post-thumbnail","6":"product_brand-air-jordan","7":"product_cat-air-jordan-1","8":"product_cat-all","9":"product_cat-sneakers","11":"first","12":"instock","13":"sale","14":"shipping-taxable","15":"purchasable","16":"product-type-variable"},"jetpack_sharing_enabled":true,"_links":{"self":[{"href":"https:\/\/muvluxe.com\/it\/wp-json\/wp\/v2\/product\/12306","targetHints":{"allow":["GET"]}}],"collection":[{"href":"https:\/\/muvluxe.com\/it\/wp-json\/wp\/v2\/product"}],"about":[{"href":"https:\/\/muvluxe.com\/it\/wp-json\/wp\/v2\/types\/product"}],"wp:featuredmedia":[{"embeddable":true,"href":"https:\/\/muvluxe.com\/it\/wp-json\/wp\/v2\/media\/12303"}],"wp:attachment":[{"href":"https:\/\/muvluxe.com\/it\/wp-json\/wp\/v2\/media?parent=12306"}],"wp:term":[{"taxonomy":"product_brand","embeddable":true,"href":"https:\/\/muvluxe.com\/it\/wp-json\/wp\/v2\/product_brand?post=12306"},{"taxonomy":"product_cat","embeddable":true,"href":"https:\/\/muvluxe.com\/it\/wp-json\/wp\/v2\/product_cat?post=12306"},{"taxonomy":"product_tag","embeddable":true,"href":"https:\/\/muvluxe.com\/it\/wp-json\/wp\/v2\/product_tag?post=12306"}],"curies":[{"name":"wp","href":"https:\/\/api.w.org\/{rel}","templated":true}]}}