{"id":12328,"date":"2025-07-10T13:33:24","date_gmt":"2025-07-10T13:33:24","guid":{"rendered":"https:\/\/muvluxe.com\/product\/vintage-grey\/"},"modified":"2025-10-15T11:04:29","modified_gmt":"2025-10-15T11:04:29","slug":"vintage-grey","status":"publish","type":"product","link":"https:\/\/muvluxe.com\/it\/prodotto\/vintage-grey\/","title":{"rendered":"Vintage Grey"},"content":{"rendered":"<p>Modello di catalogo di punta&nbsp;<strong>Jordan Brand<\/strong>, L\u00e0&nbsp;<strong>Air Jordan 1 Low<\/strong>&nbsp;immaginato da&nbsp;<strong>Peter Moore<\/strong>&nbsp;\u00e8 tornato in una variazione&nbsp;<strong>sobrio<\/strong>.<\/p>\n<p>L\u00e0&nbsp;<strong>Air Jordan 1 Low Grigio vintage<\/strong>&nbsp;presenta una base in&nbsp;<strong>pelle bianca<\/strong>&nbsp;concesso alla lingua in&nbsp;<strong>nylon<\/strong>&nbsp;e l\u2019intersuola al<strong>Effetto di invecchiamento<\/strong>. Quindi distinguiamo le sovrapposizioni&nbsp;<strong>pelle grigia<\/strong>&nbsp;che si riferiscono al rivestimento&nbsp;<strong>tessuto<\/strong>, lacci e suola. Bene presente, il logo&nbsp;<strong>Ali<\/strong>&nbsp;Est&nbsp;<strong>ricamato<\/strong>&nbsp;in bianco al tallone.<\/p>\n<p>Con una nuova versione sobria di uno dei suoi&nbsp;<strong>Best seller<\/strong>, il marchio americano offre una silhouette perfetta in tutte le condizioni.<\/p>","protected":false},"excerpt":{"rendered":"<p>Modello di catalogo di punta&nbsp;Jordan Brand, L\u00e0&nbsp;Air Jordan 1 Low&nbsp;immaginato da&nbsp;Peter Moore&nbsp;\u00e8 tornato in una variazione&nbsp;sobrio. L\u00e0&nbsp;Air Jordan 1 Low Grigio vintage&nbsp;presenta una base in&nbsp;pelle bianca&nbsp;concesso alla lingua in&nbsp;nylon&nbsp;e l\u2019intersuola alEffetto di invecchiamento. Quindi distinguiamo le sovrapposizioni&nbsp;pelle grigia&nbsp;che si riferiscono al rivestimento&nbsp;tessuto, lacci e suola. Bene presente, il logo&nbsp;Ali&nbsp;Est&nbsp;ricamato&nbsp;in bianco al tallone. Con una nuova [&hellip;]<\/p>\n","protected":false},"featured_media":12325,"template":"","meta":[],"product_brand":[292],"product_cat":[294,15,293],"product_tag":[],"class_list":{"0":"post-12328","1":"product","2":"type-product","3":"status-publish","4":"has-post-thumbnail","6":"product_brand-air-jordan","7":"product_cat-air-jordan-1","8":"product_cat-all","9":"product_cat-sneakers","11":"first","12":"instock","13":"sale","14":"shipping-taxable","15":"purchasable","16":"product-type-variable"},"jetpack_sharing_enabled":true,"_links":{"self":[{"href":"https:\/\/muvluxe.com\/it\/wp-json\/wp\/v2\/product\/12328","targetHints":{"allow":["GET"]}}],"collection":[{"href":"https:\/\/muvluxe.com\/it\/wp-json\/wp\/v2\/product"}],"about":[{"href":"https:\/\/muvluxe.com\/it\/wp-json\/wp\/v2\/types\/product"}],"wp:featuredmedia":[{"embeddable":true,"href":"https:\/\/muvluxe.com\/it\/wp-json\/wp\/v2\/media\/12325"}],"wp:attachment":[{"href":"https:\/\/muvluxe.com\/it\/wp-json\/wp\/v2\/media?parent=12328"}],"wp:term":[{"taxonomy":"product_brand","embeddable":true,"href":"https:\/\/muvluxe.com\/it\/wp-json\/wp\/v2\/product_brand?post=12328"},{"taxonomy":"product_cat","embeddable":true,"href":"https:\/\/muvluxe.com\/it\/wp-json\/wp\/v2\/product_cat?post=12328"},{"taxonomy":"product_tag","embeddable":true,"href":"https:\/\/muvluxe.com\/it\/wp-json\/wp\/v2\/product_tag?post=12328"}],"curies":[{"name":"wp","href":"https:\/\/api.w.org\/{rel}","templated":true}]}}