{"id":12461,"date":"2025-07-10T13:34:27","date_gmt":"2025-07-10T13:34:27","guid":{"rendered":"https:\/\/muvluxe.com\/product\/triple-white\/"},"modified":"2025-10-15T10:48:05","modified_gmt":"2025-10-15T10:48:05","slug":"triple-white","status":"publish","type":"product","link":"https:\/\/muvluxe.com\/it\/prodotto\/triple-white\/","title":{"rendered":"Triple White"},"content":{"rendered":"<p>Ispirato al modello rilasciato nel&nbsp;<strong>1985<\/strong>,&nbsp;<span style=\"text-decoration: underline\"><strong>Jordan Brand<\/strong><\/span>&nbsp;ci offre una nuova versione Triple White del&nbsp;<strong>Air Jordan 1 Low<\/strong>&nbsp;in uno stile sobrio e raffinato.<\/p>\n<p>Questa<strong>Air Jordan 1 Low Triple White Swoosh brevettato (2022)<\/strong>&nbsp;visualizza una parte superiore monocromatica&nbsp;<strong>pelle bianca<\/strong>&nbsp;a cui si aggiungono lacci e suola in&nbsp;<strong>gomma<\/strong>&nbsp;dello stesso colore. Questa nuova versione del&nbsp;<strong>Triple White<\/strong>&nbsp;presenta pelle liscia sui pannelli superiori. Tieni presente che in questa versione, il&nbsp;<strong>Swoosh<\/strong>&nbsp;apparir\u00e0 in a&nbsp;<strong>pelle verniciata bianca<\/strong>&nbsp;per un effetto vernice perfettamente intonato al resto della silhouette.<\/p>\n<p>Con un design cos\u00ec raffinato, questo paio emblematico pu\u00f2 abbinarsi perfettamente a tutti gli outfit, sia classici che pi\u00f9 originali\u2026<\/p>","protected":false},"excerpt":{"rendered":"<p>Ispirato al modello rilasciato nel&nbsp;1985,&nbsp;Jordan Brand&nbsp;ci offre una nuova versione Triple White del&nbsp;Air Jordan 1 Low&nbsp;in uno stile sobrio e raffinato. QuestaAir Jordan 1 Low Triple White Swoosh brevettato (2022)&nbsp;visualizza una parte superiore monocromatica&nbsp;pelle bianca&nbsp;a cui si aggiungono lacci e suola in&nbsp;gomma&nbsp;dello stesso colore. Questa nuova versione del&nbsp;Triple White&nbsp;presenta pelle liscia sui pannelli superiori. Tieni [&hellip;]<\/p>\n","protected":false},"featured_media":12458,"template":"","meta":[],"product_brand":[292],"product_cat":[294,15,293],"product_tag":[],"class_list":{"0":"post-12461","1":"product","2":"type-product","3":"status-publish","4":"has-post-thumbnail","6":"product_brand-air-jordan","7":"product_cat-air-jordan-1","8":"product_cat-all","9":"product_cat-sneakers","11":"first","12":"instock","13":"sale","14":"shipping-taxable","15":"purchasable","16":"product-type-variable"},"jetpack_sharing_enabled":true,"_links":{"self":[{"href":"https:\/\/muvluxe.com\/it\/wp-json\/wp\/v2\/product\/12461","targetHints":{"allow":["GET"]}}],"collection":[{"href":"https:\/\/muvluxe.com\/it\/wp-json\/wp\/v2\/product"}],"about":[{"href":"https:\/\/muvluxe.com\/it\/wp-json\/wp\/v2\/types\/product"}],"wp:featuredmedia":[{"embeddable":true,"href":"https:\/\/muvluxe.com\/it\/wp-json\/wp\/v2\/media\/12458"}],"wp:attachment":[{"href":"https:\/\/muvluxe.com\/it\/wp-json\/wp\/v2\/media?parent=12461"}],"wp:term":[{"taxonomy":"product_brand","embeddable":true,"href":"https:\/\/muvluxe.com\/it\/wp-json\/wp\/v2\/product_brand?post=12461"},{"taxonomy":"product_cat","embeddable":true,"href":"https:\/\/muvluxe.com\/it\/wp-json\/wp\/v2\/product_cat?post=12461"},{"taxonomy":"product_tag","embeddable":true,"href":"https:\/\/muvluxe.com\/it\/wp-json\/wp\/v2\/product_tag?post=12461"}],"curies":[{"name":"wp","href":"https:\/\/api.w.org\/{rel}","templated":true}]}}