{"id":12505,"date":"2025-07-10T13:34:49","date_gmt":"2025-07-10T13:34:49","guid":{"rendered":"https:\/\/muvluxe.com\/product\/inside-out-cream-white-light-grey\/"},"modified":"2025-10-15T10:48:04","modified_gmt":"2025-10-15T10:48:04","slug":"inside-out-cream-white-light-grey","status":"publish","type":"product","link":"https:\/\/muvluxe.com\/it\/prodotto\/inside-out-cream-white-light-grey\/","title":{"rendered":"Inside Out Cream White Light Grey"},"content":{"rendered":"<p>Jordan Brand E i suoi team creativioffrici iterazione <strong>non strutturato<\/strong>&nbsp;Dal suo successo di successo, al look che ci ricorda le modifiche&nbsp;<strong>Off-White<\/strong>&nbsp;!<\/p>\n<p>L\u00e0&nbsp;<strong>Air Jordan 1 Low Alla rovescia Cream White Grigio chiaro<\/strong>&nbsp;\u00e8 adornato con una struttura mista in&nbsp;<strong>pelle bianca<\/strong>&nbsp;che \u00e8 accompagnato da elementi di&nbsp;<strong>Suede beige<\/strong>. La lingua e il colletto&nbsp;<strong>Suede grigio<\/strong>&nbsp;mostra uno stile taglio che rivela il&nbsp;<strong>mousse<\/strong>&nbsp;per un&nbsp;<strong>stile vintage<\/strong>. Due&nbsp;<strong>Ricamo arancione<\/strong>&nbsp;Completa lo swoosh laterale e porta un tocco di colore alla silhouette. L\u2019intero tutto poggia su una suola bianca con suola grigia.<\/p>\n<p>Presentato insieme a una versione<strong>Mid<\/strong>, questo nuovo<strong>Air Jordan 1 Low<\/strong>&nbsp;riesce a distinguersi grazie alla sua tavolozza di colori neutri e della sua design raffinato!<\/p>","protected":false},"excerpt":{"rendered":"<p>Jordan Brand E i suoi team creativioffrici iterazione non strutturato&nbsp;Dal suo successo di successo, al look che ci ricorda le modifiche&nbsp;Off-White&nbsp;! L\u00e0&nbsp;Air Jordan 1 Low Alla rovescia Cream White Grigio chiaro&nbsp;\u00e8 adornato con una struttura mista in&nbsp;pelle bianca&nbsp;che \u00e8 accompagnato da elementi di&nbsp;Suede beige. La lingua e il colletto&nbsp;Suede grigio&nbsp;mostra uno stile taglio che rivela [&hellip;]<\/p>\n","protected":false},"featured_media":12502,"template":"","meta":[],"product_brand":[292],"product_cat":[294,15,293],"product_tag":[],"class_list":{"0":"post-12505","1":"product","2":"type-product","3":"status-publish","4":"has-post-thumbnail","6":"product_brand-air-jordan","7":"product_cat-air-jordan-1","8":"product_cat-all","9":"product_cat-sneakers","11":"first","12":"instock","13":"sale","14":"shipping-taxable","15":"purchasable","16":"product-type-variable"},"jetpack_sharing_enabled":true,"_links":{"self":[{"href":"https:\/\/muvluxe.com\/it\/wp-json\/wp\/v2\/product\/12505","targetHints":{"allow":["GET"]}}],"collection":[{"href":"https:\/\/muvluxe.com\/it\/wp-json\/wp\/v2\/product"}],"about":[{"href":"https:\/\/muvluxe.com\/it\/wp-json\/wp\/v2\/types\/product"}],"wp:featuredmedia":[{"embeddable":true,"href":"https:\/\/muvluxe.com\/it\/wp-json\/wp\/v2\/media\/12502"}],"wp:attachment":[{"href":"https:\/\/muvluxe.com\/it\/wp-json\/wp\/v2\/media?parent=12505"}],"wp:term":[{"taxonomy":"product_brand","embeddable":true,"href":"https:\/\/muvluxe.com\/it\/wp-json\/wp\/v2\/product_brand?post=12505"},{"taxonomy":"product_cat","embeddable":true,"href":"https:\/\/muvluxe.com\/it\/wp-json\/wp\/v2\/product_cat?post=12505"},{"taxonomy":"product_tag","embeddable":true,"href":"https:\/\/muvluxe.com\/it\/wp-json\/wp\/v2\/product_tag?post=12505"}],"curies":[{"name":"wp","href":"https:\/\/api.w.org\/{rel}","templated":true}]}}