{"id":12703,"date":"2025-07-10T13:36:27","date_gmt":"2025-07-10T13:36:27","guid":{"rendered":"https:\/\/muvluxe.com\/product\/triple-white-2022\/"},"modified":"2025-10-15T10:47:25","modified_gmt":"2025-10-15T10:47:25","slug":"triple-white-2022","status":"publish","type":"product","link":"https:\/\/muvluxe.com\/it\/prodotto\/triple-white-2022\/","title":{"rendered":"Triple White (2022)"},"content":{"rendered":"<p>Modello di cultura emblematico sneakers, L\u00e0&nbsp;<strong>Air Force 1 Low<\/strong>&nbsp;\u00e8 ora rivisitato e prende altezza.<\/p>\n<p>L\u00e0&nbsp;<strong>Nike Air Force 1 Low piattaforma Triple White<\/strong>&nbsp;rivela una parte superiore&nbsp;<strong>pelle bianca a grana<\/strong>&nbsp;in alcuni punti e&nbsp;<strong>liscio<\/strong>&nbsp;da altri luoghi. Questa versione offre un design futuristico con a&nbsp;<strong>Swoosh<\/strong>&nbsp;A cavallo laterale a cavallo tra la tomaia e l\u2019intersuola mentre la suola era ispessita. Di solito vestito nella menzione \u201c<strong>Af1<\/strong>\u201c, Deubr\u00e9s sono vergini qui mentre il riferimento della coppia \u00e8&nbsp;<strong>ricamato<\/strong>&nbsp;Appena sotto.<\/p>\n<p>Utilizzando i codici leggendari Air Force 1 Low, questa nuova versione firmata&nbsp;<strong>Nike<\/strong>&nbsp;Per favore, gli amanti delle curve reinventate.<\/p>","protected":false},"excerpt":{"rendered":"<p>Modello di cultura emblematico sneakers, L\u00e0&nbsp;Air Force 1 Low&nbsp;\u00e8 ora rivisitato e prende altezza. L\u00e0&nbsp;Nike Air Force 1 Low piattaforma Triple White&nbsp;rivela una parte superiore&nbsp;pelle bianca a grana&nbsp;in alcuni punti e&nbsp;liscio&nbsp;da altri luoghi. Questa versione offre un design futuristico con a&nbsp;Swoosh&nbsp;A cavallo laterale a cavallo tra la tomaia e l\u2019intersuola mentre la suola era ispessita. [&hellip;]<\/p>\n","protected":false},"featured_media":12700,"template":"","meta":[],"product_brand":[292],"product_cat":[294,15,293],"product_tag":[],"class_list":{"0":"post-12703","1":"product","2":"type-product","3":"status-publish","4":"has-post-thumbnail","6":"product_brand-air-jordan","7":"product_cat-air-jordan-1","8":"product_cat-all","9":"product_cat-sneakers","11":"first","12":"instock","13":"sale","14":"shipping-taxable","15":"purchasable","16":"product-type-variable"},"jetpack_sharing_enabled":true,"_links":{"self":[{"href":"https:\/\/muvluxe.com\/it\/wp-json\/wp\/v2\/product\/12703","targetHints":{"allow":["GET"]}}],"collection":[{"href":"https:\/\/muvluxe.com\/it\/wp-json\/wp\/v2\/product"}],"about":[{"href":"https:\/\/muvluxe.com\/it\/wp-json\/wp\/v2\/types\/product"}],"wp:featuredmedia":[{"embeddable":true,"href":"https:\/\/muvluxe.com\/it\/wp-json\/wp\/v2\/media\/12700"}],"wp:attachment":[{"href":"https:\/\/muvluxe.com\/it\/wp-json\/wp\/v2\/media?parent=12703"}],"wp:term":[{"taxonomy":"product_brand","embeddable":true,"href":"https:\/\/muvluxe.com\/it\/wp-json\/wp\/v2\/product_brand?post=12703"},{"taxonomy":"product_cat","embeddable":true,"href":"https:\/\/muvluxe.com\/it\/wp-json\/wp\/v2\/product_cat?post=12703"},{"taxonomy":"product_tag","embeddable":true,"href":"https:\/\/muvluxe.com\/it\/wp-json\/wp\/v2\/product_tag?post=12703"}],"curies":[{"name":"wp","href":"https:\/\/api.w.org\/{rel}","templated":true}]}}