{"id":12835,"date":"2025-07-10T13:37:35","date_gmt":"2025-07-10T13:37:35","guid":{"rendered":"https:\/\/muvluxe.com\/product\/craft-tech-grey\/"},"modified":"2025-10-15T10:46:52","modified_gmt":"2025-10-15T10:46:52","slug":"craft-tech-grey","status":"publish","type":"product","link":"https:\/\/muvluxe.com\/it\/prodotto\/craft-tech-grey\/","title":{"rendered":"Craft Tech Grey"},"content":{"rendered":"<p>Nike svela una nuova raffinata declinazione del <strong>Air Jordan 1 Low<\/strong>, perfetto per l\u2019estate.<\/p>\n<p>Questa<strong>Air Jordan 1 Low SE Craft Grigio tecnologico<\/strong>&nbsp;presenta una base in&nbsp;<strong>Pelle testurizzata bianca<\/strong>, accompagnato da pannelli in&nbsp;<strong>Pelle grigia liscia e strutturata<\/strong>. IL&nbsp;<strong>Swoosh<\/strong>&nbsp;rivela una produzione in&nbsp;<strong>Suede beige<\/strong>, concesso al passaggio e all\u2019Emi\u00e8cement A livello degli occhielli. L\u00e0&nbsp;<strong>mousse<\/strong>&nbsp;\u00e8 lasciato evidente sulla lingua e sulla scollatura per un effetto non strutturato.<\/p>","protected":false},"excerpt":{"rendered":"<p>Nike svela una nuova raffinata declinazione del Air Jordan 1 Low, perfetto per l\u2019estate. QuestaAir Jordan 1 Low SE Craft Grigio tecnologico&nbsp;presenta una base in&nbsp;Pelle testurizzata bianca, accompagnato da pannelli in&nbsp;Pelle grigia liscia e strutturata. IL&nbsp;Swoosh&nbsp;rivela una produzione in&nbsp;Suede beige, concesso al passaggio e all\u2019Emi\u00e8cement A livello degli occhielli. L\u00e0&nbsp;mousse&nbsp;\u00e8 lasciato evidente sulla lingua e [&hellip;]<\/p>\n","protected":false},"featured_media":12832,"template":"","meta":[],"product_brand":[292],"product_cat":[294,15,293],"product_tag":[],"class_list":{"0":"post-12835","1":"product","2":"type-product","3":"status-publish","4":"has-post-thumbnail","6":"product_brand-air-jordan","7":"product_cat-air-jordan-1","8":"product_cat-all","9":"product_cat-sneakers","11":"first","12":"instock","13":"sale","14":"shipping-taxable","15":"purchasable","16":"product-type-variable"},"jetpack_sharing_enabled":true,"_links":{"self":[{"href":"https:\/\/muvluxe.com\/it\/wp-json\/wp\/v2\/product\/12835","targetHints":{"allow":["GET"]}}],"collection":[{"href":"https:\/\/muvluxe.com\/it\/wp-json\/wp\/v2\/product"}],"about":[{"href":"https:\/\/muvluxe.com\/it\/wp-json\/wp\/v2\/types\/product"}],"wp:featuredmedia":[{"embeddable":true,"href":"https:\/\/muvluxe.com\/it\/wp-json\/wp\/v2\/media\/12832"}],"wp:attachment":[{"href":"https:\/\/muvluxe.com\/it\/wp-json\/wp\/v2\/media?parent=12835"}],"wp:term":[{"taxonomy":"product_brand","embeddable":true,"href":"https:\/\/muvluxe.com\/it\/wp-json\/wp\/v2\/product_brand?post=12835"},{"taxonomy":"product_cat","embeddable":true,"href":"https:\/\/muvluxe.com\/it\/wp-json\/wp\/v2\/product_cat?post=12835"},{"taxonomy":"product_tag","embeddable":true,"href":"https:\/\/muvluxe.com\/it\/wp-json\/wp\/v2\/product_tag?post=12835"}],"curies":[{"name":"wp","href":"https:\/\/api.w.org\/{rel}","templated":true}]}}