{"id":12966,"date":"2025-07-10T13:38:43","date_gmt":"2025-07-10T13:38:43","guid":{"rendered":"https:\/\/muvluxe.com\/product\/fearless-maison\/"},"modified":"2025-10-15T10:46:48","modified_gmt":"2025-10-15T10:46:48","slug":"fearless-maison","status":"publish","type":"product","link":"https:\/\/muvluxe.com\/it\/prodotto\/fearless-maison\/","title":{"rendered":"Fearless Maison"},"content":{"rendered":"<p>La collezione&nbsp;<strong>Fearless<\/strong>&nbsp;\u00e8 completato da a Jordan 1 Mid colorato. L\u00e0 Jordan 1 Mid Fearless Maison Ch\u00e2teau rouge \u00e8 il frutto della collaborazione tra l\u2019etichetta parigina&nbsp;<strong>Maison Ch\u00e2teau rouge<\/strong>&nbsp;Fondato nel 2015 e il marchio&nbsp;<strong>Jumpman<\/strong>&nbsp;!<\/p>\n<p>Il marchio del distretto di Goutte d\u2019Or offre varie collezioni innovative alle influenze africane con molto lavoro fornito su&nbsp;<strong>Materiali<\/strong>&nbsp;e il&nbsp;<strong>colori<\/strong>. La tomaia della coppia \u00e8 composta principalmente da pelle marrone, giallo pallido e blu chiaro. Ogni empe\u00e8cement La coppia \u00e8 in rilievo da piccoli motivi. Le linee dei lacci occupano i colori della coppia. Troviamo il marchio Jordan con ali e swoosh ma anche il nome Maison Ch\u00e2teau rouge indietro. Tutto finisce in una suola crema e gialla.<\/p>","protected":false},"excerpt":{"rendered":"<p>La collezione&nbsp;Fearless&nbsp;\u00e8 completato da a Jordan 1 Mid colorato. L\u00e0 Jordan 1 Mid Fearless Maison Ch\u00e2teau rouge \u00e8 il frutto della collaborazione tra l\u2019etichetta parigina&nbsp;Maison Ch\u00e2teau rouge&nbsp;Fondato nel 2015 e il marchio&nbsp;Jumpman&nbsp;! Il marchio del distretto di Goutte d\u2019Or offre varie collezioni innovative alle influenze africane con molto lavoro fornito su&nbsp;Materiali&nbsp;e il&nbsp;colori. La tomaia della [&hellip;]<\/p>\n","protected":false},"featured_media":12963,"template":"","meta":[],"product_brand":[292],"product_cat":[294,15,293],"product_tag":[],"class_list":{"0":"post-12966","1":"product","2":"type-product","3":"status-publish","4":"has-post-thumbnail","6":"product_brand-air-jordan","7":"product_cat-air-jordan-1","8":"product_cat-all","9":"product_cat-sneakers","11":"first","12":"instock","13":"sale","14":"shipping-taxable","15":"purchasable","16":"product-type-variable"},"jetpack_sharing_enabled":true,"_links":{"self":[{"href":"https:\/\/muvluxe.com\/it\/wp-json\/wp\/v2\/product\/12966","targetHints":{"allow":["GET"]}}],"collection":[{"href":"https:\/\/muvluxe.com\/it\/wp-json\/wp\/v2\/product"}],"about":[{"href":"https:\/\/muvluxe.com\/it\/wp-json\/wp\/v2\/types\/product"}],"wp:featuredmedia":[{"embeddable":true,"href":"https:\/\/muvluxe.com\/it\/wp-json\/wp\/v2\/media\/12963"}],"wp:attachment":[{"href":"https:\/\/muvluxe.com\/it\/wp-json\/wp\/v2\/media?parent=12966"}],"wp:term":[{"taxonomy":"product_brand","embeddable":true,"href":"https:\/\/muvluxe.com\/it\/wp-json\/wp\/v2\/product_brand?post=12966"},{"taxonomy":"product_cat","embeddable":true,"href":"https:\/\/muvluxe.com\/it\/wp-json\/wp\/v2\/product_cat?post=12966"},{"taxonomy":"product_tag","embeddable":true,"href":"https:\/\/muvluxe.com\/it\/wp-json\/wp\/v2\/product_tag?post=12966"}],"curies":[{"name":"wp","href":"https:\/\/api.w.org\/{rel}","templated":true}]}}