{"id":13142,"date":"2025-07-10T13:40:27","date_gmt":"2025-07-10T13:40:27","guid":{"rendered":"https:\/\/muvluxe.com\/product\/particle-beige\/"},"modified":"2025-10-15T10:44:33","modified_gmt":"2025-10-15T10:44:33","slug":"particle-beige","status":"publish","type":"product","link":"https:\/\/muvluxe.com\/it\/prodotto\/particle-beige\/","title":{"rendered":"Particle Beige"},"content":{"rendered":"<p class=\"p1\">Quando si tratta di rifiutare il suo modello in Vogue, il marchio al Jumpman non manca di immaginazione. Materiali vari e codici a colori sempre pi\u00f9 originali: il&nbsp;<span class=\"s1\"><b>Air Jordan 1 Mid<\/b><\/span>&nbsp;\u00e8 ora presente in tutte le sue forme.<\/p>\n<p>L\u00e0&nbsp;<strong>Air Jordan 1 Mid Foglie beige<\/strong>&nbsp;Visualizza una costruzione bi-materiale, miscelando la pelle e la Svezia. Per quanto riguarda il colore, c\u2019\u00e8 una palette di colori delicata composta da diverse tonalit\u00e0 di&nbsp;<strong>beige rosa<\/strong>&nbsp;Al livello superiore, combinato con&nbsp;<strong>Marrone chiaro<\/strong>&nbsp;E&nbsp;<strong>nero<\/strong>&nbsp;verso la caviglia. Piccolo dettaglio particolare, a&nbsp;<strong>finitura irisee<\/strong>&nbsp;Sul toebox arriva perfettamente il tutto.<\/p>\n<p class=\"p2\">Sul fronte del palco da diversi mesi ormai, il&nbsp;<strong>Air Jordan 1 Mid<\/strong>&nbsp;sembra continuare la sua ascesa per rimettersi in s\u00e9 quest\u2019anno come modello di punta Jordan.<\/p>","protected":false},"excerpt":{"rendered":"<p>Quando si tratta di rifiutare il suo modello in Vogue, il marchio al Jumpman non manca di immaginazione. Materiali vari e codici a colori sempre pi\u00f9 originali: il&nbsp;Air Jordan 1 Mid&nbsp;\u00e8 ora presente in tutte le sue forme. L\u00e0&nbsp;Air Jordan 1 Mid Foglie beige&nbsp;Visualizza una costruzione bi-materiale, miscelando la pelle e la Svezia. Per quanto [&hellip;]<\/p>\n","protected":false},"featured_media":13139,"template":"","meta":[],"product_brand":[292],"product_cat":[294,15,293],"product_tag":[],"class_list":{"0":"post-13142","1":"product","2":"type-product","3":"status-publish","4":"has-post-thumbnail","6":"product_brand-air-jordan","7":"product_cat-air-jordan-1","8":"product_cat-all","9":"product_cat-sneakers","11":"first","12":"instock","13":"sale","14":"shipping-taxable","15":"purchasable","16":"product-type-variable"},"jetpack_sharing_enabled":true,"_links":{"self":[{"href":"https:\/\/muvluxe.com\/it\/wp-json\/wp\/v2\/product\/13142","targetHints":{"allow":["GET"]}}],"collection":[{"href":"https:\/\/muvluxe.com\/it\/wp-json\/wp\/v2\/product"}],"about":[{"href":"https:\/\/muvluxe.com\/it\/wp-json\/wp\/v2\/types\/product"}],"wp:featuredmedia":[{"embeddable":true,"href":"https:\/\/muvluxe.com\/it\/wp-json\/wp\/v2\/media\/13139"}],"wp:attachment":[{"href":"https:\/\/muvluxe.com\/it\/wp-json\/wp\/v2\/media?parent=13142"}],"wp:term":[{"taxonomy":"product_brand","embeddable":true,"href":"https:\/\/muvluxe.com\/it\/wp-json\/wp\/v2\/product_brand?post=13142"},{"taxonomy":"product_cat","embeddable":true,"href":"https:\/\/muvluxe.com\/it\/wp-json\/wp\/v2\/product_cat?post=13142"},{"taxonomy":"product_tag","embeddable":true,"href":"https:\/\/muvluxe.com\/it\/wp-json\/wp\/v2\/product_tag?post=13142"}],"curies":[{"name":"wp","href":"https:\/\/api.w.org\/{rel}","templated":true}]}}