{"id":13230,"date":"2025-07-10T13:41:16","date_gmt":"2025-07-10T13:41:16","guid":{"rendered":"https:\/\/muvluxe.com\/product\/cherrywood-red\/"},"modified":"2025-10-15T10:44:31","modified_gmt":"2025-10-15T10:44:31","slug":"cherrywood-red","status":"publish","type":"product","link":"https:\/\/muvluxe.com\/it\/prodotto\/cherrywood-red\/","title":{"rendered":"Cherrywood Red"},"content":{"rendered":"<p>La silhouette alla moda per sorgere dell\u2019asta da&nbsp;<a class=\"\" href=\"https:\/\/wethenew.com\/it\/collections\/air-jordan\"><strong>Jordan Brand<\/strong><\/a>&nbsp;\u00e8 tornato con un nuovo colore a due colore.<\/p>\n<p>L\u00e0<strong>Air Jordan 1 Mid Legno di ciliegio Red<\/strong>&nbsp;\u00e8 rivelato attraverso una base in&nbsp;<strong>pelle grigia<\/strong>&nbsp;sormontato da&nbsp;<strong>Pelle di colore rosso ciliegia<\/strong>. Il logo&nbsp;<strong>Ali<\/strong>&nbsp;White apposto sulla caviglia arriva a concordare con l\u2019intersuola per portare un tocco di contrasto e concludere tutto.<\/p>\n<p>Efficace e stagionale, questo&nbsp;<strong>Air Jordan 1 Mid<\/strong>&nbsp;\u00e8 destinato a piccole dimensioni.<\/p>","protected":false},"excerpt":{"rendered":"<p>La silhouette alla moda per sorgere dell\u2019asta da&nbsp;Jordan Brand&nbsp;\u00e8 tornato con un nuovo colore a due colore. L\u00e0Air Jordan 1 Mid Legno di ciliegio Red&nbsp;\u00e8 rivelato attraverso una base in&nbsp;pelle grigia&nbsp;sormontato da&nbsp;Pelle di colore rosso ciliegia. Il logo&nbsp;Ali&nbsp;White apposto sulla caviglia arriva a concordare con l\u2019intersuola per portare un tocco di contrasto e concludere tutto. [&hellip;]<\/p>\n","protected":false},"featured_media":13227,"template":"","meta":[],"product_brand":[292],"product_cat":[294,15,293],"product_tag":[],"class_list":{"0":"post-13230","1":"product","2":"type-product","3":"status-publish","4":"has-post-thumbnail","6":"product_brand-air-jordan","7":"product_cat-air-jordan-1","8":"product_cat-all","9":"product_cat-sneakers","11":"first","12":"instock","13":"sale","14":"shipping-taxable","15":"purchasable","16":"product-type-variable"},"jetpack_sharing_enabled":true,"_links":{"self":[{"href":"https:\/\/muvluxe.com\/it\/wp-json\/wp\/v2\/product\/13230","targetHints":{"allow":["GET"]}}],"collection":[{"href":"https:\/\/muvluxe.com\/it\/wp-json\/wp\/v2\/product"}],"about":[{"href":"https:\/\/muvluxe.com\/it\/wp-json\/wp\/v2\/types\/product"}],"wp:featuredmedia":[{"embeddable":true,"href":"https:\/\/muvluxe.com\/it\/wp-json\/wp\/v2\/media\/13227"}],"wp:attachment":[{"href":"https:\/\/muvluxe.com\/it\/wp-json\/wp\/v2\/media?parent=13230"}],"wp:term":[{"taxonomy":"product_brand","embeddable":true,"href":"https:\/\/muvluxe.com\/it\/wp-json\/wp\/v2\/product_brand?post=13230"},{"taxonomy":"product_cat","embeddable":true,"href":"https:\/\/muvluxe.com\/it\/wp-json\/wp\/v2\/product_cat?post=13230"},{"taxonomy":"product_tag","embeddable":true,"href":"https:\/\/muvluxe.com\/it\/wp-json\/wp\/v2\/product_tag?post=13230"}],"curies":[{"name":"wp","href":"https:\/\/api.w.org\/{rel}","templated":true}]}}