{"id":13273,"date":"2025-07-10T13:41:36","date_gmt":"2025-07-10T13:41:36","guid":{"rendered":"https:\/\/muvluxe.com\/product\/coral-chalk-pink\/"},"modified":"2025-10-15T10:42:57","modified_gmt":"2025-10-15T10:42:57","slug":"coral-chalk-pink","status":"publish","type":"product","link":"https:\/\/muvluxe.com\/it\/prodotto\/coral-chalk-pink\/","title":{"rendered":"Coral Chalk Pink"},"content":{"rendered":"<p>nike Continua le variazioni del <strong>Air Jordan 1 Mid<\/strong>e ci presenta un colore a&nbsp;<strong>toni rose-caramella<\/strong>.<\/p>\n<p>L\u00e0&nbsp;<strong>Air Jordan 1 Mid Gesso di corallo Pink<\/strong>&nbsp;Indossa una base in pelle nera su cui troviamo la sovrapposizione dei pannelli rose e Fuschia. Il salto sulla lingua prende anche una tonalit\u00e0 rose Per essere d\u2019accordo con il resto della scarpa.<\/p>\n<p>Se l\u2019aspetto \u00e8 nuovo, la sensibilit\u00e0 di design rimane lo stesso. \u00c8 ancora solido e beneficia della luce ammortita&nbsp;<span style=\"text-decoration: underline\"><strong>Air Jordan 1 Mid<\/strong><\/span>.<\/p>","protected":false},"excerpt":{"rendered":"<p>nike Continua le variazioni del Air Jordan 1 Mide ci presenta un colore a&nbsp;toni rose-caramella. L\u00e0&nbsp;Air Jordan 1 Mid Gesso di corallo Pink&nbsp;Indossa una base in pelle nera su cui troviamo la sovrapposizione dei pannelli rose e Fuschia. Il salto sulla lingua prende anche una tonalit\u00e0 rose Per essere d\u2019accordo con il resto della scarpa. [&hellip;]<\/p>\n","protected":false},"featured_media":13270,"template":"","meta":[],"product_brand":[292],"product_cat":[294,15,293],"product_tag":[],"class_list":{"0":"post-13273","1":"product","2":"type-product","3":"status-publish","4":"has-post-thumbnail","6":"product_brand-air-jordan","7":"product_cat-air-jordan-1","8":"product_cat-all","9":"product_cat-sneakers","11":"first","12":"instock","13":"sale","14":"shipping-taxable","15":"purchasable","16":"product-type-variable"},"jetpack_sharing_enabled":true,"_links":{"self":[{"href":"https:\/\/muvluxe.com\/it\/wp-json\/wp\/v2\/product\/13273","targetHints":{"allow":["GET"]}}],"collection":[{"href":"https:\/\/muvluxe.com\/it\/wp-json\/wp\/v2\/product"}],"about":[{"href":"https:\/\/muvluxe.com\/it\/wp-json\/wp\/v2\/types\/product"}],"wp:featuredmedia":[{"embeddable":true,"href":"https:\/\/muvluxe.com\/it\/wp-json\/wp\/v2\/media\/13270"}],"wp:attachment":[{"href":"https:\/\/muvluxe.com\/it\/wp-json\/wp\/v2\/media?parent=13273"}],"wp:term":[{"taxonomy":"product_brand","embeddable":true,"href":"https:\/\/muvluxe.com\/it\/wp-json\/wp\/v2\/product_brand?post=13273"},{"taxonomy":"product_cat","embeddable":true,"href":"https:\/\/muvluxe.com\/it\/wp-json\/wp\/v2\/product_cat?post=13273"},{"taxonomy":"product_tag","embeddable":true,"href":"https:\/\/muvluxe.com\/it\/wp-json\/wp\/v2\/product_tag?post=13273"}],"curies":[{"name":"wp","href":"https:\/\/api.w.org\/{rel}","templated":true}]}}