{"id":13910,"date":"2025-07-10T13:48:23","date_gmt":"2025-07-10T13:48:23","guid":{"rendered":"https:\/\/muvluxe.com\/product\/white-metallic-gold-obsidian\/"},"modified":"2025-10-15T10:37:03","modified_gmt":"2025-10-15T10:37:03","slug":"white-metallic-gold-obsidian","status":"publish","type":"product","link":"https:\/\/muvluxe.com\/it\/prodotto\/white-metallic-gold-obsidian\/","title":{"rendered":"White Metallic Gold Obsidian"},"content":{"rendered":"<p>Silhouette alla moda, il&nbsp;<strong>Air Jordan 1 Mid<\/strong>&nbsp;\u00e8 disponibile in una nuova iterazione a due colori.<\/p>\n<p>L\u00e0<strong>Air Jordan 1 Mid White Metallic Gold Obsidian<\/strong>&nbsp;Visualizza una base in&nbsp;<strong>pelle bianca<\/strong>&nbsp;sublimato da sovrapposizioni in&nbsp;<strong>pelle blu molto scuro, quasi nera<\/strong>. Apposto sulla caviglia, il logo&nbsp;<strong>Ali<\/strong>&nbsp;\u00e8 perfettamente evidenziato nella sua tonalit\u00e0 immacolata mentre il marchio della lingua \u00e8 presentato in un colore&nbsp;<strong>D\u2019oro<\/strong>&nbsp;E contrasta con il resto della coppia.<\/p>\n<p>Efficace quanto sobrio, questa nuova versione del&nbsp;<strong>Aj1 Mid<\/strong>&nbsp;sedurr\u00e0 pi\u00f9 di uno.<\/p>","protected":false},"excerpt":{"rendered":"<p>Silhouette alla moda, il&nbsp;Air Jordan 1 Mid&nbsp;\u00e8 disponibile in una nuova iterazione a due colori. L\u00e0Air Jordan 1 Mid White Metallic Gold Obsidian&nbsp;Visualizza una base in&nbsp;pelle bianca&nbsp;sublimato da sovrapposizioni in&nbsp;pelle blu molto scuro, quasi nera. Apposto sulla caviglia, il logo&nbsp;Ali&nbsp;\u00e8 perfettamente evidenziato nella sua tonalit\u00e0 immacolata mentre il marchio della lingua \u00e8 presentato in un [&hellip;]<\/p>\n","protected":false},"featured_media":13907,"template":"","meta":[],"product_brand":[292],"product_cat":[294,15,293],"product_tag":[],"class_list":{"0":"post-13910","1":"product","2":"type-product","3":"status-publish","4":"has-post-thumbnail","6":"product_brand-air-jordan","7":"product_cat-air-jordan-1","8":"product_cat-all","9":"product_cat-sneakers","11":"first","12":"instock","13":"sale","14":"shipping-taxable","15":"purchasable","16":"product-type-variable"},"jetpack_sharing_enabled":true,"_links":{"self":[{"href":"https:\/\/muvluxe.com\/it\/wp-json\/wp\/v2\/product\/13910","targetHints":{"allow":["GET"]}}],"collection":[{"href":"https:\/\/muvluxe.com\/it\/wp-json\/wp\/v2\/product"}],"about":[{"href":"https:\/\/muvluxe.com\/it\/wp-json\/wp\/v2\/types\/product"}],"wp:featuredmedia":[{"embeddable":true,"href":"https:\/\/muvluxe.com\/it\/wp-json\/wp\/v2\/media\/13907"}],"wp:attachment":[{"href":"https:\/\/muvluxe.com\/it\/wp-json\/wp\/v2\/media?parent=13910"}],"wp:term":[{"taxonomy":"product_brand","embeddable":true,"href":"https:\/\/muvluxe.com\/it\/wp-json\/wp\/v2\/product_brand?post=13910"},{"taxonomy":"product_cat","embeddable":true,"href":"https:\/\/muvluxe.com\/it\/wp-json\/wp\/v2\/product_cat?post=13910"},{"taxonomy":"product_tag","embeddable":true,"href":"https:\/\/muvluxe.com\/it\/wp-json\/wp\/v2\/product_tag?post=13910"}],"curies":[{"name":"wp","href":"https:\/\/api.w.org\/{rel}","templated":true}]}}