{"id":13932,"date":"2025-07-10T13:48:31","date_gmt":"2025-07-10T13:48:31","guid":{"rendered":"https:\/\/muvluxe.com\/product\/french-blue-fire-red\/"},"modified":"2025-10-15T10:37:03","modified_gmt":"2025-10-15T10:37:03","slug":"french-blue-fire-red","status":"publish","type":"product","link":"https:\/\/muvluxe.com\/it\/prodotto\/french-blue-fire-red\/","title":{"rendered":"French Blue Fire Red"},"content":{"rendered":"<p>Tra i modelli pi\u00f9 popolari del catalogo&nbsp;<strong>Jordan Brand<\/strong>, L\u00e0&nbsp;<strong>Air Jordan 1 Mid<\/strong>&nbsp;\u00e8 tornato in un nuovo colore della luce.<\/p>\n<p>L\u00e0&nbsp;<strong>Air Jordan 1 Mid French Blue Fire Red<\/strong>&nbsp;presenta una base in&nbsp;<strong>pelle bianca<\/strong>&nbsp;sormontato da&nbsp;<strong>Svezia azzurra<\/strong>. IL&nbsp;<strong>Swoosh<\/strong>&nbsp;lato, mostra una confezione in&nbsp;<strong>pelle grigia<\/strong>, abbinando la suola in&nbsp;<strong>gomma<\/strong>. Fino ad allora, questo modello ricorda da vicino il&nbsp;<strong>Air Jordan 1 Retro High OG Hyper Royal<\/strong>. La differenza risiede nel suo stelo leggermente pi\u00f9 basso, ma anche nei lacci e un rivestimento blu, nonch\u00e9 nei marchi rossi che contrastano con l\u2019aspetto della coppia.<\/p>\n<p>Questa nuova iterazione di&nbsp;<strong>Aj1 Mid<\/strong>&nbsp;Per favore molti fan del modello.<\/p>","protected":false},"excerpt":{"rendered":"<p>Tra i modelli pi\u00f9 popolari del catalogo&nbsp;Jordan Brand, L\u00e0&nbsp;Air Jordan 1 Mid&nbsp;\u00e8 tornato in un nuovo colore della luce. L\u00e0&nbsp;Air Jordan 1 Mid French Blue Fire Red&nbsp;presenta una base in&nbsp;pelle bianca&nbsp;sormontato da&nbsp;Svezia azzurra. IL&nbsp;Swoosh&nbsp;lato, mostra una confezione in&nbsp;pelle grigia, abbinando la suola in&nbsp;gomma. Fino ad allora, questo modello ricorda da vicino il&nbsp;Air Jordan 1 Retro [&hellip;]<\/p>\n","protected":false},"featured_media":13929,"template":"","meta":[],"product_brand":[292],"product_cat":[294,15,293],"product_tag":[],"class_list":{"0":"post-13932","1":"product","2":"type-product","3":"status-publish","4":"has-post-thumbnail","6":"product_brand-air-jordan","7":"product_cat-air-jordan-1","8":"product_cat-all","9":"product_cat-sneakers","11":"first","12":"instock","13":"sale","14":"shipping-taxable","15":"purchasable","16":"product-type-variable"},"jetpack_sharing_enabled":true,"_links":{"self":[{"href":"https:\/\/muvluxe.com\/it\/wp-json\/wp\/v2\/product\/13932","targetHints":{"allow":["GET"]}}],"collection":[{"href":"https:\/\/muvluxe.com\/it\/wp-json\/wp\/v2\/product"}],"about":[{"href":"https:\/\/muvluxe.com\/it\/wp-json\/wp\/v2\/types\/product"}],"wp:featuredmedia":[{"embeddable":true,"href":"https:\/\/muvluxe.com\/it\/wp-json\/wp\/v2\/media\/13929"}],"wp:attachment":[{"href":"https:\/\/muvluxe.com\/it\/wp-json\/wp\/v2\/media?parent=13932"}],"wp:term":[{"taxonomy":"product_brand","embeddable":true,"href":"https:\/\/muvluxe.com\/it\/wp-json\/wp\/v2\/product_brand?post=13932"},{"taxonomy":"product_cat","embeddable":true,"href":"https:\/\/muvluxe.com\/it\/wp-json\/wp\/v2\/product_cat?post=13932"},{"taxonomy":"product_tag","embeddable":true,"href":"https:\/\/muvluxe.com\/it\/wp-json\/wp\/v2\/product_tag?post=13932"}],"curies":[{"name":"wp","href":"https:\/\/api.w.org\/{rel}","templated":true}]}}