{"id":13954,"date":"2025-07-10T13:48:43","date_gmt":"2025-07-10T13:48:43","guid":{"rendered":"https:\/\/muvluxe.com\/product\/ice-blue-black\/"},"modified":"2025-10-15T10:37:02","modified_gmt":"2025-10-15T10:37:02","slug":"ice-blue-black","status":"publish","type":"product","link":"https:\/\/muvluxe.com\/it\/prodotto\/ice-blue-black\/","title":{"rendered":"Ice Blue Black"},"content":{"rendered":"<p>Una delle silhouette pi\u00f9 alla moda del momento \u00e8 tornata in una nuova versione di Tricolor, il&nbsp;<strong>Air Jordan 1 Mid<\/strong>.<\/p>\n<p>L\u00e0<strong>Air Jordan 1 Mid Lucky Green<\/strong>&nbsp;presenta una base in&nbsp;<strong>Pelle bianca liscia<\/strong>, accompagnato da sovrapposizioni in&nbsp;<strong>pelle verde<\/strong>&nbsp;E dettagli neri come marchi e suola. Un assortimento di colori che ricorda quello del franchise&nbsp;<strong>NBA<\/strong>&nbsp;delle&nbsp;<strong>Boston Celtics<\/strong>.<\/p>","protected":false},"excerpt":{"rendered":"<p>Una delle silhouette pi\u00f9 alla moda del momento \u00e8 tornata in una nuova versione di Tricolor, il&nbsp;Air Jordan 1 Mid. L\u00e0Air Jordan 1 Mid Lucky Green&nbsp;presenta una base in&nbsp;Pelle bianca liscia, accompagnato da sovrapposizioni in&nbsp;pelle verde&nbsp;E dettagli neri come marchi e suola. Un assortimento di colori che ricorda quello del franchise&nbsp;NBA&nbsp;delle&nbsp;Boston Celtics.<\/p>","protected":false},"featured_media":13951,"template":"","meta":[],"product_brand":[292],"product_cat":[294,15,293],"product_tag":[],"class_list":{"0":"post-13954","1":"product","2":"type-product","3":"status-publish","4":"has-post-thumbnail","6":"product_brand-air-jordan","7":"product_cat-air-jordan-1","8":"product_cat-all","9":"product_cat-sneakers","11":"first","12":"instock","13":"sale","14":"shipping-taxable","15":"purchasable","16":"product-type-variable"},"jetpack_sharing_enabled":true,"_links":{"self":[{"href":"https:\/\/muvluxe.com\/it\/wp-json\/wp\/v2\/product\/13954","targetHints":{"allow":["GET"]}}],"collection":[{"href":"https:\/\/muvluxe.com\/it\/wp-json\/wp\/v2\/product"}],"about":[{"href":"https:\/\/muvluxe.com\/it\/wp-json\/wp\/v2\/types\/product"}],"wp:featuredmedia":[{"embeddable":true,"href":"https:\/\/muvluxe.com\/it\/wp-json\/wp\/v2\/media\/13951"}],"wp:attachment":[{"href":"https:\/\/muvluxe.com\/it\/wp-json\/wp\/v2\/media?parent=13954"}],"wp:term":[{"taxonomy":"product_brand","embeddable":true,"href":"https:\/\/muvluxe.com\/it\/wp-json\/wp\/v2\/product_brand?post=13954"},{"taxonomy":"product_cat","embeddable":true,"href":"https:\/\/muvluxe.com\/it\/wp-json\/wp\/v2\/product_cat?post=13954"},{"taxonomy":"product_tag","embeddable":true,"href":"https:\/\/muvluxe.com\/it\/wp-json\/wp\/v2\/product_tag?post=13954"}],"curies":[{"name":"wp","href":"https:\/\/api.w.org\/{rel}","templated":true}]}}