{"id":14631,"date":"2025-07-10T14:11:16","date_gmt":"2025-07-10T14:11:16","guid":{"rendered":"https:\/\/muvluxe.com\/product\/fragment-white-black\/"},"modified":"2025-10-15T12:40:45","modified_gmt":"2025-10-15T12:40:45","slug":"fragment-white-black","status":"publish","type":"product","link":"https:\/\/muvluxe.com\/it\/prodotto\/fragment-white-black\/","title":{"rendered":"Fragment White Black"},"content":{"rendered":"<p class=\"p1\">Remise sur le devant de la sc\u00e8ne sneakers depuis quelques semaines, la Air Jordan 3 se d\u00e9voile dans un coloris classique mais des plus efficaces !<\/p>\n<p class=\"p2\">La&nbsp;<strong>Air Jordan 3 Retro Fragment White Black<\/strong>&nbsp;adopte une base blanche monochrome en&nbsp;<strong>cuir grain\u00e9<\/strong>&nbsp;sublim\u00e9e par un&nbsp;<strong>mudguard noir<\/strong>, cette fois-ci en cuir lisse. D\u2019autres empi\u00e8cements en cuir perfor\u00e9 que l\u2019on retrouve au niveau des oeillets et du talon subliment la cr\u00e9ation pendant que les \u00e9l\u00e9ments de branding&nbsp;<strong>Fragment<\/strong>, l\u2019un emboss\u00e9 sur le c\u00f4t\u00e9 de la paire et l\u2019autre sur les talons finalisent l\u2019ensemble.<\/p>\n<p class=\"p2\">Venant se rajouter \u00e0 la gamme notamment aux c\u00f4t\u00e9s des versions&nbsp;<a class=\"\" href=\"https:\/\/wethenew.com\/products\/air-jordan-3-retro-laser-orange\"><strong>Laser Orange<\/strong><\/a>,&nbsp;<strong>UNC<\/strong>&nbsp;ou encore&nbsp;<strong>Varsity Royal<\/strong>, ce nouveau coloris est un intemporel id\u00e9al en toutes saisons.<\/p>","protected":false},"excerpt":{"rendered":"<p>Remise sur le devant de la sc\u00e8ne sneakers depuis quelques semaines, la Air Jordan 3 se d\u00e9voile dans un coloris classique mais des plus efficaces ! La&nbsp;Air Jordan 3 Retro Fragment White Black&nbsp;adopte une base blanche monochrome en&nbsp;cuir grain\u00e9&nbsp;sublim\u00e9e par un&nbsp;mudguard noir, cette fois-ci en cuir lisse. D\u2019autres empi\u00e8cements en cuir perfor\u00e9 que l\u2019on retrouve [&hellip;]<\/p>\n","protected":false},"featured_media":14627,"template":"","meta":[],"product_brand":[292],"product_cat":[295,15,293],"product_tag":[],"class_list":{"0":"post-14631","1":"product","2":"type-product","3":"status-publish","4":"has-post-thumbnail","6":"product_brand-air-jordan","7":"product_cat-air-jordan-3","8":"product_cat-all","9":"product_cat-sneakers","11":"first","12":"instock","13":"sale","14":"shipping-taxable","15":"purchasable","16":"product-type-variable"},"jetpack_sharing_enabled":true,"_links":{"self":[{"href":"https:\/\/muvluxe.com\/it\/wp-json\/wp\/v2\/product\/14631","targetHints":{"allow":["GET"]}}],"collection":[{"href":"https:\/\/muvluxe.com\/it\/wp-json\/wp\/v2\/product"}],"about":[{"href":"https:\/\/muvluxe.com\/it\/wp-json\/wp\/v2\/types\/product"}],"wp:featuredmedia":[{"embeddable":true,"href":"https:\/\/muvluxe.com\/it\/wp-json\/wp\/v2\/media\/14627"}],"wp:attachment":[{"href":"https:\/\/muvluxe.com\/it\/wp-json\/wp\/v2\/media?parent=14631"}],"wp:term":[{"taxonomy":"product_brand","embeddable":true,"href":"https:\/\/muvluxe.com\/it\/wp-json\/wp\/v2\/product_brand?post=14631"},{"taxonomy":"product_cat","embeddable":true,"href":"https:\/\/muvluxe.com\/it\/wp-json\/wp\/v2\/product_cat?post=14631"},{"taxonomy":"product_tag","embeddable":true,"href":"https:\/\/muvluxe.com\/it\/wp-json\/wp\/v2\/product_tag?post=14631"}],"curies":[{"name":"wp","href":"https:\/\/api.w.org\/{rel}","templated":true}]}}