{"id":14654,"date":"2025-07-10T14:11:49","date_gmt":"2025-07-10T14:11:49","guid":{"rendered":"https:\/\/muvluxe.com\/product\/racer-blue\/"},"modified":"2025-10-15T12:40:44","modified_gmt":"2025-10-15T12:40:44","slug":"racer-blue","status":"publish","type":"product","link":"https:\/\/muvluxe.com\/it\/prodotto\/racer-blue\/","title":{"rendered":"Racer Blue"},"content":{"rendered":"<p>La&nbsp;<strong>Jordan Brand<\/strong>&nbsp;continue d\u2019\u00e9toffer sa collection estivale avec cette fois-ci une nouvelle&nbsp;<strong>Air Jordan 3 Retro Racer Blue<\/strong>, qui se d\u00e9marque par un code couleur harmonieux.<\/p>\n<p>La&nbsp;<strong>Air Jordan 3 Retro Racer Blue<\/strong>&nbsp;affiche une empeigne en cuir grain\u00e9 blanc, coupl\u00e9e \u00e0 des motifs&nbsp;<strong>Elephant Print<\/strong>&nbsp;sur le talon et le mudguard. On note plusieurs touches d\u2019un&nbsp;<strong>bleu<\/strong>&nbsp;\u00e9lectrique pr\u00e8s du col, de la languette et de la midsole. D\u2019autres rappels de gris sur les \u0153illets et l\u2019outsole viennent peaufiner l\u2019ensemble.<\/p>\n<p>Proche de la&nbsp;<strong>Air Jordan 3 UNC<\/strong>, cette nouvelle \u00e9dition au coloris simple et efficace devrait ravir les fans de la&nbsp;<strong>Air Jordan 3<\/strong>&nbsp;!<\/p>","protected":false},"excerpt":{"rendered":"<p>La&nbsp;Jordan Brand&nbsp;continue d\u2019\u00e9toffer sa collection estivale avec cette fois-ci une nouvelle&nbsp;Air Jordan 3 Retro Racer Blue, qui se d\u00e9marque par un code couleur harmonieux. La&nbsp;Air Jordan 3 Retro Racer Blue&nbsp;affiche une empeigne en cuir grain\u00e9 blanc, coupl\u00e9e \u00e0 des motifs&nbsp;Elephant Print&nbsp;sur le talon et le mudguard. On note plusieurs touches d\u2019un&nbsp;bleu&nbsp;\u00e9lectrique pr\u00e8s du col, de [&hellip;]<\/p>\n","protected":false},"featured_media":14650,"template":"","meta":[],"product_brand":[292],"product_cat":[295,15,293],"product_tag":[],"class_list":{"0":"post-14654","1":"product","2":"type-product","3":"status-publish","4":"has-post-thumbnail","6":"product_brand-air-jordan","7":"product_cat-air-jordan-3","8":"product_cat-all","9":"product_cat-sneakers","11":"first","12":"instock","13":"sale","14":"shipping-taxable","15":"purchasable","16":"product-type-variable"},"jetpack_sharing_enabled":true,"_links":{"self":[{"href":"https:\/\/muvluxe.com\/it\/wp-json\/wp\/v2\/product\/14654","targetHints":{"allow":["GET"]}}],"collection":[{"href":"https:\/\/muvluxe.com\/it\/wp-json\/wp\/v2\/product"}],"about":[{"href":"https:\/\/muvluxe.com\/it\/wp-json\/wp\/v2\/types\/product"}],"wp:featuredmedia":[{"embeddable":true,"href":"https:\/\/muvluxe.com\/it\/wp-json\/wp\/v2\/media\/14650"}],"wp:attachment":[{"href":"https:\/\/muvluxe.com\/it\/wp-json\/wp\/v2\/media?parent=14654"}],"wp:term":[{"taxonomy":"product_brand","embeddable":true,"href":"https:\/\/muvluxe.com\/it\/wp-json\/wp\/v2\/product_brand?post=14654"},{"taxonomy":"product_cat","embeddable":true,"href":"https:\/\/muvluxe.com\/it\/wp-json\/wp\/v2\/product_cat?post=14654"},{"taxonomy":"product_tag","embeddable":true,"href":"https:\/\/muvluxe.com\/it\/wp-json\/wp\/v2\/product_tag?post=14654"}],"curies":[{"name":"wp","href":"https:\/\/api.w.org\/{rel}","templated":true}]}}