{"id":14769,"date":"2025-07-10T14:30:41","date_gmt":"2025-07-10T14:30:41","guid":{"rendered":"https:\/\/muvluxe.com\/product\/pine-green\/"},"modified":"2025-10-15T12:40:13","modified_gmt":"2025-10-15T12:40:13","slug":"pine-green","status":"publish","type":"product","link":"https:\/\/muvluxe.com\/it\/prodotto\/pine-green\/","title":{"rendered":"Pine Green"},"content":{"rendered":"<p>Pour finir l\u2019ann\u00e9e en beaut\u00e9, la marque au Jumpman s\u2019attaque \u00e0 la&nbsp;<strong>troisi\u00e8me silhouette<\/strong>&nbsp;signature de Jordan.<\/p>\n<p>La&nbsp;<strong>Air Jordan 3 Pine Green<\/strong>&nbsp;pr\u00e9sente une tige noire en su\u00e8de \u00e0 poils courts, compl\u00e9t\u00e9e de quelques \u00e9l\u00e9ments perfor\u00e9s gris clair et verts au niveau de la languette et de la cheville. Le design est compl\u00e9t\u00e9 d\u2019empi\u00e8cements en&nbsp;<strong>Elephant Print<\/strong>, ainsi que d\u2019une semelle bicolore qui y est accord\u00e9e.<\/p>\n<p>Appr\u00e9ci\u00e9 de la communaut\u00e9 de part le succ\u00e8s d\u2019autres mod\u00e8les comme la&nbsp;<strong>Air Jordan 1 Retro High Pine Green<\/strong>, ce coloris s\u2019adapte parfaitement au mod\u00e8le de 1988.<\/p>","protected":false},"excerpt":{"rendered":"<p>Pour finir l\u2019ann\u00e9e en beaut\u00e9, la marque au Jumpman s\u2019attaque \u00e0 la&nbsp;troisi\u00e8me silhouette&nbsp;signature de Jordan. La&nbsp;Air Jordan 3 Pine Green&nbsp;pr\u00e9sente une tige noire en su\u00e8de \u00e0 poils courts, compl\u00e9t\u00e9e de quelques \u00e9l\u00e9ments perfor\u00e9s gris clair et verts au niveau de la languette et de la cheville. Le design est compl\u00e9t\u00e9 d\u2019empi\u00e8cements en&nbsp;Elephant Print, ainsi que [&hellip;]<\/p>\n","protected":false},"featured_media":14765,"template":"","meta":[],"product_brand":[292],"product_cat":[295,15,293],"product_tag":[],"class_list":{"0":"post-14769","1":"product","2":"type-product","3":"status-publish","4":"has-post-thumbnail","6":"product_brand-air-jordan","7":"product_cat-air-jordan-3","8":"product_cat-all","9":"product_cat-sneakers","11":"first","12":"instock","13":"sale","14":"shipping-taxable","15":"purchasable","16":"product-type-variable"},"jetpack_sharing_enabled":true,"_links":{"self":[{"href":"https:\/\/muvluxe.com\/it\/wp-json\/wp\/v2\/product\/14769","targetHints":{"allow":["GET"]}}],"collection":[{"href":"https:\/\/muvluxe.com\/it\/wp-json\/wp\/v2\/product"}],"about":[{"href":"https:\/\/muvluxe.com\/it\/wp-json\/wp\/v2\/types\/product"}],"wp:featuredmedia":[{"embeddable":true,"href":"https:\/\/muvluxe.com\/it\/wp-json\/wp\/v2\/media\/14765"}],"wp:attachment":[{"href":"https:\/\/muvluxe.com\/it\/wp-json\/wp\/v2\/media?parent=14769"}],"wp:term":[{"taxonomy":"product_brand","embeddable":true,"href":"https:\/\/muvluxe.com\/it\/wp-json\/wp\/v2\/product_brand?post=14769"},{"taxonomy":"product_cat","embeddable":true,"href":"https:\/\/muvluxe.com\/it\/wp-json\/wp\/v2\/product_cat?post=14769"},{"taxonomy":"product_tag","embeddable":true,"href":"https:\/\/muvluxe.com\/it\/wp-json\/wp\/v2\/product_tag?post=14769"}],"curies":[{"name":"wp","href":"https:\/\/api.w.org\/{rel}","templated":true}]}}