{"id":14837,"date":"2025-07-10T14:31:32","date_gmt":"2025-07-10T14:31:32","guid":{"rendered":"https:\/\/muvluxe.com\/product\/cool-grey\/"},"modified":"2025-10-15T12:40:11","modified_gmt":"2025-10-15T12:40:11","slug":"cool-grey","status":"publish","type":"product","link":"https:\/\/muvluxe.com\/it\/prodotto\/cool-grey\/","title":{"rendered":"Cool Grey"},"content":{"rendered":"<p>Introduite en 2007, la&nbsp;<strong>Air Jordan 3 Retro Cool Grey<\/strong>&nbsp;fait son retour 14 ans plus tard avec une nouvelle version fid\u00e8le \u00e0 l\u2019\u00e9dition pr\u00e9c\u00e9dente.&nbsp;<strong>Jordan<\/strong>&nbsp;habille ainsi la 3\u00e8me signature shoe de&nbsp;<strong>MJ<\/strong>&nbsp;de nuances de gris, d\u2019orange et de rouge !<\/p>\n<p>La&nbsp;<strong>Air Jordan 3 Retro Cool Grey (2021)<\/strong>&nbsp;pr\u00e9sente une empeigne en cuir gris agr\u00e9ment\u00e9e des motifs&nbsp;<strong>Elephant Print<\/strong>&nbsp;sur le mudguard et le talon. Plusieurs tons&nbsp;<strong>orang\u00e9s<\/strong>&nbsp;offrent un contraste \u00e0 la tige&nbsp;<strong>monochrome<\/strong>. La silhouette laisse appara\u00eetre une midsole blanche, une unit\u00e9 air-sole ainsi qu\u2019une outsole noire.<\/p>\n<p>Apr\u00e8s le succ\u00e8s de la collaboration avec&nbsp;<strong>Fragment<\/strong>&nbsp;sur la&nbsp;<a class=\"\" href=\"https:\/\/wethenew.com\/products\/air-jordan-3-retro-fragment-white-black\"><strong>Air Jordan 3 Retro Fragment White Black<\/strong><\/a>, place \u00e0 la r\u00e9\u00e9dition d\u2019un coloris phare de la Jordan Brand pour le plus grand plaisir des fans !<\/p>","protected":false},"excerpt":{"rendered":"<p>Introduite en 2007, la&nbsp;Air Jordan 3 Retro Cool Grey&nbsp;fait son retour 14 ans plus tard avec une nouvelle version fid\u00e8le \u00e0 l\u2019\u00e9dition pr\u00e9c\u00e9dente.&nbsp;Jordan&nbsp;habille ainsi la 3\u00e8me signature shoe de&nbsp;MJ&nbsp;de nuances de gris, d\u2019orange et de rouge ! La&nbsp;Air Jordan 3 Retro Cool Grey (2021)&nbsp;pr\u00e9sente une empeigne en cuir gris agr\u00e9ment\u00e9e des motifs&nbsp;Elephant Print&nbsp;sur le mudguard [&hellip;]<\/p>\n","protected":false},"featured_media":14833,"template":"","meta":[],"product_brand":[292],"product_cat":[295,15,293],"product_tag":[],"class_list":{"0":"post-14837","1":"product","2":"type-product","3":"status-publish","4":"has-post-thumbnail","6":"product_brand-air-jordan","7":"product_cat-air-jordan-3","8":"product_cat-all","9":"product_cat-sneakers","11":"first","12":"instock","13":"sale","14":"shipping-taxable","15":"purchasable","16":"product-type-variable"},"jetpack_sharing_enabled":true,"_links":{"self":[{"href":"https:\/\/muvluxe.com\/it\/wp-json\/wp\/v2\/product\/14837","targetHints":{"allow":["GET"]}}],"collection":[{"href":"https:\/\/muvluxe.com\/it\/wp-json\/wp\/v2\/product"}],"about":[{"href":"https:\/\/muvluxe.com\/it\/wp-json\/wp\/v2\/types\/product"}],"wp:featuredmedia":[{"embeddable":true,"href":"https:\/\/muvluxe.com\/it\/wp-json\/wp\/v2\/media\/14833"}],"wp:attachment":[{"href":"https:\/\/muvluxe.com\/it\/wp-json\/wp\/v2\/media?parent=14837"}],"wp:term":[{"taxonomy":"product_brand","embeddable":true,"href":"https:\/\/muvluxe.com\/it\/wp-json\/wp\/v2\/product_brand?post=14837"},{"taxonomy":"product_cat","embeddable":true,"href":"https:\/\/muvluxe.com\/it\/wp-json\/wp\/v2\/product_cat?post=14837"},{"taxonomy":"product_tag","embeddable":true,"href":"https:\/\/muvluxe.com\/it\/wp-json\/wp\/v2\/product_tag?post=14837"}],"curies":[{"name":"wp","href":"https:\/\/api.w.org\/{rel}","templated":true}]}}