{"id":14860,"date":"2025-07-10T14:31:41","date_gmt":"2025-07-10T14:31:41","guid":{"rendered":"https:\/\/muvluxe.com\/product\/blu-scuro-dietro\/"},"modified":"2025-10-15T12:40:11","modified_gmt":"2025-10-15T12:40:11","slug":"blu-scuro-dietro","status":"publish","type":"product","link":"https:\/\/muvluxe.com\/it\/prodotto\/blu-scuro-dietro\/","title":{"rendered":"Blu Scuro Dietro"},"content":{"rendered":"<p>Le Jordan 3 Retro blu mezzanotte sfoggiano una disposizione dei colori ispirata al design originale, evocando ricordi dell\u2019iconica colorway \u201cbianco grigio cemento\u201d introdotta nel 1988.<\/p>\n<p>Le Jordan 3 Retro blu mezzanotte si ispirano alla classica colorway AJ3, con il blu mezzanotte, il bianco e il grigio cemento che creano un accattivante contrasto visivo. La tomaia, realizzata in pelle bianca, \u00e8 decorata con i caratteristici dettagli della stampa elefante in grigio cemento nei punti tradizionali. Rendendo omaggio al design originale, i mudguard con stampa elefante e le sovrapposizioni in varie tonalit\u00e0 di grigio cemento evocano un senso di nostalgia. Sugli occhielli e sui colletti sono presenti accenti blu mezzanotte, mentre il logo Jumpman su linguette, talloni, intersuola e suola dona un tocco contemporaneo. L\u2019intersuola in poliuretano \u00e8 assistita da unit\u00e0 Air, mentre la silhouette \u00e8 completata da una finitura prevalentemente bianca, evidenziata da un tocco a contrasto di blu sul tallone.<\/p>","protected":false},"excerpt":{"rendered":"<p>Le Jordan 3 Retro blu mezzanotte sfoggiano una disposizione dei colori ispirata al design originale, evocando ricordi dell\u2019iconica colorway \u201cbianco grigio cemento\u201d introdotta nel 1988. Le Jordan 3 Retro blu mezzanotte si ispirano alla classica colorway AJ3, con il blu mezzanotte, il bianco e il grigio cemento che creano un accattivante contrasto visivo. La tomaia, [&hellip;]<\/p>\n","protected":false},"featured_media":14856,"template":"","meta":[],"product_brand":[292],"product_cat":[295,15,293],"product_tag":[],"class_list":{"0":"post-14860","1":"product","2":"type-product","3":"status-publish","4":"has-post-thumbnail","6":"product_brand-air-jordan","7":"product_cat-air-jordan-3","8":"product_cat-all","9":"product_cat-sneakers","11":"first","12":"instock","13":"sale","14":"shipping-taxable","15":"purchasable","16":"product-type-variable"},"jetpack_sharing_enabled":true,"_links":{"self":[{"href":"https:\/\/muvluxe.com\/it\/wp-json\/wp\/v2\/product\/14860","targetHints":{"allow":["GET"]}}],"collection":[{"href":"https:\/\/muvluxe.com\/it\/wp-json\/wp\/v2\/product"}],"about":[{"href":"https:\/\/muvluxe.com\/it\/wp-json\/wp\/v2\/types\/product"}],"wp:featuredmedia":[{"embeddable":true,"href":"https:\/\/muvluxe.com\/it\/wp-json\/wp\/v2\/media\/14856"}],"wp:attachment":[{"href":"https:\/\/muvluxe.com\/it\/wp-json\/wp\/v2\/media?parent=14860"}],"wp:term":[{"taxonomy":"product_brand","embeddable":true,"href":"https:\/\/muvluxe.com\/it\/wp-json\/wp\/v2\/product_brand?post=14860"},{"taxonomy":"product_cat","embeddable":true,"href":"https:\/\/muvluxe.com\/it\/wp-json\/wp\/v2\/product_cat?post=14860"},{"taxonomy":"product_tag","embeddable":true,"href":"https:\/\/muvluxe.com\/it\/wp-json\/wp\/v2\/product_tag?post=14860"}],"curies":[{"name":"wp","href":"https:\/\/api.w.org\/{rel}","templated":true}]}}