{"id":14995,"date":"2025-07-10T14:33:17","date_gmt":"2025-07-10T14:33:17","guid":{"rendered":"https:\/\/muvluxe.com\/product\/muslin\/"},"modified":"2025-10-15T12:38:56","modified_gmt":"2025-10-15T12:38:56","slug":"muslin","status":"publish","type":"product","link":"https:\/\/muvluxe.com\/it\/prodotto\/muslin\/","title":{"rendered":"Muslin"},"content":{"rendered":"<p>Remise sur le devant de la sc\u00e8ne avec la sortie de la&nbsp;<strong>Air Jordan 3 Cardinal Red<\/strong>, la&nbsp;<strong>Air Jordan 3<\/strong>&nbsp;est en vogue ! On d\u00e9couvre un nouveau coloris Muslin, qui n\u2019est pas sans rappeler les couleurs de la&nbsp;<strong>Air Jordan 3 Retro A Ma Mani\u00e9re<\/strong>.<\/p>\n<p>La&nbsp;<strong>Air Jordan 3 SE Muslin<\/strong>&nbsp;affiche une empeigne en toile couleur cr\u00e8me, accompagn\u00e9e d\u2019empi\u00e8cements en daim gris sur le mudguard et pr\u00e8s du talon. Une semelle reprenant un effet vintage ainsi qu\u2019un&nbsp;<strong>Jumpman<\/strong>&nbsp;brod\u00e9 sur la languette viennent sublimer la cr\u00e9ation aux inspirations retro.<\/p>\n<p>Cette nouvelle&nbsp;<strong>Air Jordan 3<\/strong>&nbsp;s\u2019annonce d\u00e9j\u00e0 comme un v\u00e9ritable must-have pour les fans de la silhouette.<\/p>","protected":false},"excerpt":{"rendered":"<p>Remise sur le devant de la sc\u00e8ne avec la sortie de la&nbsp;Air Jordan 3 Cardinal Red, la&nbsp;Air Jordan 3&nbsp;est en vogue ! On d\u00e9couvre un nouveau coloris Muslin, qui n\u2019est pas sans rappeler les couleurs de la&nbsp;Air Jordan 3 Retro A Ma Mani\u00e9re. La&nbsp;Air Jordan 3 SE Muslin&nbsp;affiche une empeigne en toile couleur cr\u00e8me, accompagn\u00e9e [&hellip;]<\/p>\n","protected":false},"featured_media":14991,"template":"","meta":[],"product_brand":[292],"product_cat":[295,15,293],"product_tag":[],"class_list":{"0":"post-14995","1":"product","2":"type-product","3":"status-publish","4":"has-post-thumbnail","6":"product_brand-air-jordan","7":"product_cat-air-jordan-3","8":"product_cat-all","9":"product_cat-sneakers","11":"first","12":"instock","13":"sale","14":"shipping-taxable","15":"purchasable","16":"product-type-variable"},"jetpack_sharing_enabled":true,"_links":{"self":[{"href":"https:\/\/muvluxe.com\/it\/wp-json\/wp\/v2\/product\/14995","targetHints":{"allow":["GET"]}}],"collection":[{"href":"https:\/\/muvluxe.com\/it\/wp-json\/wp\/v2\/product"}],"about":[{"href":"https:\/\/muvluxe.com\/it\/wp-json\/wp\/v2\/types\/product"}],"wp:featuredmedia":[{"embeddable":true,"href":"https:\/\/muvluxe.com\/it\/wp-json\/wp\/v2\/media\/14991"}],"wp:attachment":[{"href":"https:\/\/muvluxe.com\/it\/wp-json\/wp\/v2\/media?parent=14995"}],"wp:term":[{"taxonomy":"product_brand","embeddable":true,"href":"https:\/\/muvluxe.com\/it\/wp-json\/wp\/v2\/product_brand?post=14995"},{"taxonomy":"product_cat","embeddable":true,"href":"https:\/\/muvluxe.com\/it\/wp-json\/wp\/v2\/product_cat?post=14995"},{"taxonomy":"product_tag","embeddable":true,"href":"https:\/\/muvluxe.com\/it\/wp-json\/wp\/v2\/product_tag?post=14995"}],"curies":[{"name":"wp","href":"https:\/\/api.w.org\/{rel}","templated":true}]}}