{"id":15109,"date":"2025-07-10T14:34:48","date_gmt":"2025-07-10T14:34:48","guid":{"rendered":"https:\/\/muvluxe.com\/product\/patchwork-camo\/"},"modified":"2025-10-15T12:38:52","modified_gmt":"2025-10-15T12:38:52","slug":"patchwork-camo","status":"publish","type":"product","link":"https:\/\/muvluxe.com\/it\/prodotto\/patchwork-camo\/","title":{"rendered":"Patchwork Camo"},"content":{"rendered":"<div class=\"styles_head__ScAK7\">\n<p class=\"styles_design-body__aQY6y styles_grey-900__t6kc2\">\n<\/div>\n<div>\n<div class=\"styles_design-body__aQY6y styles_grey-500__LeHwk styles_panelBody__SU5lt styles_isFirstPanel__QgT2W\">\n<p><strong>Jordan Brand<\/strong>&nbsp;nous d\u00e9voile une toute nouvelle it\u00e9ration de son mod\u00e8le incontournable de&nbsp;<strong>1988<\/strong>&nbsp;pour la nouvelle collection&nbsp;<strong>Holiday 2021<\/strong>.<\/p>\n<p>La<strong>&nbsp;<\/strong><strong>Air Jordan 3 Retro Patchwork Camo<\/strong>&nbsp;pr\u00e9sente une empeigne mixte compos\u00e9e d\u2019un m\u00e9lange des trois motifs&nbsp;<strong>camouflage<\/strong>&nbsp;diff\u00e9rents ainsi qu\u2019une toile cir\u00e9e aux empi\u00e8cements en su\u00e8de&nbsp;<strong>vert<\/strong>&nbsp;et au textile marron. Les empi\u00e8cements aux talon sont couvert par un mati\u00e8re&nbsp;<strong>velcro scratch&nbsp;<\/strong>afin de personnaliser votre style avec les \u00e9cussons&nbsp;<strong>Nike<\/strong>&nbsp;<strong>Air<\/strong>&nbsp;et&nbsp;<strong>Jumpman<\/strong>&nbsp;fournis. Le tout repose sur une semelle&nbsp;<strong>bicolore<\/strong>&nbsp;ainsi qu\u2019une outsole noire qui viennent apporter du contraste au mod\u00e8le.<\/p>\n<p>Cette nouvelle version de la&nbsp;<strong><a class=\"\" href=\"https:\/\/wethenew.com\/collections\/air-jordan-3\">Air Jordan 3<\/a>&nbsp;<\/strong>propose un look efficace aux inspirations outdoor et r\u00e9invente parfaitement le design de&nbsp;<strong>Tinker Hatfield<\/strong>&nbsp;pour l\u2019hiver.<\/p>\n<\/div>\n<\/div>","protected":false},"excerpt":{"rendered":"<p>Jordan Brand&nbsp;nous d\u00e9voile une toute nouvelle it\u00e9ration de son mod\u00e8le incontournable de&nbsp;1988&nbsp;pour la nouvelle collection&nbsp;Holiday 2021. La&nbsp;Air Jordan 3 Retro Patchwork Camo&nbsp;pr\u00e9sente une empeigne mixte compos\u00e9e d\u2019un m\u00e9lange des trois motifs&nbsp;camouflage&nbsp;diff\u00e9rents ainsi qu\u2019une toile cir\u00e9e aux empi\u00e8cements en su\u00e8de&nbsp;vert&nbsp;et au textile marron. Les empi\u00e8cements aux talon sont couvert par un mati\u00e8re&nbsp;velcro scratch&nbsp;afin de personnaliser votre [&hellip;]<\/p>\n","protected":false},"featured_media":15105,"template":"","meta":[],"product_brand":[292],"product_cat":[295,15,293],"product_tag":[],"class_list":{"0":"post-15109","1":"product","2":"type-product","3":"status-publish","4":"has-post-thumbnail","6":"product_brand-air-jordan","7":"product_cat-air-jordan-3","8":"product_cat-all","9":"product_cat-sneakers","11":"first","12":"instock","13":"sale","14":"shipping-taxable","15":"purchasable","16":"product-type-variable"},"jetpack_sharing_enabled":true,"_links":{"self":[{"href":"https:\/\/muvluxe.com\/it\/wp-json\/wp\/v2\/product\/15109","targetHints":{"allow":["GET"]}}],"collection":[{"href":"https:\/\/muvluxe.com\/it\/wp-json\/wp\/v2\/product"}],"about":[{"href":"https:\/\/muvluxe.com\/it\/wp-json\/wp\/v2\/types\/product"}],"wp:featuredmedia":[{"embeddable":true,"href":"https:\/\/muvluxe.com\/it\/wp-json\/wp\/v2\/media\/15105"}],"wp:attachment":[{"href":"https:\/\/muvluxe.com\/it\/wp-json\/wp\/v2\/media?parent=15109"}],"wp:term":[{"taxonomy":"product_brand","embeddable":true,"href":"https:\/\/muvluxe.com\/it\/wp-json\/wp\/v2\/product_brand?post=15109"},{"taxonomy":"product_cat","embeddable":true,"href":"https:\/\/muvluxe.com\/it\/wp-json\/wp\/v2\/product_cat?post=15109"},{"taxonomy":"product_tag","embeddable":true,"href":"https:\/\/muvluxe.com\/it\/wp-json\/wp\/v2\/product_tag?post=15109"}],"curies":[{"name":"wp","href":"https:\/\/api.w.org\/{rel}","templated":true}]}}