{"id":15290,"date":"2025-07-10T14:43:26","date_gmt":"2025-07-10T14:43:26","guid":{"rendered":"https:\/\/muvluxe.com\/product\/metallic-red\/"},"modified":"2025-10-15T12:51:12","modified_gmt":"2025-10-15T12:51:12","slug":"metallic-red","status":"publish","type":"product","link":"https:\/\/muvluxe.com\/it\/prodotto\/metallic-red\/","title":{"rendered":"Metallic Red"},"content":{"rendered":"<p>Come parte di un branco&nbsp;<strong>Regione esclusiva<\/strong>&nbsp;riunendo quattro versioni di Air Jordan 4, il marchio Jumpman \u00e8 di umore nostalgico poich\u00e9 \u00e8 ispirato alle iterazioni del passato. Con il suo design vicino a&nbsp;<strong>Air Jordan 4 Classico Green<\/strong>&nbsp;rilasciato nel 2004 e un colore del&nbsp;<strong>Air Jordan 1 OG Metallico Red<\/strong>&nbsp;Dal 1996 scopriamo il Air Jordan 4 Retro Metallico Red.<\/p>\n<p>L\u00e0&nbsp;<strong>Air Jordan 4 Retro Metallico Red<\/strong>&nbsp;ha una parte superiore&nbsp;<strong>Pelle piena di fiori premium<\/strong>&nbsp;Bianco ed empi\u00e8cement In&nbsp;<strong>rete griglia<\/strong>&nbsp;sul pannello trimestre, sublimati da alcuni accenti di&nbsp;<strong>Red Metallic<\/strong>. Li troviamo sugli occhielli, sul rivestimento della lingua e a livello dei due&nbsp;<strong>Jumpman<\/strong>&nbsp;Ci\u00f2 costituisce gli elementi di branding. Infine, una suola bianca concessa alla base finalizza il design in tutta la sobriet\u00e0.<\/p>\n<p>Una versione sobria ma incredibilmente efficace con il giusto tocco di colore, abbastanza per aumentare la creazione di&nbsp;<strong>Tinker Hatfield<\/strong>.<\/p>\n<p><strong>Nb<\/strong>: Le griglie TPU bianche subiscono ingiallimento nel tempo.<\/p>","protected":false},"excerpt":{"rendered":"<p>Come parte di un branco&nbsp;Regione esclusiva&nbsp;riunendo quattro versioni di Air Jordan 4, il marchio Jumpman \u00e8 di umore nostalgico poich\u00e9 \u00e8 ispirato alle iterazioni del passato. Con il suo design vicino a&nbsp;Air Jordan 4 Classico Green&nbsp;rilasciato nel 2004 e un colore del&nbsp;Air Jordan 1 OG Metallico Red&nbsp;Dal 1996 scopriamo il Air Jordan 4 Retro Metallico [&hellip;]<\/p>\n","protected":false},"featured_media":15286,"template":"","meta":[],"product_brand":[292],"product_cat":[296,15,293],"product_tag":[],"class_list":{"0":"post-15290","1":"product","2":"type-product","3":"status-publish","4":"has-post-thumbnail","6":"product_brand-air-jordan","7":"product_cat-air-jordan-4","8":"product_cat-all","9":"product_cat-sneakers","11":"first","12":"instock","13":"sale","14":"shipping-taxable","15":"purchasable","16":"product-type-variable"},"jetpack_sharing_enabled":true,"_links":{"self":[{"href":"https:\/\/muvluxe.com\/it\/wp-json\/wp\/v2\/product\/15290","targetHints":{"allow":["GET"]}}],"collection":[{"href":"https:\/\/muvluxe.com\/it\/wp-json\/wp\/v2\/product"}],"about":[{"href":"https:\/\/muvluxe.com\/it\/wp-json\/wp\/v2\/types\/product"}],"wp:featuredmedia":[{"embeddable":true,"href":"https:\/\/muvluxe.com\/it\/wp-json\/wp\/v2\/media\/15286"}],"wp:attachment":[{"href":"https:\/\/muvluxe.com\/it\/wp-json\/wp\/v2\/media?parent=15290"}],"wp:term":[{"taxonomy":"product_brand","embeddable":true,"href":"https:\/\/muvluxe.com\/it\/wp-json\/wp\/v2\/product_brand?post=15290"},{"taxonomy":"product_cat","embeddable":true,"href":"https:\/\/muvluxe.com\/it\/wp-json\/wp\/v2\/product_cat?post=15290"},{"taxonomy":"product_tag","embeddable":true,"href":"https:\/\/muvluxe.com\/it\/wp-json\/wp\/v2\/product_tag?post=15290"}],"curies":[{"name":"wp","href":"https:\/\/api.w.org\/{rel}","templated":true}]}}