{"id":15448,"date":"2025-07-10T14:45:23","date_gmt":"2025-07-10T14:45:23","guid":{"rendered":"https:\/\/muvluxe.com\/product\/retro-thunder\/"},"modified":"2025-10-15T12:50:23","modified_gmt":"2025-10-15T12:50:23","slug":"retro-thunder","status":"publish","type":"product","link":"https:\/\/muvluxe.com\/it\/prodotto\/retro-thunder\/","title":{"rendered":"Retro Thunder"},"content":{"rendered":"<p>Colpo&nbsp;<strong>tuono<\/strong>&nbsp;sul pianeta sneakers ! Dopo le edizioni 2006 e 2012, il leggendario&nbsp;<strong>Tuono<\/strong>&nbsp;\u00e8 finalmente tornato per la nostra pi\u00f9 grande felicit\u00e0.<\/p>\n<p>L\u00e0&nbsp;<strong>Air Jordan 4 Retro Thunder (2023)<\/strong>&nbsp;indossa una base in&nbsp;<strong>Black Nubuck<\/strong>&nbsp;che copre l\u2019intera tomaia. La sua particolarit\u00e0 si basa sul suo&nbsp;<strong>giallo<\/strong>&nbsp;che coprono la suola, gli occhielli e il rivestimento. Dal punto di vista del marchio, troviamo l\u2019iconico&nbsp;<strong>Jumpman<\/strong>&nbsp;Marco di&nbsp;<strong>bianco<\/strong>&nbsp;Sulla lingua e sul tallone.<\/p>\n<p>Real Graal per i collezionisti, questa sublime ristampa del<strong>Air Jordan 4<\/strong>&nbsp;sar\u00e0 anche l\u2019ispirazione principale dietro le versioni&nbsp;<strong>Fulmine<\/strong>&nbsp;E&nbsp;<strong>Red Tuono<\/strong>&nbsp;!<\/p>","protected":false},"excerpt":{"rendered":"<p>Colpo&nbsp;tuono&nbsp;sul pianeta sneakers ! Dopo le edizioni 2006 e 2012, il leggendario&nbsp;Tuono&nbsp;\u00e8 finalmente tornato per la nostra pi\u00f9 grande felicit\u00e0. L\u00e0&nbsp;Air Jordan 4 Retro Thunder (2023)&nbsp;indossa una base in&nbsp;Black Nubuck&nbsp;che copre l\u2019intera tomaia. La sua particolarit\u00e0 si basa sul suo&nbsp;giallo&nbsp;che coprono la suola, gli occhielli e il rivestimento. Dal punto di vista del marchio, troviamo [&hellip;]<\/p>\n","protected":false},"featured_media":15444,"template":"","meta":[],"product_brand":[292],"product_cat":[296,15,293],"product_tag":[],"class_list":{"0":"post-15448","1":"product","2":"type-product","3":"status-publish","4":"has-post-thumbnail","6":"product_brand-air-jordan","7":"product_cat-air-jordan-4","8":"product_cat-all","9":"product_cat-sneakers","11":"first","12":"instock","13":"sale","14":"shipping-taxable","15":"purchasable","16":"product-type-variable"},"jetpack_sharing_enabled":true,"_links":{"self":[{"href":"https:\/\/muvluxe.com\/it\/wp-json\/wp\/v2\/product\/15448","targetHints":{"allow":["GET"]}}],"collection":[{"href":"https:\/\/muvluxe.com\/it\/wp-json\/wp\/v2\/product"}],"about":[{"href":"https:\/\/muvluxe.com\/it\/wp-json\/wp\/v2\/types\/product"}],"wp:featuredmedia":[{"embeddable":true,"href":"https:\/\/muvluxe.com\/it\/wp-json\/wp\/v2\/media\/15444"}],"wp:attachment":[{"href":"https:\/\/muvluxe.com\/it\/wp-json\/wp\/v2\/media?parent=15448"}],"wp:term":[{"taxonomy":"product_brand","embeddable":true,"href":"https:\/\/muvluxe.com\/it\/wp-json\/wp\/v2\/product_brand?post=15448"},{"taxonomy":"product_cat","embeddable":true,"href":"https:\/\/muvluxe.com\/it\/wp-json\/wp\/v2\/product_cat?post=15448"},{"taxonomy":"product_tag","embeddable":true,"href":"https:\/\/muvluxe.com\/it\/wp-json\/wp\/v2\/product_tag?post=15448"}],"curies":[{"name":"wp","href":"https:\/\/api.w.org\/{rel}","templated":true}]}}