{"id":15561,"date":"2025-07-10T14:46:45","date_gmt":"2025-07-10T14:46:45","guid":{"rendered":"https:\/\/muvluxe.com\/product\/metallic-green\/"},"modified":"2025-10-15T12:49:55","modified_gmt":"2025-10-15T12:49:55","slug":"metallic-green","status":"publish","type":"product","link":"https:\/\/muvluxe.com\/it\/prodotto\/metallic-green\/","title":{"rendered":"Metallic Green"},"content":{"rendered":"<p>L\u00e0 Jordan Brand Chiusura il branco&nbsp;<strong>Regione esclusiva<\/strong>&nbsp;Con l\u2019iterazione pi\u00f9 vicina a quella da cui \u00e8 stata ispirata. Usare un design simile a&nbsp;<strong>Air Jordan 4 Classico Green<\/strong>&nbsp;Rilasciato nel 2004, scopriamo la versione metallica Green.<\/p>\n<p>L\u00e0&nbsp;<strong>Air Jordan 4 Retro Metallico Green<\/strong>&nbsp;\u00e8 adornato con una tomaia in pelle bianca premium combinata con un empe\u00e8cement In&nbsp;<strong>maglia<\/strong>&nbsp;Gray al trimestre del pannello. Accenti di&nbsp;<strong>verde metallico<\/strong>&nbsp;Completa la silhouette, specialmente sugli occhielli, il salto ricamato con il tallone e sulla lingua. Infine, una suola bianca concessa alla base perfeziona il design.<\/p>\n<p>Uno stile autentico e qualit\u00e0 premium: abbastanza per deliziare la comunit\u00e0 sneakers, soprattutto perch\u00e9 il modello \u00e8 disponibile anche nella versione&nbsp;<a class=\"\" href=\"https:\/\/wethenew.com\/it\/products\/air-jordan-4-retro-metallic-red\"><strong>Red<\/strong><\/a>,&nbsp;<a class=\"\" href=\"https:\/\/wethenew.com\/it\/products\/air-jordan-4-retro-metallic-orange\"><strong>Orange<\/strong><\/a>&nbsp;E&nbsp;<strong>Purple<\/strong>.<\/p>\n<p><strong>Nb<\/strong>: Le griglie TPU bianche subiscono ingiallimento nel tempo.<\/p>","protected":false},"excerpt":{"rendered":"<p>L\u00e0 Jordan Brand Chiusura il branco&nbsp;Regione esclusiva&nbsp;Con l\u2019iterazione pi\u00f9 vicina a quella da cui \u00e8 stata ispirata. Usare un design simile a&nbsp;Air Jordan 4 Classico Green&nbsp;Rilasciato nel 2004, scopriamo la versione metallica Green. L\u00e0&nbsp;Air Jordan 4 Retro Metallico Green&nbsp;\u00e8 adornato con una tomaia in pelle bianca premium combinata con un empe\u00e8cement In&nbsp;maglia&nbsp;Gray al trimestre del [&hellip;]<\/p>\n","protected":false},"featured_media":15558,"template":"","meta":[],"product_brand":[292],"product_cat":[296,15,293],"product_tag":[],"class_list":{"0":"post-15561","1":"product","2":"type-product","3":"status-publish","4":"has-post-thumbnail","6":"product_brand-air-jordan","7":"product_cat-air-jordan-4","8":"product_cat-all","9":"product_cat-sneakers","11":"first","12":"instock","13":"sale","14":"shipping-taxable","15":"purchasable","16":"product-type-variable"},"jetpack_sharing_enabled":true,"_links":{"self":[{"href":"https:\/\/muvluxe.com\/it\/wp-json\/wp\/v2\/product\/15561","targetHints":{"allow":["GET"]}}],"collection":[{"href":"https:\/\/muvluxe.com\/it\/wp-json\/wp\/v2\/product"}],"about":[{"href":"https:\/\/muvluxe.com\/it\/wp-json\/wp\/v2\/types\/product"}],"wp:featuredmedia":[{"embeddable":true,"href":"https:\/\/muvluxe.com\/it\/wp-json\/wp\/v2\/media\/15558"}],"wp:attachment":[{"href":"https:\/\/muvluxe.com\/it\/wp-json\/wp\/v2\/media?parent=15561"}],"wp:term":[{"taxonomy":"product_brand","embeddable":true,"href":"https:\/\/muvluxe.com\/it\/wp-json\/wp\/v2\/product_brand?post=15561"},{"taxonomy":"product_cat","embeddable":true,"href":"https:\/\/muvluxe.com\/it\/wp-json\/wp\/v2\/product_cat?post=15561"},{"taxonomy":"product_tag","embeddable":true,"href":"https:\/\/muvluxe.com\/it\/wp-json\/wp\/v2\/product_tag?post=15561"}],"curies":[{"name":"wp","href":"https:\/\/api.w.org\/{rel}","templated":true}]}}