{"id":15605,"date":"2025-07-10T14:47:21","date_gmt":"2025-07-10T14:47:21","guid":{"rendered":"https:\/\/muvluxe.com\/product\/a-ma-maniere-violet-ore\/"},"modified":"2025-10-15T12:49:54","modified_gmt":"2025-10-15T12:49:54","slug":"a-ma-maniere-violet-ore","status":"publish","type":"product","link":"https:\/\/muvluxe.com\/it\/prodotto\/a-ma-maniere-violet-ore\/","title":{"rendered":"A Ma Maniere Violet Ore"},"content":{"rendered":"<p>Dopo uno&nbsp;<strong>Air Jordan 3<\/strong>, una&nbsp;<strong>Air Jordan 1<\/strong>&nbsp;e un&nbsp;<strong>Air Jordan 2<\/strong>,&nbsp;<strong>A Ma Mani\u00e9re<\/strong>&nbsp;E&nbsp;<strong>Jordan Brand<\/strong>&nbsp;collaborer\u00e0 di nuovo. Questa volta su un&nbsp;<a class=\"\" href=\"https:\/\/wethenew.com\/it\/collections\/air-jordan-4\"><strong>Air Jordan 4<\/strong><\/a>.<\/p>\n<p>L\u00e0&nbsp;<strong>Air Jordan 4 Retro A Ma Mani\u00e9re Minerale viola<\/strong>&nbsp;rivelare una tomaia&nbsp;<strong>Monocromo viola<\/strong>, tirando verso il&nbsp;<strong>Marrone scuro<\/strong>. Notiamo quindi una base in&nbsp;<strong>Suede<\/strong>&nbsp;sormontato da pannelli ton-sur-tonnellate nonch\u00e9 il solito&nbsp;<strong>Cage TPU<\/strong>. Un\u2019intersuola per l\u2019effetto invecchiato contrasta con la tomaia, nonch\u00e9 i dettagli neri, specialmente a livello della scheda del tallone su cui possiamo leggere le iscrizioni \u201c<strong><em>Non si tratta di scarpe, si tratta di dove stai andando<\/em><\/strong>\u201c. Una&nbsp;<strong>Pressione metallica<\/strong>&nbsp;Sulla faccia esterna, alla caviglia, d\u00e0 l\u2019ultimo tocco a questa silhouette premium.<\/p>\n<p>Per il suo quarto modello in collaborazione con Jordan Brand, il negozio di<strong>Atlanta<\/strong>&nbsp;e il suo fondatore&nbsp;<strong>James Whitner<\/strong>&nbsp;ho scommesso ancora una volta su un file&nbsp;<strong>Look lussuoso<\/strong>.<\/p>\n<p>&nbsp;<\/p>","protected":false},"excerpt":{"rendered":"<p>Dopo uno&nbsp;Air Jordan 3, una&nbsp;Air Jordan 1&nbsp;e un&nbsp;Air Jordan 2,&nbsp;A Ma Mani\u00e9re&nbsp;E&nbsp;Jordan Brand&nbsp;collaborer\u00e0 di nuovo. Questa volta su un&nbsp;Air Jordan 4. L\u00e0&nbsp;Air Jordan 4 Retro A Ma Mani\u00e9re Minerale viola&nbsp;rivelare una tomaia&nbsp;Monocromo viola, tirando verso il&nbsp;Marrone scuro. Notiamo quindi una base in&nbsp;Suede&nbsp;sormontato da pannelli ton-sur-tonnellate nonch\u00e9 il solito&nbsp;Cage TPU. Un\u2019intersuola per l\u2019effetto invecchiato contrasta con [&hellip;]<\/p>\n","protected":false},"featured_media":15602,"template":"","meta":[],"product_brand":[292],"product_cat":[296,15,293],"product_tag":[],"class_list":{"0":"post-15605","1":"product","2":"type-product","3":"status-publish","4":"has-post-thumbnail","6":"product_brand-air-jordan","7":"product_cat-air-jordan-4","8":"product_cat-all","9":"product_cat-sneakers","11":"first","12":"instock","13":"sale","14":"shipping-taxable","15":"purchasable","16":"product-type-variable"},"jetpack_sharing_enabled":true,"_links":{"self":[{"href":"https:\/\/muvluxe.com\/it\/wp-json\/wp\/v2\/product\/15605","targetHints":{"allow":["GET"]}}],"collection":[{"href":"https:\/\/muvluxe.com\/it\/wp-json\/wp\/v2\/product"}],"about":[{"href":"https:\/\/muvluxe.com\/it\/wp-json\/wp\/v2\/types\/product"}],"wp:featuredmedia":[{"embeddable":true,"href":"https:\/\/muvluxe.com\/it\/wp-json\/wp\/v2\/media\/15602"}],"wp:attachment":[{"href":"https:\/\/muvluxe.com\/it\/wp-json\/wp\/v2\/media?parent=15605"}],"wp:term":[{"taxonomy":"product_brand","embeddable":true,"href":"https:\/\/muvluxe.com\/it\/wp-json\/wp\/v2\/product_brand?post=15605"},{"taxonomy":"product_cat","embeddable":true,"href":"https:\/\/muvluxe.com\/it\/wp-json\/wp\/v2\/product_cat?post=15605"},{"taxonomy":"product_tag","embeddable":true,"href":"https:\/\/muvluxe.com\/it\/wp-json\/wp\/v2\/product_tag?post=15605"}],"curies":[{"name":"wp","href":"https:\/\/api.w.org\/{rel}","templated":true}]}}