{"id":15651,"date":"2025-07-10T14:47:54","date_gmt":"2025-07-10T14:47:54","guid":{"rendered":"https:\/\/muvluxe.com\/product\/kaws-grey\/"},"modified":"2025-10-15T12:49:53","modified_gmt":"2025-10-15T12:49:53","slug":"kaws-grey","status":"publish","type":"product","link":"https:\/\/muvluxe.com\/it\/prodotto\/kaws-grey\/","title":{"rendered":"Kaws Grey"},"content":{"rendered":"<p>Silhouette entre mode et performance, la&nbsp;<strong>Air Jordan 4<\/strong>&nbsp;est un mod\u00e8le unique. Souvent utilis\u00e9 lors de collaboration avec des artistes, cette nouvelle \u00e9dition ne d\u00e9rogera pas a la r\u00e8gle.<\/p>\n<p>La Air Jordan 4 Kaws Grey est le fruit de la premi\u00e8re association entre la Jordan Brand et Brian Donnelly. Ayant d\u00e9j\u00e0 travaill\u00e9 avec Bape ou&nbsp;<strong>Nike<\/strong>, l\u2019artiste pop New-Yorkais n\u2019en est pas \u00e0 son coup d\u2019essai dans le monde de la sneakers.<\/p>\n<p>Cette sneakers pr\u00e9sente un design unique compos\u00e9e d\u2019une empeigne en daim premium, du daim \u00e0 longs poils vient contraster le visuel de la paire. La paire adopte des tons gris quasi-monochrome jusque sur la semelle \u00e9quip\u00e9e de la technologie AIR. On retrouve \u00e9galement une outsole translucide glow-in-the-dark sur laquelle sont dessin\u00e9es des illustrations de l\u2019artiste.<\/p>\n<p>La signature de l\u2019artiste est repr\u00e9sent\u00e9e par des XX sur les talons, comme une point final venant parachever le design de cette Air Jordan 4 Kaws Grey.<\/p>","protected":false},"excerpt":{"rendered":"<p>Silhouette entre mode et performance, la&nbsp;Air Jordan 4&nbsp;est un mod\u00e8le unique. Souvent utilis\u00e9 lors de collaboration avec des artistes, cette nouvelle \u00e9dition ne d\u00e9rogera pas a la r\u00e8gle. La Air Jordan 4 Kaws Grey est le fruit de la premi\u00e8re association entre la Jordan Brand et Brian Donnelly. Ayant d\u00e9j\u00e0 travaill\u00e9 avec Bape ou&nbsp;Nike, l\u2019artiste [&hellip;]<\/p>\n","protected":false},"featured_media":15647,"template":"","meta":[],"product_brand":[292],"product_cat":[296,15,293],"product_tag":[],"class_list":{"0":"post-15651","1":"product","2":"type-product","3":"status-publish","4":"has-post-thumbnail","6":"product_brand-air-jordan","7":"product_cat-air-jordan-4","8":"product_cat-all","9":"product_cat-sneakers","11":"first","12":"instock","13":"sale","14":"shipping-taxable","15":"purchasable","16":"product-type-variable"},"jetpack_sharing_enabled":true,"_links":{"self":[{"href":"https:\/\/muvluxe.com\/it\/wp-json\/wp\/v2\/product\/15651","targetHints":{"allow":["GET"]}}],"collection":[{"href":"https:\/\/muvluxe.com\/it\/wp-json\/wp\/v2\/product"}],"about":[{"href":"https:\/\/muvluxe.com\/it\/wp-json\/wp\/v2\/types\/product"}],"wp:featuredmedia":[{"embeddable":true,"href":"https:\/\/muvluxe.com\/it\/wp-json\/wp\/v2\/media\/15647"}],"wp:attachment":[{"href":"https:\/\/muvluxe.com\/it\/wp-json\/wp\/v2\/media?parent=15651"}],"wp:term":[{"taxonomy":"product_brand","embeddable":true,"href":"https:\/\/muvluxe.com\/it\/wp-json\/wp\/v2\/product_brand?post=15651"},{"taxonomy":"product_cat","embeddable":true,"href":"https:\/\/muvluxe.com\/it\/wp-json\/wp\/v2\/product_cat?post=15651"},{"taxonomy":"product_tag","embeddable":true,"href":"https:\/\/muvluxe.com\/it\/wp-json\/wp\/v2\/product_tag?post=15651"}],"curies":[{"name":"wp","href":"https:\/\/api.w.org\/{rel}","templated":true}]}}