{"id":15926,"date":"2025-07-10T14:51:03","date_gmt":"2025-07-10T14:51:03","guid":{"rendered":"https:\/\/muvluxe.com\/product\/retro-og-sp-a-ma-maniere\/"},"modified":"2025-10-15T12:49:03","modified_gmt":"2025-10-15T12:49:03","slug":"retro-og-sp-a-ma-maniere","status":"publish","type":"product","link":"https:\/\/muvluxe.com\/it\/prodotto\/retro-og-sp-a-ma-maniere\/","title":{"rendered":"Retro OG SP A Ma Mani\u00e9re"},"content":{"rendered":"<p>Le Jordan 4 Retro OG SP A Ma Mani\u00e9re While You Were Sleeping (donna) sono frutto della collaborazione tra Jordan Brand e A Ma Mani\u00e9re, brand noto per la fusione di materiali di lusso con design senza tempo. Questa versione presenta una tomaia in grigio di alta qualit\u00e0 realizzata in pelle scamosciata e pelle di alta qualit\u00e0, creando un look raffinato ma spigoloso. Gli accenti in nero a contrasto sull\u2019intersuola aggiungono profondit\u00e0 al design, mentre l\u2019iconico Jumpman appare su una linguetta, e il logo A Ma Mani\u00e9re sull\u2019altra.<\/p>","protected":false},"excerpt":{"rendered":"<p>Le Jordan 4 Retro OG SP A Ma Mani\u00e9re While You Were Sleeping (donna) sono frutto della collaborazione tra Jordan Brand e A Ma Mani\u00e9re, brand noto per la fusione di materiali di lusso con design senza tempo. Questa versione presenta una tomaia in grigio di alta qualit\u00e0 realizzata in pelle scamosciata e pelle di [&hellip;]<\/p>\n","protected":false},"featured_media":15922,"template":"","meta":[],"product_brand":[292],"product_cat":[296,15,293],"product_tag":[],"class_list":{"0":"post-15926","1":"product","2":"type-product","3":"status-publish","4":"has-post-thumbnail","6":"product_brand-air-jordan","7":"product_cat-air-jordan-4","8":"product_cat-all","9":"product_cat-sneakers","11":"first","12":"instock","13":"sale","14":"shipping-taxable","15":"purchasable","16":"product-type-variable"},"jetpack_sharing_enabled":true,"_links":{"self":[{"href":"https:\/\/muvluxe.com\/it\/wp-json\/wp\/v2\/product\/15926","targetHints":{"allow":["GET"]}}],"collection":[{"href":"https:\/\/muvluxe.com\/it\/wp-json\/wp\/v2\/product"}],"about":[{"href":"https:\/\/muvluxe.com\/it\/wp-json\/wp\/v2\/types\/product"}],"wp:featuredmedia":[{"embeddable":true,"href":"https:\/\/muvluxe.com\/it\/wp-json\/wp\/v2\/media\/15922"}],"wp:attachment":[{"href":"https:\/\/muvluxe.com\/it\/wp-json\/wp\/v2\/media?parent=15926"}],"wp:term":[{"taxonomy":"product_brand","embeddable":true,"href":"https:\/\/muvluxe.com\/it\/wp-json\/wp\/v2\/product_brand?post=15926"},{"taxonomy":"product_cat","embeddable":true,"href":"https:\/\/muvluxe.com\/it\/wp-json\/wp\/v2\/product_cat?post=15926"},{"taxonomy":"product_tag","embeddable":true,"href":"https:\/\/muvluxe.com\/it\/wp-json\/wp\/v2\/product_tag?post=15926"}],"curies":[{"name":"wp","href":"https:\/\/api.w.org\/{rel}","templated":true}]}}