{"id":16059,"date":"2025-07-10T14:52:23","date_gmt":"2025-07-10T14:52:23","guid":{"rendered":"https:\/\/muvluxe.com\/product\/se-craft-medium-olive\/"},"modified":"2025-10-15T12:47:45","modified_gmt":"2025-10-15T12:47:45","slug":"se-craft-medium-olive","status":"publish","type":"product","link":"https:\/\/muvluxe.com\/it\/prodotto\/se-craft-medium-olive\/","title":{"rendered":"SE Craft Medium Olive"},"content":{"rendered":"<p>Una delle silhouette pi\u00f9 popolari di&nbsp;<strong>Jordan Brand,<\/strong>&nbsp;L\u00e0&nbsp;<strong>Air Jordan 4<\/strong>&nbsp;\u00e8 tornato a un nuovo colore.<\/p>\n<p>Questa&nbsp;<strong>Air Jordan 4 Retro SE Craft Medium Olive<\/strong>&nbsp;presenta una tomaia kaki completa, composta da&nbsp;<strong>pelle<\/strong>&nbsp;E&nbsp;<strong>Svezia<\/strong>. La particolarit\u00e0 di questo pezzo risiede nel suo mix di materiali diversi e nella sua abitudinel Net in&nbsp;<strong>TPU<\/strong>&nbsp;sostituito da&nbsp;<strong>Shaggy<\/strong>. Una unica che associava i diversi colori della tomaia bianca rotta finalizz\u00f2 questa stanza.<\/p>","protected":false},"excerpt":{"rendered":"<p>Una delle silhouette pi\u00f9 popolari di&nbsp;Jordan Brand,&nbsp;L\u00e0&nbsp;Air Jordan 4&nbsp;\u00e8 tornato a un nuovo colore. Questa&nbsp;Air Jordan 4 Retro SE Craft Medium Olive&nbsp;presenta una tomaia kaki completa, composta da&nbsp;pelle&nbsp;E&nbsp;Svezia. La particolarit\u00e0 di questo pezzo risiede nel suo mix di materiali diversi e nella sua abitudinel Net in&nbsp;TPU&nbsp;sostituito da&nbsp;Shaggy. Una unica che associava i diversi colori della [&hellip;]<\/p>\n","protected":false},"featured_media":16055,"template":"","meta":[],"product_brand":[292],"product_cat":[296,15,293],"product_tag":[],"class_list":{"0":"post-16059","1":"product","2":"type-product","3":"status-publish","4":"has-post-thumbnail","6":"product_brand-air-jordan","7":"product_cat-air-jordan-4","8":"product_cat-all","9":"product_cat-sneakers","11":"first","12":"instock","13":"sale","14":"shipping-taxable","15":"purchasable","16":"product-type-variable"},"jetpack_sharing_enabled":true,"_links":{"self":[{"href":"https:\/\/muvluxe.com\/it\/wp-json\/wp\/v2\/product\/16059","targetHints":{"allow":["GET"]}}],"collection":[{"href":"https:\/\/muvluxe.com\/it\/wp-json\/wp\/v2\/product"}],"about":[{"href":"https:\/\/muvluxe.com\/it\/wp-json\/wp\/v2\/types\/product"}],"wp:featuredmedia":[{"embeddable":true,"href":"https:\/\/muvluxe.com\/it\/wp-json\/wp\/v2\/media\/16055"}],"wp:attachment":[{"href":"https:\/\/muvluxe.com\/it\/wp-json\/wp\/v2\/media?parent=16059"}],"wp:term":[{"taxonomy":"product_brand","embeddable":true,"href":"https:\/\/muvluxe.com\/it\/wp-json\/wp\/v2\/product_brand?post=16059"},{"taxonomy":"product_cat","embeddable":true,"href":"https:\/\/muvluxe.com\/it\/wp-json\/wp\/v2\/product_cat?post=16059"},{"taxonomy":"product_tag","embeddable":true,"href":"https:\/\/muvluxe.com\/it\/wp-json\/wp\/v2\/product_tag?post=16059"}],"curies":[{"name":"wp","href":"https:\/\/api.w.org\/{rel}","templated":true}]}}