{"id":16128,"date":"2025-07-10T14:53:07","date_gmt":"2025-07-10T14:53:07","guid":{"rendered":"https:\/\/muvluxe.com\/product\/where-the-wild-things-are\/"},"modified":"2025-10-15T12:47:43","modified_gmt":"2025-10-15T12:47:43","slug":"where-the-wild-things-are","status":"publish","type":"product","link":"https:\/\/muvluxe.com\/it\/prodotto\/where-the-wild-things-are\/","title":{"rendered":"Where the Wild Things Are"},"content":{"rendered":"<p>Dopo il successo delle edizioni&nbsp;<strong>Tecnologia WHITE<\/strong>&nbsp;E&nbsp;<strong>University Blue<\/strong>, L\u00e0 Jordan Brand Firma una notizia&nbsp;<strong>Air Jordan 4<\/strong>&nbsp;posto sotto il segno di originalit\u00e0.<\/p>\n<p>L\u00e0&nbsp;<strong>Air Jordan 4 Retro Dove sono le cose selvagge<\/strong>&nbsp;Visualizza una base in pelle colorata&nbsp;<strong>crema<\/strong>, accompagnato da falso&nbsp;<strong>pelliccia<\/strong>&nbsp;vicino al passaggio. Ci sono diversi promemoria di colori vivaci come&nbsp;<strong>rosso<\/strong>, Di&nbsp;<strong>blu<\/strong>&nbsp;o verde neon. Un\u2019intersuola bianca arriva a perfezionare il tutto.<\/p>\n<p>Ispirato al libro&nbsp;<strong>Dove sono le cose selvagge<\/strong>&nbsp;Dal 1963, questa notizia&nbsp;<a class=\"\" href=\"https:\/\/wethenew.com\/it\/collections\/air-jordan-4\"><strong>Air Jordan 4<\/strong><\/a>&nbsp;Non mancher\u00e0 di suscitare interesse per la comunit\u00e0!<\/p>","protected":false},"excerpt":{"rendered":"<p>Dopo il successo delle edizioni&nbsp;Tecnologia WHITE&nbsp;E&nbsp;University Blue, L\u00e0 Jordan Brand Firma una notizia&nbsp;Air Jordan 4&nbsp;posto sotto il segno di originalit\u00e0. L\u00e0&nbsp;Air Jordan 4 Retro Dove sono le cose selvagge&nbsp;Visualizza una base in pelle colorata&nbsp;crema, accompagnato da falso&nbsp;pelliccia&nbsp;vicino al passaggio. Ci sono diversi promemoria di colori vivaci come&nbsp;rosso, Di&nbsp;blu&nbsp;o verde neon. Un\u2019intersuola bianca arriva a perfezionare [&hellip;]<\/p>\n","protected":false},"featured_media":16124,"template":"","meta":[],"product_brand":[292],"product_cat":[296,15,293],"product_tag":[],"class_list":{"0":"post-16128","1":"product","2":"type-product","3":"status-publish","4":"has-post-thumbnail","6":"product_brand-air-jordan","7":"product_cat-air-jordan-4","8":"product_cat-all","9":"product_cat-sneakers","11":"first","12":"instock","13":"sale","14":"shipping-taxable","15":"purchasable","16":"product-type-variable"},"jetpack_sharing_enabled":true,"_links":{"self":[{"href":"https:\/\/muvluxe.com\/it\/wp-json\/wp\/v2\/product\/16128","targetHints":{"allow":["GET"]}}],"collection":[{"href":"https:\/\/muvluxe.com\/it\/wp-json\/wp\/v2\/product"}],"about":[{"href":"https:\/\/muvluxe.com\/it\/wp-json\/wp\/v2\/types\/product"}],"wp:featuredmedia":[{"embeddable":true,"href":"https:\/\/muvluxe.com\/it\/wp-json\/wp\/v2\/media\/16124"}],"wp:attachment":[{"href":"https:\/\/muvluxe.com\/it\/wp-json\/wp\/v2\/media?parent=16128"}],"wp:term":[{"taxonomy":"product_brand","embeddable":true,"href":"https:\/\/muvluxe.com\/it\/wp-json\/wp\/v2\/product_brand?post=16128"},{"taxonomy":"product_cat","embeddable":true,"href":"https:\/\/muvluxe.com\/it\/wp-json\/wp\/v2\/product_cat?post=16128"},{"taxonomy":"product_tag","embeddable":true,"href":"https:\/\/muvluxe.com\/it\/wp-json\/wp\/v2\/product_tag?post=16128"}],"curies":[{"name":"wp","href":"https:\/\/api.w.org\/{rel}","templated":true}]}}