{"id":16488,"date":"2025-07-12T15:44:20","date_gmt":"2025-07-12T15:44:20","guid":{"rendered":"https:\/\/muvluxe.com\/product\/gore-tex-off-noir\/"},"modified":"2025-10-15T12:57:19","modified_gmt":"2025-10-15T12:57:19","slug":"gore-tex-off-noir","status":"publish","type":"product","link":"https:\/\/muvluxe.com\/it\/prodotto\/gore-tex-off-noir\/","title":{"rendered":"Gore-Tex Off-Noir"},"content":{"rendered":"<div class=\"styles_head__ScAK7\">\n<div class=\"styles_head__ScAK7\">\n<p class=\"styles_design-body__aQY6y styles_grey-900__t6kc2\">\n<\/div>\n<div>\n<div class=\"styles_design-body__aQY6y styles_grey-500__LeHwk styles_panelBody__SU5lt styles_isFirstPanel__QgT2W\">\n<p><strong>Jordan Brand<\/strong>&nbsp;d\u00e9voile une nouvelle d\u00e9clinaison in\u00e9dite de la&nbsp;<strong>Air Jordan 5<\/strong>&nbsp;en collaboration avec&nbsp;<strong>Gore-Tex<\/strong>.<\/p>\n<p>La&nbsp;<strong>Air Jordan 5 Retro Gore-Tex Off-Noir<\/strong>&nbsp;pr\u00e9sente une base en&nbsp;<strong>cuir noir d\u00e9lav\u00e9<\/strong>, accompagn\u00e9 de la c\u00e9l\u00e8bre&nbsp;<strong>cage en TPU<\/strong>&nbsp;sur le panneau lat\u00e9ral et de l\u2019empi\u00e8cement rouge effet&nbsp;<strong>dents de requin<\/strong>&nbsp;sur le midsole. On remarque une inscription \u201c<strong>Gore-Tex<\/strong>\u201d rouge sur le talon qui rappelle le&nbsp;<strong>traitement imperm\u00e9able<\/strong>&nbsp;qu\u2019offre cette collaboration \u00e0 cette nouvelle silhouette.<\/p>\n<p>Avec ce nouveau coloris tr\u00e8s sobre, la&nbsp;<strong>marque au Jumpman<\/strong>&nbsp;propose une nouvelle it\u00e9ration parfaitement de saison d\u2019un de ses mod\u00e8les iconiques.<\/p>\n<\/div>\n<\/div>\n<\/div>","protected":false},"excerpt":{"rendered":"<p>Jordan Brand&nbsp;d\u00e9voile une nouvelle d\u00e9clinaison in\u00e9dite de la&nbsp;Air Jordan 5&nbsp;en collaboration avec&nbsp;Gore-Tex. La&nbsp;Air Jordan 5 Retro Gore-Tex Off-Noir&nbsp;pr\u00e9sente une base en&nbsp;cuir noir d\u00e9lav\u00e9, accompagn\u00e9 de la c\u00e9l\u00e8bre&nbsp;cage en TPU&nbsp;sur le panneau lat\u00e9ral et de l\u2019empi\u00e8cement rouge effet&nbsp;dents de requin&nbsp;sur le midsole. On remarque une inscription \u201cGore-Tex\u201d rouge sur le talon qui rappelle le&nbsp;traitement imperm\u00e9able&nbsp;qu\u2019offre cette [&hellip;]<\/p>\n","protected":false},"featured_media":16485,"template":"","meta":[],"product_brand":[292],"product_cat":[297,15,293],"product_tag":[],"class_list":{"0":"post-16488","1":"product","2":"type-product","3":"status-publish","4":"has-post-thumbnail","6":"product_brand-air-jordan","7":"product_cat-air-jordan-5","8":"product_cat-all","9":"product_cat-sneakers","11":"first","12":"instock","13":"sale","14":"shipping-taxable","15":"purchasable","16":"product-type-variable"},"jetpack_sharing_enabled":true,"_links":{"self":[{"href":"https:\/\/muvluxe.com\/it\/wp-json\/wp\/v2\/product\/16488","targetHints":{"allow":["GET"]}}],"collection":[{"href":"https:\/\/muvluxe.com\/it\/wp-json\/wp\/v2\/product"}],"about":[{"href":"https:\/\/muvluxe.com\/it\/wp-json\/wp\/v2\/types\/product"}],"wp:featuredmedia":[{"embeddable":true,"href":"https:\/\/muvluxe.com\/it\/wp-json\/wp\/v2\/media\/16485"}],"wp:attachment":[{"href":"https:\/\/muvluxe.com\/it\/wp-json\/wp\/v2\/media?parent=16488"}],"wp:term":[{"taxonomy":"product_brand","embeddable":true,"href":"https:\/\/muvluxe.com\/it\/wp-json\/wp\/v2\/product_brand?post=16488"},{"taxonomy":"product_cat","embeddable":true,"href":"https:\/\/muvluxe.com\/it\/wp-json\/wp\/v2\/product_cat?post=16488"},{"taxonomy":"product_tag","embeddable":true,"href":"https:\/\/muvluxe.com\/it\/wp-json\/wp\/v2\/product_tag?post=16488"}],"curies":[{"name":"wp","href":"https:\/\/api.w.org\/{rel}","templated":true}]}}