{"id":16510,"date":"2025-07-12T15:44:33","date_gmt":"2025-07-12T15:44:33","guid":{"rendered":"https:\/\/muvluxe.com\/product\/moonlight-oreo\/"},"modified":"2025-10-15T12:57:18","modified_gmt":"2025-10-15T12:57:18","slug":"moonlight-oreo","status":"publish","type":"product","link":"https:\/\/muvluxe.com\/it\/prodotto\/moonlight-oreo\/","title":{"rendered":"Moonlight (Oreo)"},"content":{"rendered":"<p>Originalement introduite en 2013, la fameuse&nbsp;<strong>Air Jordan 5 Oreo<\/strong>&nbsp;fait son grand retour, avec un nouveau surnom :&nbsp;<strong>Moonlight<\/strong>.<\/p>\n<p>La<strong>&nbsp;Air Jordan 5 Retro Moonlight (Oreo)<\/strong>&nbsp;b\u00e9n\u00e9ficie d\u2019une&nbsp;empeigne en&nbsp;<strong>nubuck<\/strong>&nbsp;<strong>noir<\/strong>, une couleur que l\u2019on retrouve \u00e9galement au niveau des oeillets et des lacets. On remarque ensuite un renfort en&nbsp;<strong>TPE<\/strong>&nbsp;sur le quarter panel, un lace lock&nbsp;<strong>translucide<\/strong>, ainsi que des brandings sur la languette et le talon. Le design est peaufin\u00e9 par une semelle blanche, agr\u00e9ment\u00e9e d\u2019un effet&nbsp;<strong>speckle<\/strong>&nbsp;noir et d\u2019une outsole&nbsp;<strong>icy<\/strong>.<\/p>\n<p>Cette derni\u00e8re sortie, inspir\u00e9e des d\u00e9licieux biscuits am\u00e9ricains risquent de beaucoup plaire aux fans d\u2019<strong>Air Jordan 5<\/strong>.<\/p>","protected":false},"excerpt":{"rendered":"<p>Originalement introduite en 2013, la fameuse&nbsp;Air Jordan 5 Oreo&nbsp;fait son grand retour, avec un nouveau surnom :&nbsp;Moonlight. La&nbsp;Air Jordan 5 Retro Moonlight (Oreo)&nbsp;b\u00e9n\u00e9ficie d\u2019une&nbsp;empeigne en&nbsp;nubuck&nbsp;noir, une couleur que l\u2019on retrouve \u00e9galement au niveau des oeillets et des lacets. On remarque ensuite un renfort en&nbsp;TPE&nbsp;sur le quarter panel, un lace lock&nbsp;translucide, ainsi que des brandings sur [&hellip;]<\/p>\n","protected":false},"featured_media":16507,"template":"","meta":[],"product_brand":[292],"product_cat":[297,15,293],"product_tag":[],"class_list":{"0":"post-16510","1":"product","2":"type-product","3":"status-publish","4":"has-post-thumbnail","6":"product_brand-air-jordan","7":"product_cat-air-jordan-5","8":"product_cat-all","9":"product_cat-sneakers","11":"first","12":"instock","13":"sale","14":"shipping-taxable","15":"purchasable","16":"product-type-variable"},"jetpack_sharing_enabled":true,"_links":{"self":[{"href":"https:\/\/muvluxe.com\/it\/wp-json\/wp\/v2\/product\/16510","targetHints":{"allow":["GET"]}}],"collection":[{"href":"https:\/\/muvluxe.com\/it\/wp-json\/wp\/v2\/product"}],"about":[{"href":"https:\/\/muvluxe.com\/it\/wp-json\/wp\/v2\/types\/product"}],"wp:featuredmedia":[{"embeddable":true,"href":"https:\/\/muvluxe.com\/it\/wp-json\/wp\/v2\/media\/16507"}],"wp:attachment":[{"href":"https:\/\/muvluxe.com\/it\/wp-json\/wp\/v2\/media?parent=16510"}],"wp:term":[{"taxonomy":"product_brand","embeddable":true,"href":"https:\/\/muvluxe.com\/it\/wp-json\/wp\/v2\/product_brand?post=16510"},{"taxonomy":"product_cat","embeddable":true,"href":"https:\/\/muvluxe.com\/it\/wp-json\/wp\/v2\/product_cat?post=16510"},{"taxonomy":"product_tag","embeddable":true,"href":"https:\/\/muvluxe.com\/it\/wp-json\/wp\/v2\/product_tag?post=16510"}],"curies":[{"name":"wp","href":"https:\/\/api.w.org\/{rel}","templated":true}]}}