{"id":16577,"date":"2025-07-12T15:45:25","date_gmt":"2025-07-12T15:45:25","guid":{"rendered":"https:\/\/muvluxe.com\/product\/unc\/"},"modified":"2025-10-15T12:57:17","modified_gmt":"2025-10-15T12:57:17","slug":"unc","status":"publish","type":"product","link":"https:\/\/muvluxe.com\/it\/prodotto\/unc\/","title":{"rendered":"UNC"},"content":{"rendered":"<div class=\"styles_head__ScAK7\">\n<p class=\"styles_design-body__aQY6y styles_grey-900__t6kc2\">\n<\/div>\n<div>\n<div class=\"styles_design-body__aQY6y styles_grey-500__LeHwk styles_panelBody__SU5lt styles_isFirstPanel__QgT2W\">\n<p><strong>Jordan Brand<\/strong>&nbsp;d\u00e9voile une nouvelle d\u00e9clinaison de la&nbsp;<strong>Air Jordan 5<\/strong>&nbsp;aux couleurs de l\u2019universit\u00e9 de&nbsp;<strong>North Carolina<\/strong>.<\/p>\n<p>La&nbsp;<strong>Air Jordan 5 UNC<\/strong>&nbsp;pr\u00e9sente un upper en&nbsp;<strong>nubuck bleu universit\u00e9<\/strong>&nbsp;en r\u00e9f\u00e9rence \u00e0 l\u2019ancienne universit\u00e9 de&nbsp;<strong>Michael Jordan<\/strong>&nbsp;situ\u00e9e \u00e0&nbsp;<strong>Chapel Hill<\/strong>. La fid\u00e8le&nbsp;<strong>cage en TPU<\/strong>&nbsp;est bien pr\u00e9sente dans son habit translucide en accord avec l\u2019outsole. Une midsole noire s\u2019accorde avec le branding sur le talon tandis que les&nbsp;<strong>dents de requin<\/strong>&nbsp;sur la semelle se pr\u00e9sentent dans une teinte blanche accompagn\u00e9e de taches bleues. Des inscriptions \u201c<strong>Heart<\/strong>\u201d et \u201c<strong>Soul<\/strong>\u201d \u00e0 l\u2019int\u00e9rieur des languettes concluent le tout.<\/p>\n<p><strong>La marque au Jumpman<\/strong>&nbsp;continue de rendre hommage aux universit\u00e9s am\u00e9ricaines et notamment celle de l\u2019ancien joueur des&nbsp;<strong>Chicago Bulls<\/strong>&nbsp;\u00e0 travers des silhouettes toujours r\u00e9ussies.<\/p>\n<\/div>\n<\/div>","protected":false},"excerpt":{"rendered":"<p>Jordan Brand&nbsp;d\u00e9voile une nouvelle d\u00e9clinaison de la&nbsp;Air Jordan 5&nbsp;aux couleurs de l\u2019universit\u00e9 de&nbsp;North Carolina. La&nbsp;Air Jordan 5 UNC&nbsp;pr\u00e9sente un upper en&nbsp;nubuck bleu universit\u00e9&nbsp;en r\u00e9f\u00e9rence \u00e0 l\u2019ancienne universit\u00e9 de&nbsp;Michael Jordan&nbsp;situ\u00e9e \u00e0&nbsp;Chapel Hill. La fid\u00e8le&nbsp;cage en TPU&nbsp;est bien pr\u00e9sente dans son habit translucide en accord avec l\u2019outsole. Une midsole noire s\u2019accorde avec le branding sur le talon [&hellip;]<\/p>\n","protected":false},"featured_media":16573,"template":"","meta":[],"product_brand":[292],"product_cat":[297,15,293],"product_tag":[],"class_list":{"0":"post-16577","1":"product","2":"type-product","3":"status-publish","4":"has-post-thumbnail","6":"product_brand-air-jordan","7":"product_cat-air-jordan-5","8":"product_cat-all","9":"product_cat-sneakers","11":"first","12":"instock","13":"sale","14":"shipping-taxable","15":"purchasable","16":"product-type-variable"},"jetpack_sharing_enabled":true,"_links":{"self":[{"href":"https:\/\/muvluxe.com\/it\/wp-json\/wp\/v2\/product\/16577","targetHints":{"allow":["GET"]}}],"collection":[{"href":"https:\/\/muvluxe.com\/it\/wp-json\/wp\/v2\/product"}],"about":[{"href":"https:\/\/muvluxe.com\/it\/wp-json\/wp\/v2\/types\/product"}],"wp:featuredmedia":[{"embeddable":true,"href":"https:\/\/muvluxe.com\/it\/wp-json\/wp\/v2\/media\/16573"}],"wp:attachment":[{"href":"https:\/\/muvluxe.com\/it\/wp-json\/wp\/v2\/media?parent=16577"}],"wp:term":[{"taxonomy":"product_brand","embeddable":true,"href":"https:\/\/muvluxe.com\/it\/wp-json\/wp\/v2\/product_brand?post=16577"},{"taxonomy":"product_cat","embeddable":true,"href":"https:\/\/muvluxe.com\/it\/wp-json\/wp\/v2\/product_cat?post=16577"},{"taxonomy":"product_tag","embeddable":true,"href":"https:\/\/muvluxe.com\/it\/wp-json\/wp\/v2\/product_tag?post=16577"}],"curies":[{"name":"wp","href":"https:\/\/api.w.org\/{rel}","templated":true}]}}