{"id":16692,"date":"2025-07-12T15:46:45","date_gmt":"2025-07-12T15:46:45","guid":{"rendered":"https:\/\/muvluxe.com\/product\/retro-alternate-grape\/"},"modified":"2025-10-15T12:55:54","modified_gmt":"2025-10-15T12:55:54","slug":"retro-alternate-grape","status":"publish","type":"product","link":"https:\/\/muvluxe.com\/it\/prodotto\/retro-alternate-grape\/","title":{"rendered":"Retro Alternate Grape"},"content":{"rendered":"<div class=\"styles_head__ScAK7\">\n<p>Il marchio Jumpman rivela un\u2019edizione direttamente ispirata alla <strong>Air Jordan 5 Grape<\/strong>, nota per essere l\u2019unica colorazione del modello che <strong>Michael Jordan<\/strong> non ha mai indossato in partita. Scopriamo cos\u00ec la <strong>Air Jordan 5 Alternate Grape<\/strong> in tonalit\u00e0 viola!<\/p>\n<p>La <strong>Air Jordan 5 Alternate Grape<\/strong> \u00e8 vestita con una base in <strong>pelle scamosciata viola<\/strong>, abbinata ad alcuni elementi <strong>neri<\/strong> su lacci, occhielli, suola e linguetta. Il design della scarpa \u00e8 completato da tocchi di <strong>azzurro turchese<\/strong> presenti sul logo Jordan, sul <strong>lace-lock<\/strong> e sulla parte intermedia della suola.<\/p>\n<p>Jordan Brand si ispira ai colori OG per immaginare nuove varianti che seguono le tendenze attuali, mantenendo al contempo l\u2019aspetto simbolico e senza tempo dei suoi modelli.<\/p>\n<\/div>","protected":false},"excerpt":{"rendered":"<p>Il marchio Jumpman rivela un\u2019edizione direttamente ispirata alla Air Jordan 5 Grape, nota per essere l\u2019unica colorazione del modello che Michael Jordan non ha mai indossato in partita. Scopriamo cos\u00ec la Air Jordan 5 Alternate Grape in tonalit\u00e0 viola! La Air Jordan 5 Alternate Grape \u00e8 vestita con una base in pelle scamosciata viola, abbinata [&hellip;]<\/p>\n","protected":false},"featured_media":16688,"template":"","meta":[],"product_brand":[292],"product_cat":[297,15,293],"product_tag":[],"class_list":{"0":"post-16692","1":"product","2":"type-product","3":"status-publish","4":"has-post-thumbnail","6":"product_brand-air-jordan","7":"product_cat-air-jordan-5","8":"product_cat-all","9":"product_cat-sneakers","11":"first","12":"instock","13":"sale","14":"shipping-taxable","15":"purchasable","16":"product-type-variable"},"jetpack_sharing_enabled":true,"_links":{"self":[{"href":"https:\/\/muvluxe.com\/it\/wp-json\/wp\/v2\/product\/16692","targetHints":{"allow":["GET"]}}],"collection":[{"href":"https:\/\/muvluxe.com\/it\/wp-json\/wp\/v2\/product"}],"about":[{"href":"https:\/\/muvluxe.com\/it\/wp-json\/wp\/v2\/types\/product"}],"wp:featuredmedia":[{"embeddable":true,"href":"https:\/\/muvluxe.com\/it\/wp-json\/wp\/v2\/media\/16688"}],"wp:attachment":[{"href":"https:\/\/muvluxe.com\/it\/wp-json\/wp\/v2\/media?parent=16692"}],"wp:term":[{"taxonomy":"product_brand","embeddable":true,"href":"https:\/\/muvluxe.com\/it\/wp-json\/wp\/v2\/product_brand?post=16692"},{"taxonomy":"product_cat","embeddable":true,"href":"https:\/\/muvluxe.com\/it\/wp-json\/wp\/v2\/product_cat?post=16692"},{"taxonomy":"product_tag","embeddable":true,"href":"https:\/\/muvluxe.com\/it\/wp-json\/wp\/v2\/product_tag?post=16692"}],"curies":[{"name":"wp","href":"https:\/\/api.w.org\/{rel}","templated":true}]}}