{"id":16958,"date":"2025-07-12T15:49:11","date_gmt":"2025-07-12T15:49:11","guid":{"rendered":"https:\/\/muvluxe.com\/product\/regal-pink-easter\/"},"modified":"2025-10-15T12:54:57","modified_gmt":"2025-10-15T12:54:57","slug":"regal-pink-easter","status":"publish","type":"product","link":"https:\/\/muvluxe.com\/it\/prodotto\/regal-pink-easter\/","title":{"rendered":"Regal Pink (Easter)"},"content":{"rendered":"<p>Pubblicato nel 1990, il&nbsp;<strong>Air Jordan 5<\/strong>&nbsp;\u00e8 diventata una delle silhouette&nbsp;<strong>Jordan Brand<\/strong>&nbsp;molto apprezzato dal pubblico. \u00c8 disponibile oggi in un colore che ricorda la Pasqua.<\/p>\n<p>L\u00e0&nbsp;<strong>Air Jordan 5 Retro Re -Regal Pink (Easter)<\/strong>&nbsp;Combina morbidezza e colore. Decorato con&nbsp;<strong>Pastoli toni<\/strong>, questa firma del Jumpman \u00e8 destinata a essere piena di primavera. Una&nbsp;<strong>Stelo svedese rose<\/strong>&nbsp;\u00e8 evidenziato da&nbsp;<strong>elementi blu\/verdi<\/strong>, come la gabbia TPU o gli occhielli. Delle&nbsp;<strong>dettagli riflettenti<\/strong>&nbsp;sulla lingua e a&nbsp;<strong>Suola fosforescente<\/strong>&nbsp;Affina tutto.<\/p>\n<p>Ispirato da un vecchio&nbsp;<strong>Combattente americano<\/strong>&nbsp;e la forza di sciopero di&nbsp;<strong>MJ<\/strong>, L\u00e0 Air Jordan 5 Mantiene un lifting.<\/p>","protected":false},"excerpt":{"rendered":"<p>Pubblicato nel 1990, il&nbsp;Air Jordan 5&nbsp;\u00e8 diventata una delle silhouette&nbsp;Jordan Brand&nbsp;molto apprezzato dal pubblico. \u00c8 disponibile oggi in un colore che ricorda la Pasqua. L\u00e0&nbsp;Air Jordan 5 Retro Re -Regal Pink (Easter)&nbsp;Combina morbidezza e colore. Decorato con&nbsp;Pastoli toni, questa firma del Jumpman \u00e8 destinata a essere piena di primavera. Una&nbsp;Stelo svedese rose&nbsp;\u00e8 evidenziato da&nbsp;elementi blu\/verdi, [&hellip;]<\/p>\n","protected":false},"featured_media":16955,"template":"","meta":[],"product_brand":[292],"product_cat":[297,15,293],"product_tag":[],"class_list":{"0":"post-16958","1":"product","2":"type-product","3":"status-publish","4":"has-post-thumbnail","6":"product_brand-air-jordan","7":"product_cat-air-jordan-5","8":"product_cat-all","9":"product_cat-sneakers","11":"first","12":"instock","13":"sale","14":"shipping-taxable","15":"purchasable","16":"product-type-variable"},"jetpack_sharing_enabled":true,"_links":{"self":[{"href":"https:\/\/muvluxe.com\/it\/wp-json\/wp\/v2\/product\/16958","targetHints":{"allow":["GET"]}}],"collection":[{"href":"https:\/\/muvluxe.com\/it\/wp-json\/wp\/v2\/product"}],"about":[{"href":"https:\/\/muvluxe.com\/it\/wp-json\/wp\/v2\/types\/product"}],"wp:featuredmedia":[{"embeddable":true,"href":"https:\/\/muvluxe.com\/it\/wp-json\/wp\/v2\/media\/16955"}],"wp:attachment":[{"href":"https:\/\/muvluxe.com\/it\/wp-json\/wp\/v2\/media?parent=16958"}],"wp:term":[{"taxonomy":"product_brand","embeddable":true,"href":"https:\/\/muvluxe.com\/it\/wp-json\/wp\/v2\/product_brand?post=16958"},{"taxonomy":"product_cat","embeddable":true,"href":"https:\/\/muvluxe.com\/it\/wp-json\/wp\/v2\/product_cat?post=16958"},{"taxonomy":"product_tag","embeddable":true,"href":"https:\/\/muvluxe.com\/it\/wp-json\/wp\/v2\/product_tag?post=16958"}],"curies":[{"name":"wp","href":"https:\/\/api.w.org\/{rel}","templated":true}]}}