{"id":17001,"date":"2025-07-12T15:49:30","date_gmt":"2025-07-12T15:49:30","guid":{"rendered":"https:\/\/muvluxe.com\/product\/retro-craft-light-orewood-brown\/"},"modified":"2025-10-15T12:54:56","modified_gmt":"2025-10-15T12:54:56","slug":"retro-craft-light-orewood-brown","status":"publish","type":"product","link":"https:\/\/muvluxe.com\/it\/prodotto\/retro-craft-light-orewood-brown\/","title":{"rendered":"Retro Craft Light Orewood Brown"},"content":{"rendered":"<p>Cinqui\u00e8me signature shoe de&nbsp;<strong>Michael Jordan<\/strong>, la&nbsp;<strong>Air Jordan 5<\/strong>&nbsp;est de retour dans une d\u00e9clinaison \u00e9pur\u00e9e.<\/p>\n<p>La&nbsp;<strong>Air Jordan 5 Retro SE Craft Light Orewood Brown<\/strong>&nbsp;pr\u00e9sente une base tige partag\u00e9e entre le&nbsp;<strong>daim<\/strong>&nbsp;et la&nbsp;<strong>toile<\/strong>&nbsp;dans un coloris beige. Une doublure orange, accord\u00e9e au&nbsp;<strong>Jumpman<\/strong>&nbsp;sur la languette, apporte une touche de couleur \u00e0 cette silhouette tandis qu\u2019une semelle blanche et grise conclut le tout.<\/p>","protected":false},"excerpt":{"rendered":"<p>Cinqui\u00e8me signature shoe de&nbsp;Michael Jordan, la&nbsp;Air Jordan 5&nbsp;est de retour dans une d\u00e9clinaison \u00e9pur\u00e9e. La&nbsp;Air Jordan 5 Retro SE Craft Light Orewood Brown&nbsp;pr\u00e9sente une base tige partag\u00e9e entre le&nbsp;daim&nbsp;et la&nbsp;toile&nbsp;dans un coloris beige. Une doublure orange, accord\u00e9e au&nbsp;Jumpman&nbsp;sur la languette, apporte une touche de couleur \u00e0 cette silhouette tandis qu\u2019une semelle blanche et grise conclut [&hellip;]<\/p>\n","protected":false},"featured_media":16998,"template":"","meta":[],"product_brand":[292],"product_cat":[297,15,293],"product_tag":[],"class_list":{"0":"post-17001","1":"product","2":"type-product","3":"status-publish","4":"has-post-thumbnail","6":"product_brand-air-jordan","7":"product_cat-air-jordan-5","8":"product_cat-all","9":"product_cat-sneakers","11":"first","12":"instock","13":"sale","14":"shipping-taxable","15":"purchasable","16":"product-type-variable"},"jetpack_sharing_enabled":true,"_links":{"self":[{"href":"https:\/\/muvluxe.com\/it\/wp-json\/wp\/v2\/product\/17001","targetHints":{"allow":["GET"]}}],"collection":[{"href":"https:\/\/muvluxe.com\/it\/wp-json\/wp\/v2\/product"}],"about":[{"href":"https:\/\/muvluxe.com\/it\/wp-json\/wp\/v2\/types\/product"}],"wp:featuredmedia":[{"embeddable":true,"href":"https:\/\/muvluxe.com\/it\/wp-json\/wp\/v2\/media\/16998"}],"wp:attachment":[{"href":"https:\/\/muvluxe.com\/it\/wp-json\/wp\/v2\/media?parent=17001"}],"wp:term":[{"taxonomy":"product_brand","embeddable":true,"href":"https:\/\/muvluxe.com\/it\/wp-json\/wp\/v2\/product_brand?post=17001"},{"taxonomy":"product_cat","embeddable":true,"href":"https:\/\/muvluxe.com\/it\/wp-json\/wp\/v2\/product_cat?post=17001"},{"taxonomy":"product_tag","embeddable":true,"href":"https:\/\/muvluxe.com\/it\/wp-json\/wp\/v2\/product_tag?post=17001"}],"curies":[{"name":"wp","href":"https:\/\/api.w.org\/{rel}","templated":true}]}}