{"id":17166,"date":"2025-07-12T16:00:07","date_gmt":"2025-07-12T16:00:07","guid":{"rendered":"https:\/\/muvluxe.com\/product\/dmp\/"},"modified":"2025-10-15T12:59:24","modified_gmt":"2025-10-15T12:59:24","slug":"dmp","status":"publish","type":"product","link":"https:\/\/muvluxe.com\/it\/prodotto\/dmp\/","title":{"rendered":"DMP"},"content":{"rendered":"<p>La marque au&nbsp;<strong>Jumpman<\/strong>&nbsp;revient avec une r\u00e9\u00e9dition de la Air Jordan 6 Retro DMP, initialement sortie en 2006 pour c\u00e9l\u00e9brer les trois victoire cons\u00e9cutives de Michael Jordan au championnat de la NBA.<\/p>\n<p>La&nbsp;<strong>Air Jordan 6 Retro DMP<\/strong>&nbsp;se pare d\u2019une tige en suede noire sublim\u00e9e par des empi\u00e8cements perfor\u00e9s ainsi que par quelques d\u00e9tails dor\u00e9s au niveau du Jumpman de la languette, de l\u2019inscription \u00ab&nbsp;<strong>23<\/strong>&nbsp;\u00bb, de la midsole et du tirant arri\u00e8re. Enfin, une outsole tricolore compl\u00e9t\u00e9e d\u2019une outsole icy viennent finaliser le design.<\/p>\n<p>Tr\u00e8s proche de la version&nbsp;<strong>OG<\/strong>, cette paire ravira sans doute les amateurs de sneakers et plus particuli\u00e8rement les admirateurs du Jumpman.<\/p>","protected":false},"excerpt":{"rendered":"<p>La marque au&nbsp;Jumpman&nbsp;revient avec une r\u00e9\u00e9dition de la Air Jordan 6 Retro DMP, initialement sortie en 2006 pour c\u00e9l\u00e9brer les trois victoire cons\u00e9cutives de Michael Jordan au championnat de la NBA. La&nbsp;Air Jordan 6 Retro DMP&nbsp;se pare d\u2019une tige en suede noire sublim\u00e9e par des empi\u00e8cements perfor\u00e9s ainsi que par quelques d\u00e9tails dor\u00e9s au niveau [&hellip;]<\/p>\n","protected":false},"featured_media":17162,"template":"","meta":[],"product_brand":[292],"product_cat":[298,15,293],"product_tag":[],"class_list":{"0":"post-17166","1":"product","2":"type-product","3":"status-publish","4":"has-post-thumbnail","6":"product_brand-air-jordan","7":"product_cat-air-jordan-6","8":"product_cat-all","9":"product_cat-sneakers","11":"first","12":"instock","13":"sale","14":"shipping-taxable","15":"purchasable","16":"product-type-variable"},"jetpack_sharing_enabled":true,"_links":{"self":[{"href":"https:\/\/muvluxe.com\/it\/wp-json\/wp\/v2\/product\/17166","targetHints":{"allow":["GET"]}}],"collection":[{"href":"https:\/\/muvluxe.com\/it\/wp-json\/wp\/v2\/product"}],"about":[{"href":"https:\/\/muvluxe.com\/it\/wp-json\/wp\/v2\/types\/product"}],"wp:featuredmedia":[{"embeddable":true,"href":"https:\/\/muvluxe.com\/it\/wp-json\/wp\/v2\/media\/17162"}],"wp:attachment":[{"href":"https:\/\/muvluxe.com\/it\/wp-json\/wp\/v2\/media?parent=17166"}],"wp:term":[{"taxonomy":"product_brand","embeddable":true,"href":"https:\/\/muvluxe.com\/it\/wp-json\/wp\/v2\/product_brand?post=17166"},{"taxonomy":"product_cat","embeddable":true,"href":"https:\/\/muvluxe.com\/it\/wp-json\/wp\/v2\/product_cat?post=17166"},{"taxonomy":"product_tag","embeddable":true,"href":"https:\/\/muvluxe.com\/it\/wp-json\/wp\/v2\/product_tag?post=17166"}],"curies":[{"name":"wp","href":"https:\/\/api.w.org\/{rel}","templated":true}]}}