{"id":17189,"date":"2025-07-12T16:00:25","date_gmt":"2025-07-12T16:00:25","guid":{"rendered":"https:\/\/muvluxe.com\/product\/electric-green\/"},"modified":"2025-10-15T12:59:24","modified_gmt":"2025-10-15T12:59:24","slug":"electric-green","status":"publish","type":"product","link":"https:\/\/muvluxe.com\/it\/prodotto\/electric-green\/","title":{"rendered":"Electric Green"},"content":{"rendered":"<p>Se la Air Jordan 6 \u00e8 una silhouette emblematica del brand, \u00e8 perch\u00e9 Michael Jordan la indossava nel 1991, anno in cui vinse il suo primo titolo mondiale NBA.<\/p>\n<p>Le Air Jordan 6 Retro Electric Green presentano un design originale ispirato alla Jordan 5, in particolare per la presenza della suola icy. Questa versione, per\u00f2, \u00e8 pi\u00f9 leggera e sottile, ed \u00e8 composta principalmente da suede. Per quanto riguarda la colorazione, la base nera \u00e8 arricchita da accenti fluorescenti sulla linguetta. La tonalit\u00e0 verde elettrico compare anche sull\u2019intersuola, accompagnata da una outsole fosforescente.<\/p>\n<p>Questa versione inedita sapr\u00e0 conquistare sia i fan di lunga data sia i nuovi appassionati dell\u2019iconica silhouette da basket anni \u201990!<\/p>","protected":false},"excerpt":{"rendered":"<p>Se la Air Jordan 6 \u00e8 una silhouette emblematica del brand, \u00e8 perch\u00e9 Michael Jordan la indossava nel 1991, anno in cui vinse il suo primo titolo mondiale NBA. Le Air Jordan 6 Retro Electric Green presentano un design originale ispirato alla Jordan 5, in particolare per la presenza della suola icy. Questa versione, per\u00f2, [&hellip;]<\/p>\n","protected":false},"featured_media":17185,"template":"","meta":[],"product_brand":[292],"product_cat":[298,15,293],"product_tag":[],"class_list":{"0":"post-17189","1":"product","2":"type-product","3":"status-publish","4":"has-post-thumbnail","6":"product_brand-air-jordan","7":"product_cat-air-jordan-6","8":"product_cat-all","9":"product_cat-sneakers","11":"first","12":"instock","13":"sale","14":"shipping-taxable","15":"purchasable","16":"product-type-variable"},"jetpack_sharing_enabled":true,"_links":{"self":[{"href":"https:\/\/muvluxe.com\/it\/wp-json\/wp\/v2\/product\/17189","targetHints":{"allow":["GET"]}}],"collection":[{"href":"https:\/\/muvluxe.com\/it\/wp-json\/wp\/v2\/product"}],"about":[{"href":"https:\/\/muvluxe.com\/it\/wp-json\/wp\/v2\/types\/product"}],"wp:featuredmedia":[{"embeddable":true,"href":"https:\/\/muvluxe.com\/it\/wp-json\/wp\/v2\/media\/17185"}],"wp:attachment":[{"href":"https:\/\/muvluxe.com\/it\/wp-json\/wp\/v2\/media?parent=17189"}],"wp:term":[{"taxonomy":"product_brand","embeddable":true,"href":"https:\/\/muvluxe.com\/it\/wp-json\/wp\/v2\/product_brand?post=17189"},{"taxonomy":"product_cat","embeddable":true,"href":"https:\/\/muvluxe.com\/it\/wp-json\/wp\/v2\/product_cat?post=17189"},{"taxonomy":"product_tag","embeddable":true,"href":"https:\/\/muvluxe.com\/it\/wp-json\/wp\/v2\/product_tag?post=17189"}],"curies":[{"name":"wp","href":"https:\/\/api.w.org\/{rel}","templated":true}]}}