{"id":17302,"date":"2025-07-12T16:17:12","date_gmt":"2025-07-12T16:17:12","guid":{"rendered":"https:\/\/muvluxe.com\/product\/quai-54-sail-black\/"},"modified":"2025-10-15T12:59:20","modified_gmt":"2025-10-15T12:59:20","slug":"quai-54-sail-black","status":"publish","type":"product","link":"https:\/\/muvluxe.com\/it\/prodotto\/quai-54-sail-black\/","title":{"rendered":"Quai 54 Sail Black"},"content":{"rendered":"<p>Pour le Quai 54 2020, le tournoi parisien annuel de basketball, la Jordan Brand d\u00e9voile la Air Jordan 6 Retro Quai 54 Sail Black (2020).<\/p>\n<p>La&nbsp;<strong>Air Jordan 6 Retro Quai 54 Sail Black (2020)<\/strong>&nbsp;se pare d\u2019une base en cuir beige. Le quarter panel opte quant \u00e0 lui pour des motifs noirs et violets et orange inspir\u00e9s des motifs bogolans traditionnels d\u2019Afrique de l\u2019Ouest. Un lace-lock violet, des tag sur les languettes et une semelle bicolore ajoutent du d\u00e9tail. Enfin, on remarque un branding Nike Air pour le talon gauche et un logo Quai 54 pour celui de droite qui finalisent le design.<\/p>\n<p>M\u00eame si l\u2019\u00e9dition 2020 du Quai 54 a du \u00eatre annul\u00e9e, la collection \u00e9galement compos\u00e9e d\u2019une version&nbsp;<strong>Sail Brown<\/strong>&nbsp;de la Jordan 6, une&nbsp;<strong>Air Jordan 1 Low Quai 54 (2020)<\/strong>&nbsp;et de quelques items&nbsp;<strong>streetwear<\/strong>&nbsp;reste n\u00e9anmoins disponible pour se consoler.<\/p>","protected":false},"excerpt":{"rendered":"<p>Pour le Quai 54 2020, le tournoi parisien annuel de basketball, la Jordan Brand d\u00e9voile la Air Jordan 6 Retro Quai 54 Sail Black (2020). La&nbsp;Air Jordan 6 Retro Quai 54 Sail Black (2020)&nbsp;se pare d\u2019une base en cuir beige. Le quarter panel opte quant \u00e0 lui pour des motifs noirs et violets et orange [&hellip;]<\/p>\n","protected":false},"featured_media":17298,"template":"","meta":[],"product_brand":[292],"product_cat":[298,15,293],"product_tag":[],"class_list":{"0":"post-17302","1":"product","2":"type-product","3":"status-publish","4":"has-post-thumbnail","6":"product_brand-air-jordan","7":"product_cat-air-jordan-6","8":"product_cat-all","9":"product_cat-sneakers","11":"first","12":"instock","13":"sale","14":"shipping-taxable","15":"purchasable","16":"product-type-variable"},"jetpack_sharing_enabled":true,"_links":{"self":[{"href":"https:\/\/muvluxe.com\/it\/wp-json\/wp\/v2\/product\/17302","targetHints":{"allow":["GET"]}}],"collection":[{"href":"https:\/\/muvluxe.com\/it\/wp-json\/wp\/v2\/product"}],"about":[{"href":"https:\/\/muvluxe.com\/it\/wp-json\/wp\/v2\/types\/product"}],"wp:featuredmedia":[{"embeddable":true,"href":"https:\/\/muvluxe.com\/it\/wp-json\/wp\/v2\/media\/17298"}],"wp:attachment":[{"href":"https:\/\/muvluxe.com\/it\/wp-json\/wp\/v2\/media?parent=17302"}],"wp:term":[{"taxonomy":"product_brand","embeddable":true,"href":"https:\/\/muvluxe.com\/it\/wp-json\/wp\/v2\/product_brand?post=17302"},{"taxonomy":"product_cat","embeddable":true,"href":"https:\/\/muvluxe.com\/it\/wp-json\/wp\/v2\/product_cat?post=17302"},{"taxonomy":"product_tag","embeddable":true,"href":"https:\/\/muvluxe.com\/it\/wp-json\/wp\/v2\/product_tag?post=17302"}],"curies":[{"name":"wp","href":"https:\/\/api.w.org\/{rel}","templated":true}]}}