{"id":17349,"date":"2025-07-14T11:37:58","date_gmt":"2025-07-14T11:37:58","guid":{"rendered":"https:\/\/muvluxe.com\/product\/washed-denim-2\/"},"modified":"2025-10-15T12:59:19","modified_gmt":"2025-10-15T12:59:19","slug":"washed-denim-2","status":"publish","type":"product","link":"https:\/\/muvluxe.com\/it\/prodotto\/washed-denim-2\/","title":{"rendered":"Washed Denim"},"content":{"rendered":"<div>\n<p>La marque au&nbsp;<strong>Jumpman<\/strong>&nbsp;revient avec une nouvelle Air Jordan 6 dans une version denim faisant \u00e9cho aux deux it\u00e9rations de&nbsp;<strong>Air Jordan 4<\/strong>&nbsp;en collaboration avec Levi\u2019s.<\/p>\n<p>La&nbsp;<strong>Air Jordan 6 Retro Washed Denim<\/strong>&nbsp;pr\u00e9sente une base constitu\u00e9e d\u2019empi\u00e8cements alternant trois coloris de denim. On retrouve un patch en cuir marron recouvrant une partie des lacets agr\u00e9ment\u00e9 d\u2019une languette ajour\u00e9e, d\u2019un Jumpman au talon et de lacets noirs. Le tout est finalis\u00e9 par une semelle noire et blanche dot\u00e9e d\u2019une unit\u00e9 AIR.<\/p>\n<p>Avec son design travaill\u00e9 cette paire se place comme la pi\u00e8ce ma\u00eetresse des outfits les plus simples pour le plus grand bonheur des amateurs de sneakers.<\/p>\n<\/div>","protected":false},"excerpt":{"rendered":"<p>La marque au&nbsp;Jumpman&nbsp;revient avec une nouvelle Air Jordan 6 dans une version denim faisant \u00e9cho aux deux it\u00e9rations de&nbsp;Air Jordan 4&nbsp;en collaboration avec Levi\u2019s. La&nbsp;Air Jordan 6 Retro Washed Denim&nbsp;pr\u00e9sente une base constitu\u00e9e d\u2019empi\u00e8cements alternant trois coloris de denim. On retrouve un patch en cuir marron recouvrant une partie des lacets agr\u00e9ment\u00e9 d\u2019une languette ajour\u00e9e, [&hellip;]<\/p>\n","protected":false},"featured_media":17345,"template":"","meta":[],"product_brand":[292],"product_cat":[298,15,293],"product_tag":[],"class_list":{"0":"post-17349","1":"product","2":"type-product","3":"status-publish","4":"has-post-thumbnail","6":"product_brand-air-jordan","7":"product_cat-air-jordan-6","8":"product_cat-all","9":"product_cat-sneakers","11":"first","12":"instock","13":"sale","14":"shipping-taxable","15":"purchasable","16":"product-type-variable"},"jetpack_sharing_enabled":true,"_links":{"self":[{"href":"https:\/\/muvluxe.com\/it\/wp-json\/wp\/v2\/product\/17349","targetHints":{"allow":["GET"]}}],"collection":[{"href":"https:\/\/muvluxe.com\/it\/wp-json\/wp\/v2\/product"}],"about":[{"href":"https:\/\/muvluxe.com\/it\/wp-json\/wp\/v2\/types\/product"}],"wp:featuredmedia":[{"embeddable":true,"href":"https:\/\/muvluxe.com\/it\/wp-json\/wp\/v2\/media\/17345"}],"wp:attachment":[{"href":"https:\/\/muvluxe.com\/it\/wp-json\/wp\/v2\/media?parent=17349"}],"wp:term":[{"taxonomy":"product_brand","embeddable":true,"href":"https:\/\/muvluxe.com\/it\/wp-json\/wp\/v2\/product_brand?post=17349"},{"taxonomy":"product_cat","embeddable":true,"href":"https:\/\/muvluxe.com\/it\/wp-json\/wp\/v2\/product_cat?post=17349"},{"taxonomy":"product_tag","embeddable":true,"href":"https:\/\/muvluxe.com\/it\/wp-json\/wp\/v2\/product_tag?post=17349"}],"curies":[{"name":"wp","href":"https:\/\/api.w.org\/{rel}","templated":true}]}}